{"id":373,"date":"2023-02-21T22:29:14","date_gmt":"2023-02-21T22:29:14","guid":{"rendered":"https:\/\/www.lecamaleon.com\/?page_id=373"},"modified":"2023-11-07T11:01:06","modified_gmt":"2023-11-07T11:01:06","slug":"termos-e-condicoes","status":"publish","type":"page","link":"https:\/\/www.lecamaleon.com\/en\/termos-e-condicoes\/","title":{"rendered":"Terms and Conditions"},"content":{"rendered":"<p><\/p>\n\n\n\n<p class=\"justifica\">The use of the website by third parties implies acceptance of these Terms and Conditions of Use (\"TCU\") by its Users.<\/p>\n\n\n\n<p class=\"justifica\">O Site LeCamaleon \u00e9 propriedade da Medida Extraordin\u00e1ria &#8211; Unipessoal Lda, com sede na Rua 6 de Outubro, N\u00ba 255 4730-583 Vila Verde , pessoa coletiva n\u00b0 510 073 620, que \u00e9 tamb\u00e9m o seu n\u00famero de matr\u00edcula na Conservat\u00f3ria do Registo Comercial\u00a0de\u00a0Braga.<\/p>\n\n\n\n<ol class=\"wp-block-list\" type=\"1\">\n<li class=\"justifica\"><strong>Access to the lecamaleon.com.<\/strong> | The owner may, at any time, prohibit access to third parties, particularly for repair or maintenance purposes. In addition, LeCamaleon<strong> <\/strong>reserves the right to close the website at any time in the event of any circumstance which, in its opinion, justifies the action.<\/li>\n\n\n\n<li class=\"justifica\"><strong>Intellectual Property Rights<\/strong>&nbsp;| LeCamaleon owns the copyright to all texts, drawings, images, graphics and other content on the website. Users are not authorised to reproduce, copy, alter, sell or use these elements without first obtaining the necessary written authorisation from LeCamaleon.<\/li>\n\n\n\n<li class=\"justifica\"><strong>Privacy and processing of personal data<\/strong> | To create an account, users will always be asked for an e-mail address and password. It is the user's responsibility to keep these details in a safe place and to change them if there are signs of misuse of the account by unauthorised third parties. Likewise, if the personal data or information provided by users changes, it will be the user's responsibility to update this information. Without prejudice, the privacy of site users is a particular concern for LeCamaleon<strong>.<\/strong>&nbsp;To this end, we have approved a Privacy Policy setting out the general principles applicable to the collection and processing of personal data, which we will strictly comply with.<\/li>\n\n\n\n<li class=\"justifica\"><strong>Suggestions and complaints<\/strong>\u00a0| Should users have any questions regarding these TCU, the following contact details may be used:\u00a0<a href=\"mailto:info@lecamaleon.com\">info@lecamaleon.com<\/a> ou telefone n. <a href=\"tel:+351253110825\">+351 253 110 825<\/a><\/li>\n<\/ol>\n\n\n\n<hr class=\"wp-block-separator has-alpha-channel-opacity\"\/>\n\n\n\n<h2 class=\"wp-block-heading\"><strong>Alternative Resolution of Consumer Disputes<\/strong><\/h2>\n\n\n\n<p class=\"justifica\"><strong>In compliance with law no. 144\/2015 of 8 September<\/strong>, we would like to inform our clients that in the event of a dispute, they may resort to an arbitration centre to resolve it:<\/p>\n\n\n\n<h4 class=\"wp-block-heading\">What does alternative dispute resolution consist of?<\/h4>\n\n\n\n<p class=\"justifica\">This resolution is a faster and often more efficient way for consumers to get help from official organisations that help resolve problems, thus avoiding recourse to the courts. These organisations act as mediators between the company and the consumer with a view to resolving the conflict. Resolution by this means is also usually cheaper than going to court.<\/p>\n\n\n\n<p class=\"justifica\">We therefore inform our customers who wish to exercise their right to complain that they have official and impartial means at their disposal to resolve the issue(s) under discussion.<\/p>\n\n\n\n<h4 class=\"wp-block-heading\">Official website of the European Union<\/h4>\n\n\n\n<p class=\"justifica\">The European Union has developed an online site for consumers to complain about possible disputes with companies.<\/p>\n\n\n\n<p class=\"justifica\">If you don't like our proposals for resolving the problem under discussion, you can go to the following website:&nbsp;<a href=\"https:\/\/ec.europa.eu\/consumers\/odr\/main\/index.cfm?event=main.home2.show&amp;lng=PT\" target=\"_blank\" rel=\"noreferrer noopener\">https:\/\/ec.europa.eu\/consumers\/odr\/main\/index.cfm?event=main.home2.show&amp;lng=PT<\/a><\/p>\n\n\n\n<p>Or<\/p>\n\n\n\n<h4 class=\"wp-block-heading\">Suggestions for Alternative Dispute Resolution Organisations<\/h4>\n\n\n\n<p>CICAP \u2013 Tribunal Arbitral de Consumo<br><a href=\"http:\/\/www.cicap.pt\/\" target=\"_blank\" rel=\"noreferrer noopener\">http:\/\/www.cicap.pt<\/a><\/p>\n\n\n\n<p>CNIACC \u2013 Centro Nacional de Informa\u00e7\u00e3o e Arbitragem de Conflitos de Consumo<br><a href=\"http:\/\/www.arbitragemdeconsumo.org\/\" target=\"_blank\" rel=\"noreferrer noopener\">http:\/\/www.arbitragemdeconsumo.org\/<\/a><\/p>\n\n\n\n<p>Centro de Arbitragem de Conflitos de Consumo de Lisboa<br><a href=\"http:\/\/www.centroarbitragemlisboa.pt\/\">http:\/\/www.centroarbitragemlisboa.pt\/<\/a><\/p>\n\n\n\n<p>Centro de Arbitragem de Conflitos de Consumo do Vale do Ave\/Tribunal Arbitral<br><a href=\"http:\/\/www.triave.pt\/\" target=\"_blank\" rel=\"noreferrer noopener\">http:\/\/www.triave.pt\/<\/a><\/p>\n\n\n\n<p>CIAB \u2013 Centro de Informa\u00e7\u00e3o, Media\u00e7\u00e3o e Arbitragem de Consumo (Tribunal Arbitral de Consumo)<br><a href=\"http:\/\/www.ciab.pt\/pt\/\" target=\"_blank\" rel=\"noreferrer noopener\">http:\/\/www.ciab.pt\/pt\/<\/a><\/p>\n\n\n\n<p>CIMPAS \u2013 Centro de Informa\u00e7\u00e3o, Media\u00e7\u00e3o e Provedoria de Seguros<br><a href=\"https:\/\/www.cimpas.pt\/\" target=\"_blank\" rel=\"noreferrer noopener\">https:\/\/www.cimpas.pt\/<\/a><\/p>\n\n\n\n<p>For more information, please also visit the  Consumer Portal<br><a href=\"http:\/\/www.consumidor.pt\/\" target=\"_blank\" rel=\"noreferrer noopener\">http:\/\/www.consumidor.pt<\/a><\/p>","protected":false},"excerpt":{"rendered":"<p>A utiliza\u00e7\u00e3o do site por terceiros implica, desde j\u00e1, a aceita\u00e7\u00e3o dos presentes Termos e Condi\u00e7\u00f5es de Utiliza\u00e7\u00e3o (\u201cTCU\u201d) pelos seus Utilizadores. O Site LeCamaleon \u00e9 propriedade da Medida Extraordin\u00e1ria &#8211; Unipessoal Lda, com sede na Rua 6 de Outubro, N\u00ba 255 4730-583 Vila Verde , pessoa coletiva n\u00b0 510 073 620, que \u00e9 tamb\u00e9m [&hellip;]<\/p>\n","protected":false},"author":1,"featured_media":0,"parent":0,"menu_order":0,"comment_status":"closed","ping_status":"closed","template":"","meta":{"ocean_post_layout":"","ocean_both_sidebars_style":"","ocean_both_sidebars_content_width":0,"ocean_both_sidebars_sidebars_width":0,"ocean_sidebar":"0","ocean_second_sidebar":"0","ocean_disable_margins":"enable","ocean_add_body_class":"","ocean_shortcode_before_top_bar":"","ocean_shortcode_after_top_bar":"","ocean_shortcode_before_header":"","ocean_shortcode_after_header":"","ocean_has_shortcode":"","ocean_shortcode_after_title":"","ocean_shortcode_before_footer_widgets":"","ocean_shortcode_after_footer_widgets":"","ocean_shortcode_before_footer_bottom":"","ocean_shortcode_after_footer_bottom":"","ocean_display_top_bar":"default","ocean_display_header":"default","ocean_header_style":"","ocean_center_header_left_menu":"0","ocean_custom_header_template":"0","ocean_custom_logo":0,"ocean_custom_retina_logo":0,"ocean_custom_logo_max_width":0,"ocean_custom_logo_tablet_max_width":0,"ocean_custom_logo_mobile_max_width":0,"ocean_custom_logo_max_height":0,"ocean_custom_logo_tablet_max_height":0,"ocean_custom_logo_mobile_max_height":0,"ocean_header_custom_menu":"0","ocean_menu_typo_font_family":"0","ocean_menu_typo_font_subset":"","ocean_menu_typo_font_size":0,"ocean_menu_typo_font_size_tablet":0,"ocean_menu_typo_font_size_mobile":0,"ocean_menu_typo_font_size_unit":"px","ocean_menu_typo_font_weight":"","ocean_menu_typo_font_weight_tablet":"","ocean_menu_typo_font_weight_mobile":"","ocean_menu_typo_transform":"","ocean_menu_typo_transform_tablet":"","ocean_menu_typo_transform_mobile":"","ocean_menu_typo_line_height":0,"ocean_menu_typo_line_height_tablet":0,"ocean_menu_typo_line_height_mobile":0,"ocean_menu_typo_line_height_unit":"","ocean_menu_typo_spacing":0,"ocean_menu_typo_spacing_tablet":0,"ocean_menu_typo_spacing_mobile":0,"ocean_menu_typo_spacing_unit":"","ocean_menu_link_color":"","ocean_menu_link_color_hover":"","ocean_menu_link_color_active":"","ocean_menu_link_background":"","ocean_menu_link_hover_background":"","ocean_menu_link_active_background":"","ocean_menu_social_links_bg":"","ocean_menu_social_hover_links_bg":"","ocean_menu_social_links_color":"","ocean_menu_social_hover_links_color":"","ocean_disable_title":"default","ocean_disable_heading":"default","ocean_post_title":"","ocean_post_subheading":"","ocean_post_title_style":"","ocean_post_title_background_color":"","ocean_post_title_background":0,"ocean_post_title_bg_image_position":"","ocean_post_title_bg_image_attachment":"","ocean_post_title_bg_image_repeat":"","ocean_post_title_bg_image_size":"","ocean_post_title_height":0,"ocean_post_title_bg_overlay":0.5,"ocean_post_title_bg_overlay_color":"","ocean_disable_breadcrumbs":"default","ocean_breadcrumbs_color":"","ocean_breadcrumbs_separator_color":"","ocean_breadcrumbs_links_color":"","ocean_breadcrumbs_links_hover_color":"","ocean_display_footer_widgets":"default","ocean_display_footer_bottom":"default","ocean_custom_footer_template":"0","footnotes":""},"class_list":["post-373","page","type-page","status-publish","hentry","entry","owp-thumbs-layout-horizontal","owp-btn-normal","owp-tabs-layout-horizontal","has-no-thumbnails","has-product-nav"],"yoast_head":"<!-- This site is optimized with the Yoast SEO plugin v27.6 - https:\/\/yoast.com\/product\/yoast-seo-wordpress\/ -->\n<title>Termos e Condi\u00e7\u00f5es | Lecamaleon<\/title>\n<meta name=\"robots\" content=\"index, follow, max-snippet:-1, max-image-preview:large, max-video-preview:-1\" \/>\n<link rel=\"canonical\" href=\"https:\/\/www.lecamaleon.com\/en\/termos-e-condicoes\/\" \/>\n<meta property=\"og:locale\" content=\"en_GB\" \/>\n<meta property=\"og:type\" content=\"article\" \/>\n<meta property=\"og:title\" content=\"Termos e Condi\u00e7\u00f5es | Lecamaleon\" \/>\n<meta property=\"og:description\" content=\"A utiliza\u00e7\u00e3o do site por terceiros implica, desde j\u00e1, a aceita\u00e7\u00e3o dos presentes Termos e Condi\u00e7\u00f5es de Utiliza\u00e7\u00e3o (\u201cTCU\u201d) pelos seus Utilizadores. O Site LeCamaleon \u00e9 propriedade da Medida Extraordin\u00e1ria &#8211; Unipessoal Lda, com sede na Rua 6 de Outubro, N\u00ba 255 4730-583 Vila Verde , pessoa coletiva n\u00b0 510 073 620, que \u00e9 tamb\u00e9m [&hellip;]\" \/>\n<meta property=\"og:url\" content=\"https:\/\/www.lecamaleon.com\/en\/termos-e-condicoes\/\" \/>\n<meta property=\"og:site_name\" content=\"Lecamaleon\" \/>\n<meta property=\"article:publisher\" content=\"https:\/\/www.facebook.com\/lecamaleon\" \/>\n<meta property=\"article:modified_time\" content=\"2023-11-07T11:01:06+00:00\" \/>\n<meta property=\"og:image\" content=\"https:\/\/www.lecamaleon.com\/wp-content\/uploads\/2023\/05\/lecamaleon-yost.jpg\" \/>\n\t<meta property=\"og:image:width\" content=\"1200\" \/>\n\t<meta property=\"og:image:height\" content=\"675\" \/>\n\t<meta property=\"og:image:type\" content=\"image\/jpeg\" \/>\n<meta name=\"twitter:card\" content=\"summary_large_image\" \/>\n<meta name=\"twitter:label1\" content=\"Estimated reading time\" \/>\n\t<meta name=\"twitter:data1\" content=\"4 minutes\" \/>\n<script type=\"application\/ld+json\" class=\"yoast-schema-graph\">{\"@context\":\"https:\\\/\\\/schema.org\",\"@graph\":[{\"@type\":\"WebPage\",\"@id\":\"https:\\\/\\\/www.lecamaleon.com\\\/termos-e-condicoes\\\/\",\"url\":\"https:\\\/\\\/www.lecamaleon.com\\\/termos-e-condicoes\\\/\",\"name\":\"Termos e Condi\u00e7\u00f5es | Lecamaleon\",\"isPartOf\":{\"@id\":\"https:\\\/\\\/www.lecamaleon.com\\\/#website\"},\"datePublished\":\"2023-02-21T22:29:14+00:00\",\"dateModified\":\"2023-11-07T11:01:06+00:00\",\"breadcrumb\":{\"@id\":\"https:\\\/\\\/www.lecamaleon.com\\\/termos-e-condicoes\\\/#breadcrumb\"},\"inLanguage\":\"en-GB\",\"potentialAction\":[{\"@type\":\"ReadAction\",\"target\":[\"https:\\\/\\\/www.lecamaleon.com\\\/termos-e-condicoes\\\/\"]}]},{\"@type\":\"BreadcrumbList\",\"@id\":\"https:\\\/\\\/www.lecamaleon.com\\\/termos-e-condicoes\\\/#breadcrumb\",\"itemListElement\":[{\"@type\":\"ListItem\",\"position\":1,\"name\":\"In\u00edcio\",\"item\":\"https:\\\/\\\/www.lecamaleon.com\\\/\"},{\"@type\":\"ListItem\",\"position\":2,\"name\":\"Termos e Condi\u00e7\u00f5es\"}]},{\"@type\":\"WebSite\",\"@id\":\"https:\\\/\\\/www.lecamaleon.com\\\/#website\",\"url\":\"https:\\\/\\\/www.lecamaleon.com\\\/\",\"name\":\"Lecamaleon.com\",\"description\":\"Loja online de t\u00eaxtil-lar com produtos fabricados em Portugal aos melhores pre\u00e7os: edred\u00f5es, almofadas de dormir, len\u00e7\u00f3is de linho, len\u00e7\u00f3is de cetim e mais.\",\"publisher\":{\"@id\":\"https:\\\/\\\/www.lecamaleon.com\\\/#organization\"},\"alternateName\":\"LeCamaleon\",\"potentialAction\":[{\"@type\":\"SearchAction\",\"target\":{\"@type\":\"EntryPoint\",\"urlTemplate\":\"https:\\\/\\\/www.lecamaleon.com\\\/?s={search_term_string}\"},\"query-input\":{\"@type\":\"PropertyValueSpecification\",\"valueRequired\":true,\"valueName\":\"search_term_string\"}}],\"inLanguage\":\"en-GB\"},{\"@type\":\"Organization\",\"@id\":\"https:\\\/\\\/www.lecamaleon.com\\\/#organization\",\"name\":\"Lecamaleon.com\",\"url\":\"https:\\\/\\\/www.lecamaleon.com\\\/\",\"logo\":{\"@type\":\"ImageObject\",\"inLanguage\":\"en-GB\",\"@id\":\"https:\\\/\\\/www.lecamaleon.com\\\/#\\\/schema\\\/logo\\\/image\\\/\",\"url\":\"https:\\\/\\\/www.lecamaleon.com\\\/wp-content\\\/uploads\\\/2023\\\/02\\\/cropped-Logo-512x512-1.png\",\"contentUrl\":\"https:\\\/\\\/www.lecamaleon.com\\\/wp-content\\\/uploads\\\/2023\\\/02\\\/cropped-Logo-512x512-1.png\",\"width\":512,\"height\":512,\"caption\":\"Lecamaleon.com\"},\"image\":{\"@id\":\"https:\\\/\\\/www.lecamaleon.com\\\/#\\\/schema\\\/logo\\\/image\\\/\"},\"sameAs\":[\"https:\\\/\\\/www.facebook.com\\\/lecamaleon\",\"https:\\\/\\\/www.instagram.com\\\/le.camaleon\\\/\",\"https:\\\/\\\/www.threads.net\\\/@le.camaleon\"]}]}<\/script>\n<!-- \/ Yoast SEO plugin. -->","yoast_head_json":{"title":"Termos e Condi\u00e7\u00f5es | Lecamaleon","robots":{"index":"index","follow":"follow","max-snippet":"max-snippet:-1","max-image-preview":"max-image-preview:large","max-video-preview":"max-video-preview:-1"},"canonical":"https:\/\/www.lecamaleon.com\/en\/termos-e-condicoes\/","og_locale":"en_GB","og_type":"article","og_title":"Termos e Condi\u00e7\u00f5es | Lecamaleon","og_description":"A utiliza\u00e7\u00e3o do site por terceiros implica, desde j\u00e1, a aceita\u00e7\u00e3o dos presentes Termos e Condi\u00e7\u00f5es de Utiliza\u00e7\u00e3o (\u201cTCU\u201d) pelos seus Utilizadores. O Site LeCamaleon \u00e9 propriedade da Medida Extraordin\u00e1ria &#8211; Unipessoal Lda, com sede na Rua 6 de Outubro, N\u00ba 255 4730-583 Vila Verde , pessoa coletiva n\u00b0 510 073 620, que \u00e9 tamb\u00e9m [&hellip;]","og_url":"https:\/\/www.lecamaleon.com\/en\/termos-e-condicoes\/","og_site_name":"Lecamaleon","article_publisher":"https:\/\/www.facebook.com\/lecamaleon","article_modified_time":"2023-11-07T11:01:06+00:00","og_image":[{"width":1200,"height":675,"url":"https:\/\/www.lecamaleon.com\/wp-content\/uploads\/2023\/05\/lecamaleon-yost.jpg","type":"image\/jpeg"}],"twitter_card":"summary_large_image","twitter_misc":{"Estimated reading time":"4 minutes"},"schema":{"@context":"https:\/\/schema.org","@graph":[{"@type":"WebPage","@id":"https:\/\/www.lecamaleon.com\/termos-e-condicoes\/","url":"https:\/\/www.lecamaleon.com\/termos-e-condicoes\/","name":"Termos e Condi\u00e7\u00f5es | Lecamaleon","isPartOf":{"@id":"https:\/\/www.lecamaleon.com\/#website"},"datePublished":"2023-02-21T22:29:14+00:00","dateModified":"2023-11-07T11:01:06+00:00","breadcrumb":{"@id":"https:\/\/www.lecamaleon.com\/termos-e-condicoes\/#breadcrumb"},"inLanguage":"en-GB","potentialAction":[{"@type":"ReadAction","target":["https:\/\/www.lecamaleon.com\/termos-e-condicoes\/"]}]},{"@type":"BreadcrumbList","@id":"https:\/\/www.lecamaleon.com\/termos-e-condicoes\/#breadcrumb","itemListElement":[{"@type":"ListItem","position":1,"name":"In\u00edcio","item":"https:\/\/www.lecamaleon.com\/"},{"@type":"ListItem","position":2,"name":"Termos e Condi\u00e7\u00f5es"}]},{"@type":"WebSite","@id":"https:\/\/www.lecamaleon.com\/#website","url":"https:\/\/www.lecamaleon.com\/","name":"Lecamaleon.com","description":"Loja online de t\u00eaxtil-lar com produtos fabricados em Portugal aos melhores pre\u00e7os: edred\u00f5es, almofadas de dormir, len\u00e7\u00f3is de linho, len\u00e7\u00f3is de cetim e mais.","publisher":{"@id":"https:\/\/www.lecamaleon.com\/#organization"},"alternateName":"LeCamaleon","potentialAction":[{"@type":"SearchAction","target":{"@type":"EntryPoint","urlTemplate":"https:\/\/www.lecamaleon.com\/?s={search_term_string}"},"query-input":{"@type":"PropertyValueSpecification","valueRequired":true,"valueName":"search_term_string"}}],"inLanguage":"en-GB"},{"@type":"Organization","@id":"https:\/\/www.lecamaleon.com\/#organization","name":"Lecamaleon.com","url":"https:\/\/www.lecamaleon.com\/","logo":{"@type":"ImageObject","inLanguage":"en-GB","@id":"https:\/\/www.lecamaleon.com\/#\/schema\/logo\/image\/","url":"https:\/\/www.lecamaleon.com\/wp-content\/uploads\/2023\/02\/cropped-Logo-512x512-1.png","contentUrl":"https:\/\/www.lecamaleon.com\/wp-content\/uploads\/2023\/02\/cropped-Logo-512x512-1.png","width":512,"height":512,"caption":"Lecamaleon.com"},"image":{"@id":"https:\/\/www.lecamaleon.com\/#\/schema\/logo\/image\/"},"sameAs":["https:\/\/www.facebook.com\/lecamaleon","https:\/\/www.instagram.com\/le.camaleon\/","https:\/\/www.threads.net\/@le.camaleon"]}]}},"_links":{"self":[{"href":"https:\/\/www.lecamaleon.com\/en\/wp-json\/wp\/v2\/pages\/373","targetHints":{"allow":["GET"]}}],"collection":[{"href":"https:\/\/www.lecamaleon.com\/en\/wp-json\/wp\/v2\/pages"}],"about":[{"href":"https:\/\/www.lecamaleon.com\/en\/wp-json\/wp\/v2\/types\/page"}],"author":[{"embeddable":true,"href":"https:\/\/www.lecamaleon.com\/en\/wp-json\/wp\/v2\/users\/1"}],"replies":[{"embeddable":true,"href":"https:\/\/www.lecamaleon.com\/en\/wp-json\/wp\/v2\/comments?post=373"}],"version-history":[{"count":0,"href":"https:\/\/www.lecamaleon.com\/en\/wp-json\/wp\/v2\/pages\/373\/revisions"}],"wp:attachment":[{"href":"https:\/\/www.lecamaleon.com\/en\/wp-json\/wp\/v2\/media?parent=373"}],"curies":[{"name":"wp","href":"https:\/\/api.w.org\/{rel}","templated":true}]}}