{"id":2161,"date":"2023-11-30T11:47:44","date_gmt":"2023-11-30T11:47:44","guid":{"rendered":"https:\/\/www.lecamaleon.com\/?post_type=product&#038;p=2161"},"modified":"2026-03-25T10:04:03","modified_gmt":"2026-03-25T10:04:03","slug":"fronhas-de-cetim-1000-fios","status":"publish","type":"product","link":"https:\/\/www.lecamaleon.com\/en\/product\/fronhas-de-cetim-1000-fios\/","title":{"rendered":"Fronhas de Cetim 1000 Fios"},"content":{"rendered":"<p><strong>What is satin?<\/strong><\/p>\n<p>Satin is a type of fabric characterised by its smooth, shiny surface, which is the result of a specific weaving method. The main distinguishing feature of satin is the weft side that predominates on the surface, creating a smooth, shiny texture.<\/p>\n<p>Here are some interesting facts about satin:<\/p>\n<ol>\n<li><strong>Weaving:<\/strong> Satin is produced using a special weaving method called \"satin weaving\". In this process, the weft threads pass over several warp threads, resulting in an even and tight distribution of threads on the surface of the fabric.<\/li>\n<li><strong>Shine:<\/strong> The shiny characteristic of satin is achieved because of the way light interacts with the smooth, even surface of the fabric. This creates a shiny effect.<\/li>\n<li><strong>Smoothness:<\/strong> The smooth texture of satin is the result of the uniform arrangement of the threads and the absence of roughness on the surface, which gives the fabric a pleasant feel to the touch.<\/li>\n<\/ol>\n<figure id=\"attachment_2538\" aria-describedby=\"caption-attachment-2538\" style=\"width: 771px\" class=\"wp-caption alignnone\"><img fetchpriority=\"high\" decoding=\"async\" class=\"wp-image-2538 size-large\" src=\"https:\/\/www.lecamaleon.com\/wp-content\/uploads\/2023\/11\/cetim-visto-de-perto-zoom-771x1024.png\" alt=\"\" width=\"771\" height=\"1024\" srcset=\"https:\/\/www.lecamaleon.com\/wp-content\/uploads\/2023\/11\/cetim-visto-de-perto-zoom-771x1024.png 771w, https:\/\/www.lecamaleon.com\/wp-content\/uploads\/2023\/11\/cetim-visto-de-perto-zoom-226x300.png 226w, https:\/\/www.lecamaleon.com\/wp-content\/uploads\/2023\/11\/cetim-visto-de-perto-zoom-768x1020.png 768w, https:\/\/www.lecamaleon.com\/wp-content\/uploads\/2023\/11\/cetim-visto-de-perto-zoom-1157x1536.png 1157w, https:\/\/www.lecamaleon.com\/wp-content\/uploads\/2023\/11\/cetim-visto-de-perto-zoom-1542x2048.png 1542w, https:\/\/www.lecamaleon.com\/wp-content\/uploads\/2023\/11\/cetim-visto-de-perto-zoom-9x12.png 9w, https:\/\/www.lecamaleon.com\/wp-content\/uploads\/2023\/11\/cetim-visto-de-perto-zoom-1000x1328.png 1000w\" sizes=\"(max-width: 771px) 100vw, 771px\" \/><figcaption id=\"caption-attachment-2538\" class=\"wp-caption-text\">Cetim 100% algod\u00e3o visto em lupa<\/figcaption><\/figure>","protected":false},"excerpt":{"rendered":"<p>As nossas fronhas 100% cetim de algod\u00e3o 1000 fios s\u00e3o um produto de <strong>luxo absoluto<\/strong> para o seu quarto. Gra\u00e7as \u00e0 sua densidade de fios por polegada, tem caracter\u00edsticas \u00fanicas:<\/p>\n<ul>\n<li>Textura suave e sedosa;<\/li>\n<li class=\"translation-block\">The satin surface has a <strong>shimmer that adds a touch of timeless elegance<\/strong> to your room;<\/li>\n<li class=\"translation-block\">Satin has <strong>thermoregulating properties<\/strong> that allow it to maintain a comfortable temperature throughout the seasons;<\/li>\n<li>Qualidade superior: a fronha 100% cetim de algod\u00e3o n\u00e3o s\u00f3 proporciona conforto excecional, como tamb\u00e9m \u00e9 resistente ao desgaste.<\/li>\n<\/ul>","protected":false},"featured_media":3041,"comment_status":"open","ping_status":"closed","template":"","meta":{"ocean_post_layout":"","ocean_both_sidebars_style":"","ocean_both_sidebars_content_width":0,"ocean_both_sidebars_sidebars_width":0,"ocean_sidebar":"0","ocean_second_sidebar":"0","ocean_disable_margins":"enable","ocean_add_body_class":"","ocean_shortcode_before_top_bar":"","ocean_shortcode_after_top_bar":"","ocean_shortcode_before_header":"","ocean_shortcode_after_header":"","ocean_has_shortcode":"","ocean_shortcode_after_title":"","ocean_shortcode_before_footer_widgets":"","ocean_shortcode_after_footer_widgets":"","ocean_shortcode_before_footer_bottom":"","ocean_shortcode_after_footer_bottom":"","ocean_display_top_bar":"default","ocean_display_header":"default","ocean_header_style":"","ocean_center_header_left_menu":"0","ocean_custom_header_template":"0","ocean_custom_logo":0,"ocean_custom_retina_logo":0,"ocean_custom_logo_max_width":0,"ocean_custom_logo_tablet_max_width":0,"ocean_custom_logo_mobile_max_width":0,"ocean_custom_logo_max_height":0,"ocean_custom_logo_tablet_max_height":0,"ocean_custom_logo_mobile_max_height":0,"ocean_header_custom_menu":"0","ocean_menu_typo_font_family":"0","ocean_menu_typo_font_subset":"","ocean_menu_typo_font_size":0,"ocean_menu_typo_font_size_tablet":0,"ocean_menu_typo_font_size_mobile":0,"ocean_menu_typo_font_size_unit":"px","ocean_menu_typo_font_weight":"","ocean_menu_typo_font_weight_tablet":"","ocean_menu_typo_font_weight_mobile":"","ocean_menu_typo_transform":"","ocean_menu_typo_transform_tablet":"","ocean_menu_typo_transform_mobile":"","ocean_menu_typo_line_height":0,"ocean_menu_typo_line_height_tablet":0,"ocean_menu_typo_line_height_mobile":0,"ocean_menu_typo_line_height_unit":"","ocean_menu_typo_spacing":0,"ocean_menu_typo_spacing_tablet":0,"ocean_menu_typo_spacing_mobile":0,"ocean_menu_typo_spacing_unit":"","ocean_menu_link_color":"","ocean_menu_link_color_hover":"","ocean_menu_link_color_active":"","ocean_menu_link_background":"","ocean_menu_link_hover_background":"","ocean_menu_link_active_background":"","ocean_menu_social_links_bg":"","ocean_menu_social_hover_links_bg":"","ocean_menu_social_links_color":"","ocean_menu_social_hover_links_color":"","ocean_disable_title":"default","ocean_disable_heading":"default","ocean_post_title":"","ocean_post_subheading":"","ocean_post_title_style":"","ocean_post_title_background_color":"","ocean_post_title_background":0,"ocean_post_title_bg_image_position":"","ocean_post_title_bg_image_attachment":"","ocean_post_title_bg_image_repeat":"","ocean_post_title_bg_image_size":"","ocean_post_title_height":0,"ocean_post_title_bg_overlay":0.5,"ocean_post_title_bg_overlay_color":"","ocean_disable_breadcrumbs":"default","ocean_breadcrumbs_color":"","ocean_breadcrumbs_separator_color":"","ocean_breadcrumbs_links_color":"","ocean_breadcrumbs_links_hover_color":"","ocean_display_footer_widgets":"default","ocean_display_footer_bottom":"default","ocean_custom_footer_template":"0"},"product_brand":[],"product_cat":[47,78,73],"product_tag":[],"class_list":{"0":"post-2161","1":"product","2":"type-product","3":"status-publish","4":"has-post-thumbnail","6":"product_cat-fronhas-de-almofada","7":"product_cat-lencol-de-cetim","8":"product_cat-roupa-de-cama","10":"entry","11":"has-media","13":"first","14":"instock","15":"taxable","16":"shipping-taxable","17":"purchasable","18":"product-type-variable","19":"has-product-nav","20":"col","21":"span_1_of_3","22":"owp-content-center","23":"owp-thumbs-layout-horizontal","24":"owp-btn-normal","25":"owp-tabs-layout-horizontal"},"yoast_head":"<!-- This site is optimized with the Yoast SEO plugin v27.4 - https:\/\/yoast.com\/product\/yoast-seo-wordpress\/ -->\n<title>Fronhas de Cetim 1000 Fios | luxuosas e brilhantes<\/title>\n<meta name=\"description\" content=\"Fronhas de Cetim 1000 fios fabricadas com 100% Algod\u00e3o. Produto de luxo absoluto. Macias, duradouras e com estilo intemporal.\" \/>\n<meta name=\"robots\" content=\"index, follow, max-snippet:-1, max-image-preview:large, max-video-preview:-1\" \/>\n<link rel=\"canonical\" href=\"https:\/\/www.lecamaleon.com\/en\/product\/fronhas-de-cetim-1000-fios\/\" \/>\n<meta property=\"og:locale\" content=\"en_GB\" \/>\n<meta property=\"og:type\" content=\"article\" \/>\n<meta property=\"og:title\" content=\"Fronhas de Cetim 1000 Fios | luxuosas e brilhantes\" \/>\n<meta property=\"og:description\" content=\"Fronhas de Cetim 1000 fios fabricadas com 100% Algod\u00e3o. Produto de luxo absoluto. Macias, duradouras e com estilo intemporal.\" \/>\n<meta property=\"og:url\" content=\"https:\/\/www.lecamaleon.com\/en\/product\/fronhas-de-cetim-1000-fios\/\" \/>\n<meta property=\"og:site_name\" content=\"Lecamaleon\" \/>\n<meta property=\"article:publisher\" content=\"https:\/\/www.facebook.com\/lecamaleon\" \/>\n<meta property=\"article:modified_time\" content=\"2026-03-25T10:04:03+00:00\" \/>\n<meta property=\"og:image\" content=\"https:\/\/www.lecamaleon.com\/wp-content\/uploads\/2024\/06\/fronhas-de-almofada-cetim-3.jpg\" \/>\n\t<meta property=\"og:image:width\" content=\"1080\" \/>\n\t<meta property=\"og:image:height\" content=\"1440\" \/>\n\t<meta property=\"og:image:type\" content=\"image\/jpeg\" \/>\n<meta name=\"twitter:card\" content=\"summary_large_image\" \/>\n<meta name=\"twitter:label1\" content=\"Estimated reading time\" \/>\n\t<meta name=\"twitter:data1\" content=\"2 minutes\" \/>\n<script type=\"application\/ld+json\" class=\"yoast-schema-graph\">{\"@context\":\"https:\\\/\\\/schema.org\",\"@graph\":[{\"@type\":\"WebPage\",\"@id\":\"https:\\\/\\\/www.lecamaleon.com\\\/produto\\\/fronhas-de-cetim-1000-fios\\\/\",\"url\":\"https:\\\/\\\/www.lecamaleon.com\\\/produto\\\/fronhas-de-cetim-1000-fios\\\/\",\"name\":\"Fronhas de Cetim 1000 Fios | luxuosas e brilhantes\",\"isPartOf\":{\"@id\":\"https:\\\/\\\/www.lecamaleon.com\\\/#website\"},\"primaryImageOfPage\":{\"@id\":\"https:\\\/\\\/www.lecamaleon.com\\\/produto\\\/fronhas-de-cetim-1000-fios\\\/#primaryimage\"},\"image\":{\"@id\":\"https:\\\/\\\/www.lecamaleon.com\\\/produto\\\/fronhas-de-cetim-1000-fios\\\/#primaryimage\"},\"thumbnailUrl\":\"https:\\\/\\\/www.lecamaleon.com\\\/wp-content\\\/uploads\\\/2024\\\/06\\\/fronhas-de-almofada-cetim-3.jpg\",\"datePublished\":\"2023-11-30T11:47:44+00:00\",\"dateModified\":\"2026-03-25T10:04:03+00:00\",\"description\":\"Fronhas de Cetim 1000 fios fabricadas com 100% Algod\u00e3o. Produto de luxo absoluto. Macias, duradouras e com estilo intemporal.\",\"breadcrumb\":{\"@id\":\"https:\\\/\\\/www.lecamaleon.com\\\/produto\\\/fronhas-de-cetim-1000-fios\\\/#breadcrumb\"},\"inLanguage\":\"en-GB\",\"potentialAction\":[{\"@type\":\"ReadAction\",\"target\":[\"https:\\\/\\\/www.lecamaleon.com\\\/produto\\\/fronhas-de-cetim-1000-fios\\\/\"]}]},{\"@type\":\"ImageObject\",\"inLanguage\":\"en-GB\",\"@id\":\"https:\\\/\\\/www.lecamaleon.com\\\/produto\\\/fronhas-de-cetim-1000-fios\\\/#primaryimage\",\"url\":\"https:\\\/\\\/www.lecamaleon.com\\\/wp-content\\\/uploads\\\/2024\\\/06\\\/fronhas-de-almofada-cetim-3.jpg\",\"contentUrl\":\"https:\\\/\\\/www.lecamaleon.com\\\/wp-content\\\/uploads\\\/2024\\\/06\\\/fronhas-de-almofada-cetim-3.jpg\",\"width\":1080,\"height\":1440,\"caption\":\"Fronha de Almofada em Cetim 1000 fios da marca LeCamelon\"},{\"@type\":\"BreadcrumbList\",\"@id\":\"https:\\\/\\\/www.lecamaleon.com\\\/produto\\\/fronhas-de-cetim-1000-fios\\\/#breadcrumb\",\"itemListElement\":[{\"@type\":\"ListItem\",\"position\":1,\"name\":\"In\u00edcio\",\"item\":\"https:\\\/\\\/www.lecamaleon.com\\\/\"},{\"@type\":\"ListItem\",\"position\":2,\"name\":\"Loja\",\"item\":\"https:\\\/\\\/www.lecamaleon.com\\\/loja\\\/\"},{\"@type\":\"ListItem\",\"position\":3,\"name\":\"Fronhas de Cetim 1000 Fios\"}]},{\"@type\":\"WebSite\",\"@id\":\"https:\\\/\\\/www.lecamaleon.com\\\/#website\",\"url\":\"https:\\\/\\\/www.lecamaleon.com\\\/\",\"name\":\"Lecamaleon.com\",\"description\":\"Loja online de t\u00eaxtil-lar com produtos fabricados em Portugal aos melhores pre\u00e7os: edred\u00f5es, almofadas de dormir, len\u00e7\u00f3is de linho, len\u00e7\u00f3is de cetim e mais.\",\"publisher\":{\"@id\":\"https:\\\/\\\/www.lecamaleon.com\\\/#organization\"},\"alternateName\":\"LeCamaleon\",\"potentialAction\":[{\"@type\":\"SearchAction\",\"target\":{\"@type\":\"EntryPoint\",\"urlTemplate\":\"https:\\\/\\\/www.lecamaleon.com\\\/?s={search_term_string}\"},\"query-input\":{\"@type\":\"PropertyValueSpecification\",\"valueRequired\":true,\"valueName\":\"search_term_string\"}}],\"inLanguage\":\"en-GB\"},{\"@type\":\"Organization\",\"@id\":\"https:\\\/\\\/www.lecamaleon.com\\\/#organization\",\"name\":\"Lecamaleon.com\",\"url\":\"https:\\\/\\\/www.lecamaleon.com\\\/\",\"logo\":{\"@type\":\"ImageObject\",\"inLanguage\":\"en-GB\",\"@id\":\"https:\\\/\\\/www.lecamaleon.com\\\/#\\\/schema\\\/logo\\\/image\\\/\",\"url\":\"https:\\\/\\\/www.lecamaleon.com\\\/wp-content\\\/uploads\\\/2023\\\/02\\\/cropped-Logo-512x512-1.png\",\"contentUrl\":\"https:\\\/\\\/www.lecamaleon.com\\\/wp-content\\\/uploads\\\/2023\\\/02\\\/cropped-Logo-512x512-1.png\",\"width\":512,\"height\":512,\"caption\":\"Lecamaleon.com\"},\"image\":{\"@id\":\"https:\\\/\\\/www.lecamaleon.com\\\/#\\\/schema\\\/logo\\\/image\\\/\"},\"sameAs\":[\"https:\\\/\\\/www.facebook.com\\\/lecamaleon\",\"https:\\\/\\\/www.instagram.com\\\/le.camaleon\\\/\",\"https:\\\/\\\/www.threads.net\\\/@le.camaleon\"]}]}<\/script>\n<!-- \/ Yoast SEO plugin. -->","yoast_head_json":{"title":"Fronhas de Cetim 1000 Fios | luxuosas e brilhantes","description":"Fronhas de Cetim 1000 fios fabricadas com 100% Algod\u00e3o. Produto de luxo absoluto. Macias, duradouras e com estilo intemporal.","robots":{"index":"index","follow":"follow","max-snippet":"max-snippet:-1","max-image-preview":"max-image-preview:large","max-video-preview":"max-video-preview:-1"},"canonical":"https:\/\/www.lecamaleon.com\/en\/product\/fronhas-de-cetim-1000-fios\/","og_locale":"en_GB","og_type":"article","og_title":"Fronhas de Cetim 1000 Fios | luxuosas e brilhantes","og_description":"Fronhas de Cetim 1000 fios fabricadas com 100% Algod\u00e3o. Produto de luxo absoluto. Macias, duradouras e com estilo intemporal.","og_url":"https:\/\/www.lecamaleon.com\/en\/product\/fronhas-de-cetim-1000-fios\/","og_site_name":"Lecamaleon","article_publisher":"https:\/\/www.facebook.com\/lecamaleon","article_modified_time":"2026-03-25T10:04:03+00:00","og_image":[{"width":1080,"height":1440,"url":"https:\/\/www.lecamaleon.com\/wp-content\/uploads\/2024\/06\/fronhas-de-almofada-cetim-3.jpg","type":"image\/jpeg"}],"twitter_card":"summary_large_image","twitter_misc":{"Estimated reading time":"2 minutes"},"schema":{"@context":"https:\/\/schema.org","@graph":[{"@type":"WebPage","@id":"https:\/\/www.lecamaleon.com\/produto\/fronhas-de-cetim-1000-fios\/","url":"https:\/\/www.lecamaleon.com\/produto\/fronhas-de-cetim-1000-fios\/","name":"Fronhas de Cetim 1000 Fios | luxuosas e brilhantes","isPartOf":{"@id":"https:\/\/www.lecamaleon.com\/#website"},"primaryImageOfPage":{"@id":"https:\/\/www.lecamaleon.com\/produto\/fronhas-de-cetim-1000-fios\/#primaryimage"},"image":{"@id":"https:\/\/www.lecamaleon.com\/produto\/fronhas-de-cetim-1000-fios\/#primaryimage"},"thumbnailUrl":"https:\/\/www.lecamaleon.com\/wp-content\/uploads\/2024\/06\/fronhas-de-almofada-cetim-3.jpg","datePublished":"2023-11-30T11:47:44+00:00","dateModified":"2026-03-25T10:04:03+00:00","description":"Fronhas de Cetim 1000 fios fabricadas com 100% Algod\u00e3o. Produto de luxo absoluto. Macias, duradouras e com estilo intemporal.","breadcrumb":{"@id":"https:\/\/www.lecamaleon.com\/produto\/fronhas-de-cetim-1000-fios\/#breadcrumb"},"inLanguage":"en-GB","potentialAction":[{"@type":"ReadAction","target":["https:\/\/www.lecamaleon.com\/produto\/fronhas-de-cetim-1000-fios\/"]}]},{"@type":"ImageObject","inLanguage":"en-GB","@id":"https:\/\/www.lecamaleon.com\/produto\/fronhas-de-cetim-1000-fios\/#primaryimage","url":"https:\/\/www.lecamaleon.com\/wp-content\/uploads\/2024\/06\/fronhas-de-almofada-cetim-3.jpg","contentUrl":"https:\/\/www.lecamaleon.com\/wp-content\/uploads\/2024\/06\/fronhas-de-almofada-cetim-3.jpg","width":1080,"height":1440,"caption":"Fronha de Almofada em Cetim 1000 fios da marca LeCamelon"},{"@type":"BreadcrumbList","@id":"https:\/\/www.lecamaleon.com\/produto\/fronhas-de-cetim-1000-fios\/#breadcrumb","itemListElement":[{"@type":"ListItem","position":1,"name":"In\u00edcio","item":"https:\/\/www.lecamaleon.com\/"},{"@type":"ListItem","position":2,"name":"Loja","item":"https:\/\/www.lecamaleon.com\/loja\/"},{"@type":"ListItem","position":3,"name":"Fronhas de Cetim 1000 Fios"}]},{"@type":"WebSite","@id":"https:\/\/www.lecamaleon.com\/#website","url":"https:\/\/www.lecamaleon.com\/","name":"Lecamaleon.com","description":"Loja online de t\u00eaxtil-lar com produtos fabricados em Portugal aos melhores pre\u00e7os: edred\u00f5es, almofadas de dormir, len\u00e7\u00f3is de linho, len\u00e7\u00f3is de cetim e mais.","publisher":{"@id":"https:\/\/www.lecamaleon.com\/#organization"},"alternateName":"LeCamaleon","potentialAction":[{"@type":"SearchAction","target":{"@type":"EntryPoint","urlTemplate":"https:\/\/www.lecamaleon.com\/?s={search_term_string}"},"query-input":{"@type":"PropertyValueSpecification","valueRequired":true,"valueName":"search_term_string"}}],"inLanguage":"en-GB"},{"@type":"Organization","@id":"https:\/\/www.lecamaleon.com\/#organization","name":"Lecamaleon.com","url":"https:\/\/www.lecamaleon.com\/","logo":{"@type":"ImageObject","inLanguage":"en-GB","@id":"https:\/\/www.lecamaleon.com\/#\/schema\/logo\/image\/","url":"https:\/\/www.lecamaleon.com\/wp-content\/uploads\/2023\/02\/cropped-Logo-512x512-1.png","contentUrl":"https:\/\/www.lecamaleon.com\/wp-content\/uploads\/2023\/02\/cropped-Logo-512x512-1.png","width":512,"height":512,"caption":"Lecamaleon.com"},"image":{"@id":"https:\/\/www.lecamaleon.com\/#\/schema\/logo\/image\/"},"sameAs":["https:\/\/www.facebook.com\/lecamaleon","https:\/\/www.instagram.com\/le.camaleon\/","https:\/\/www.threads.net\/@le.camaleon"]}]}},"_links":{"self":[{"href":"https:\/\/www.lecamaleon.com\/en\/wp-json\/wp\/v2\/product\/2161","targetHints":{"allow":["GET"]}}],"collection":[{"href":"https:\/\/www.lecamaleon.com\/en\/wp-json\/wp\/v2\/product"}],"about":[{"href":"https:\/\/www.lecamaleon.com\/en\/wp-json\/wp\/v2\/types\/product"}],"replies":[{"embeddable":true,"href":"https:\/\/www.lecamaleon.com\/en\/wp-json\/wp\/v2\/comments?post=2161"}],"wp:featuredmedia":[{"embeddable":true,"href":"https:\/\/www.lecamaleon.com\/en\/wp-json\/wp\/v2\/media\/3041"}],"wp:attachment":[{"href":"https:\/\/www.lecamaleon.com\/en\/wp-json\/wp\/v2\/media?parent=2161"}],"wp:term":[{"taxonomy":"product_brand","embeddable":true,"href":"https:\/\/www.lecamaleon.com\/en\/wp-json\/wp\/v2\/product_brand?post=2161"},{"taxonomy":"product_cat","embeddable":true,"href":"https:\/\/www.lecamaleon.com\/en\/wp-json\/wp\/v2\/product_cat?post=2161"},{"taxonomy":"product_tag","embeddable":true,"href":"https:\/\/www.lecamaleon.com\/en\/wp-json\/wp\/v2\/product_tag?post=2161"}],"curies":[{"name":"wp","href":"https:\/\/api.w.org\/{rel}","templated":true}]}}