{"id":2298,"date":"2023-12-12T15:01:20","date_gmt":"2023-12-12T15:01:20","guid":{"rendered":"https:\/\/www.lecamaleon.com\/?post_type=product&#038;p=2298"},"modified":"2025-01-06T12:24:05","modified_gmt":"2025-01-06T12:24:05","slug":"toalha-de-mesa-linho-castanho","status":"publish","type":"product","link":"https:\/\/www.lecamaleon.com\/en\/product\/toalha-de-mesa-linho-castanho\/","title":{"rendered":"Toalha de mesa, linho lavado (castanho terracota)"},"content":{"rendered":"<p><strong>Por que raz\u00e3o escolher linho lavado para a sua mesa de jantar?<\/strong><\/p>\n<ul>\n<li><strong>Toque natural: <\/strong>O linho lavado \u00e9 conhecido pela sua beleza natural e textura \u00fanica. A apar\u00eancia r\u00fastica e elegante adiciona um toque de sofistica\u00e7\u00e3o \u00e0 sua mesa.<\/li>\n<li><strong>Durabilidade: <\/strong>\u00c9 tecido mais resistente que os demais. As fibras amolecidas e pr\u00e9-encolhidas no processo de fabrico tornam o linho lavado resistente ao desgaste.<\/li>\n<li><strong>Manuten\u00e7\u00e3o f\u00e1cil<\/strong>: O linho lavado \u00e9 pr\u00e1tico quando se trata de cuidados. Por ter sido pr\u00e9-lavado, \u00e9 menos propenso a encolher ou perder a cor nas lavagens subsequentes. Tamb\u00e9m n\u00e3o precisa de ser passado a ferro.<\/li>\n<li><strong>Versatilidade para qualquer ocasi\u00e3o: <\/strong>Seja para um jantar casual ou uma ocasi\u00e3o mais formal, o linho lavado \u00e9 vers\u00e1til e adapta-se a diferentes estilos de decora\u00e7\u00e3o e eventos. A sua neutralidade permite que seja combinado com qualquer tipo de lou\u00e7a e acess\u00f3rios.<\/li>\n<li><strong>Amigo do ambiente: <\/strong>Optar por linho lavado \u00e9 uma escolha eco-friendly. \u00c9 uma fibra natural cultivada de forma sustent\u00e1vel, requerendo menos \u00e1gua e pesticidas do que outras fibras t\u00eaxteis.<\/li>\n<\/ul>","protected":false},"excerpt":{"rendered":"<p>A nossa toalha de mesa em linho castanho (terracota) \u00e9 a escolha segura para dar um toque de eleg\u00e2ncia \u00e0 sua mesa.<\/p>\n<p>O linho \u00e9 um tecido intemporal e sempre na moda, ideal para qualquer ocasi\u00e3o, sejam jantares formais ou informais.<\/p>\n<div class=\"woocommerce-product-details__short-description\">\n<p>As nossas toalhas de mesa em linho s\u00e3o fabricadas em Portugal e t\u00eam uma <strong>composi\u00e7\u00e3o de 100% linho<\/strong> (165g\/m2)<\/p>\n<p>S\u00e3o lavadas com um tratamento amaciador para terem um toque suave e agrad\u00e1vel. O tingimento \u00e9 feito em pe\u00e7a para maior brilho do material e resist\u00eancia \u00e0s lavagens para durabilidade da cor.<\/p>\n<p>Esta toalha de mesa em linho castanho (terracota) lavado oferece:<\/p>\n<\/div>\n<ul>\n<li>Toque agrad\u00e1vel e macio<\/li>\n<li>Certification <a href=\"https:\/\/www.oeko-tex.com\/en\/our-standards\/oeko-tex-standard-100\">Oeko-Tex Standard 100<\/a><\/li>\n<li>Durabilidade da cor ap\u00f3s as lavagens<\/li>\n<li>Uma escolha ecol\u00f3gica para o meio ambiente<\/li>\n<\/ul>\n<p>&nbsp;<\/p>\n<p>Temos v\u00e1rias medidas dispon\u00edveis (tamb\u00e9m fazemos tamanhos personalizados, <a href=\"https:\/\/www.lecamaleon.com\/en\/encomendas-por-medida-ou-personalizadas\/\">fa\u00e7a o seu pedido<\/a>).<\/p>","protected":false},"featured_media":3556,"comment_status":"open","ping_status":"closed","template":"","meta":{"ocean_post_layout":"","ocean_both_sidebars_style":"","ocean_both_sidebars_content_width":0,"ocean_both_sidebars_sidebars_width":0,"ocean_sidebar":"0","ocean_second_sidebar":"0","ocean_disable_margins":"enable","ocean_add_body_class":"","ocean_shortcode_before_top_bar":"","ocean_shortcode_after_top_bar":"","ocean_shortcode_before_header":"","ocean_shortcode_after_header":"","ocean_has_shortcode":"","ocean_shortcode_after_title":"","ocean_shortcode_before_footer_widgets":"","ocean_shortcode_after_footer_widgets":"","ocean_shortcode_before_footer_bottom":"","ocean_shortcode_after_footer_bottom":"","ocean_display_top_bar":"default","ocean_display_header":"default","ocean_header_style":"","ocean_center_header_left_menu":"0","ocean_custom_header_template":"0","ocean_custom_logo":0,"ocean_custom_retina_logo":0,"ocean_custom_logo_max_width":0,"ocean_custom_logo_tablet_max_width":0,"ocean_custom_logo_mobile_max_width":0,"ocean_custom_logo_max_height":0,"ocean_custom_logo_tablet_max_height":0,"ocean_custom_logo_mobile_max_height":0,"ocean_header_custom_menu":"0","ocean_menu_typo_font_family":"0","ocean_menu_typo_font_subset":"","ocean_menu_typo_font_size":0,"ocean_menu_typo_font_size_tablet":0,"ocean_menu_typo_font_size_mobile":0,"ocean_menu_typo_font_size_unit":"px","ocean_menu_typo_font_weight":"","ocean_menu_typo_font_weight_tablet":"","ocean_menu_typo_font_weight_mobile":"","ocean_menu_typo_transform":"","ocean_menu_typo_transform_tablet":"","ocean_menu_typo_transform_mobile":"","ocean_menu_typo_line_height":0,"ocean_menu_typo_line_height_tablet":0,"ocean_menu_typo_line_height_mobile":0,"ocean_menu_typo_line_height_unit":"","ocean_menu_typo_spacing":0,"ocean_menu_typo_spacing_tablet":0,"ocean_menu_typo_spacing_mobile":0,"ocean_menu_typo_spacing_unit":"","ocean_menu_link_color":"","ocean_menu_link_color_hover":"","ocean_menu_link_color_active":"","ocean_menu_link_background":"","ocean_menu_link_hover_background":"","ocean_menu_link_active_background":"","ocean_menu_social_links_bg":"","ocean_menu_social_hover_links_bg":"","ocean_menu_social_links_color":"","ocean_menu_social_hover_links_color":"","ocean_disable_title":"default","ocean_disable_heading":"default","ocean_post_title":"","ocean_post_subheading":"","ocean_post_title_style":"","ocean_post_title_background_color":"","ocean_post_title_background":0,"ocean_post_title_bg_image_position":"","ocean_post_title_bg_image_attachment":"","ocean_post_title_bg_image_repeat":"","ocean_post_title_bg_image_size":"","ocean_post_title_height":0,"ocean_post_title_bg_overlay":0.5,"ocean_post_title_bg_overlay_color":"","ocean_disable_breadcrumbs":"default","ocean_breadcrumbs_color":"","ocean_breadcrumbs_separator_color":"","ocean_breadcrumbs_links_color":"","ocean_breadcrumbs_links_hover_color":"","ocean_display_footer_widgets":"default","ocean_display_footer_bottom":"default","ocean_custom_footer_template":"0"},"product_brand":[],"product_cat":[55,69,86],"product_tag":[],"class_list":{"0":"post-2298","1":"product","2":"type-product","3":"status-publish","4":"has-post-thumbnail","6":"product_cat-texteis-cozinha-mesa","7":"product_cat-toalhas-de-mesa","8":"product_cat-toalhas-de-mesa-guardanapos-linho","10":"entry","11":"has-media","13":"first","14":"instock","15":"taxable","16":"shipping-taxable","17":"product-type-simple","18":"has-product-nav","19":"col","20":"span_1_of_3","21":"owp-content-center","22":"owp-thumbs-layout-horizontal","23":"owp-btn-normal","24":"owp-tabs-layout-horizontal","25":"has-no-thumbnails"},"yoast_head":"<!-- This site is optimized with the Yoast SEO plugin v27.4 - https:\/\/yoast.com\/product\/yoast-seo-wordpress\/ -->\n<title>Toalha de mesa, linho lavado (castanho terracota) | 100% linho, suave e macio<\/title>\n<meta name=\"description\" content=\"Toalha de mesa em linho castanho (terracota), fabricada em Portugal. V\u00e1rias medidas dispon\u00edveis, incluindo para mesas de 6 e 8 pessoas.\" \/>\n<meta name=\"robots\" content=\"index, follow, max-snippet:-1, max-image-preview:large, max-video-preview:-1\" \/>\n<link rel=\"canonical\" href=\"https:\/\/www.lecamaleon.com\/en\/product\/toalha-de-mesa-linho-castanho\/\" \/>\n<meta property=\"og:locale\" content=\"en_GB\" \/>\n<meta property=\"og:type\" content=\"article\" \/>\n<meta property=\"og:title\" content=\"Toalha de mesa, linho lavado (castanho terracota) | 100% linho, suave e macio\" \/>\n<meta property=\"og:description\" content=\"Toalha de mesa em linho castanho (terracota), fabricada em Portugal. V\u00e1rias medidas dispon\u00edveis, incluindo para mesas de 6 e 8 pessoas.\" \/>\n<meta property=\"og:url\" content=\"https:\/\/www.lecamaleon.com\/en\/product\/toalha-de-mesa-linho-castanho\/\" \/>\n<meta property=\"og:site_name\" content=\"Lecamaleon\" \/>\n<meta property=\"article:publisher\" content=\"https:\/\/www.facebook.com\/lecamaleon\" \/>\n<meta property=\"article:modified_time\" content=\"2025-01-06T12:24:05+00:00\" \/>\n<meta property=\"og:image\" content=\"https:\/\/www.lecamaleon.com\/wp-content\/uploads\/2023\/12\/tolha-de-mesa-linho-castanho.jpg\" \/>\n\t<meta property=\"og:image:width\" content=\"1080\" \/>\n\t<meta property=\"og:image:height\" content=\"1440\" \/>\n\t<meta property=\"og:image:type\" content=\"image\/jpeg\" \/>\n<meta name=\"twitter:card\" content=\"summary_large_image\" \/>\n<meta name=\"twitter:label1\" content=\"Estimated reading time\" \/>\n\t<meta name=\"twitter:data1\" content=\"2 minutes\" \/>\n<script type=\"application\/ld+json\" class=\"yoast-schema-graph\">{\"@context\":\"https:\\\/\\\/schema.org\",\"@graph\":[{\"@type\":\"WebPage\",\"@id\":\"https:\\\/\\\/www.lecamaleon.com\\\/produto\\\/toalha-de-mesa-linho-castanho\\\/\",\"url\":\"https:\\\/\\\/www.lecamaleon.com\\\/produto\\\/toalha-de-mesa-linho-castanho\\\/\",\"name\":\"Toalha de mesa, linho lavado (castanho terracota) | 100% linho, suave e macio\",\"isPartOf\":{\"@id\":\"https:\\\/\\\/www.lecamaleon.com\\\/#website\"},\"primaryImageOfPage\":{\"@id\":\"https:\\\/\\\/www.lecamaleon.com\\\/produto\\\/toalha-de-mesa-linho-castanho\\\/#primaryimage\"},\"image\":{\"@id\":\"https:\\\/\\\/www.lecamaleon.com\\\/produto\\\/toalha-de-mesa-linho-castanho\\\/#primaryimage\"},\"thumbnailUrl\":\"https:\\\/\\\/www.lecamaleon.com\\\/wp-content\\\/uploads\\\/2023\\\/12\\\/tolha-de-mesa-linho-castanho.jpg\",\"datePublished\":\"2023-12-12T15:01:20+00:00\",\"dateModified\":\"2025-01-06T12:24:05+00:00\",\"description\":\"Toalha de mesa em linho castanho (terracota), fabricada em Portugal. V\u00e1rias medidas dispon\u00edveis, incluindo para mesas de 6 e 8 pessoas.\",\"breadcrumb\":{\"@id\":\"https:\\\/\\\/www.lecamaleon.com\\\/produto\\\/toalha-de-mesa-linho-castanho\\\/#breadcrumb\"},\"inLanguage\":\"en-GB\",\"potentialAction\":[{\"@type\":\"ReadAction\",\"target\":[\"https:\\\/\\\/www.lecamaleon.com\\\/produto\\\/toalha-de-mesa-linho-castanho\\\/\"]}]},{\"@type\":\"ImageObject\",\"inLanguage\":\"en-GB\",\"@id\":\"https:\\\/\\\/www.lecamaleon.com\\\/produto\\\/toalha-de-mesa-linho-castanho\\\/#primaryimage\",\"url\":\"https:\\\/\\\/www.lecamaleon.com\\\/wp-content\\\/uploads\\\/2023\\\/12\\\/tolha-de-mesa-linho-castanho.jpg\",\"contentUrl\":\"https:\\\/\\\/www.lecamaleon.com\\\/wp-content\\\/uploads\\\/2023\\\/12\\\/tolha-de-mesa-linho-castanho.jpg\",\"width\":1080,\"height\":1440,\"caption\":\"Toalha de mesa em linho lavado, cor castanho terracota, marca lecamaleon\"},{\"@type\":\"BreadcrumbList\",\"@id\":\"https:\\\/\\\/www.lecamaleon.com\\\/produto\\\/toalha-de-mesa-linho-castanho\\\/#breadcrumb\",\"itemListElement\":[{\"@type\":\"ListItem\",\"position\":1,\"name\":\"In\u00edcio\",\"item\":\"https:\\\/\\\/www.lecamaleon.com\\\/\"},{\"@type\":\"ListItem\",\"position\":2,\"name\":\"Loja\",\"item\":\"https:\\\/\\\/www.lecamaleon.com\\\/loja\\\/\"},{\"@type\":\"ListItem\",\"position\":3,\"name\":\"Toalha de mesa, linho lavado (castanho terracota)\"}]},{\"@type\":\"WebSite\",\"@id\":\"https:\\\/\\\/www.lecamaleon.com\\\/#website\",\"url\":\"https:\\\/\\\/www.lecamaleon.com\\\/\",\"name\":\"Lecamaleon.com\",\"description\":\"Loja online de t\u00eaxtil-lar com produtos fabricados em Portugal aos melhores pre\u00e7os: edred\u00f5es, almofadas de dormir, len\u00e7\u00f3is de linho, len\u00e7\u00f3is de cetim e mais.\",\"publisher\":{\"@id\":\"https:\\\/\\\/www.lecamaleon.com\\\/#organization\"},\"alternateName\":\"LeCamaleon\",\"potentialAction\":[{\"@type\":\"SearchAction\",\"target\":{\"@type\":\"EntryPoint\",\"urlTemplate\":\"https:\\\/\\\/www.lecamaleon.com\\\/?s={search_term_string}\"},\"query-input\":{\"@type\":\"PropertyValueSpecification\",\"valueRequired\":true,\"valueName\":\"search_term_string\"}}],\"inLanguage\":\"en-GB\"},{\"@type\":\"Organization\",\"@id\":\"https:\\\/\\\/www.lecamaleon.com\\\/#organization\",\"name\":\"Lecamaleon.com\",\"url\":\"https:\\\/\\\/www.lecamaleon.com\\\/\",\"logo\":{\"@type\":\"ImageObject\",\"inLanguage\":\"en-GB\",\"@id\":\"https:\\\/\\\/www.lecamaleon.com\\\/#\\\/schema\\\/logo\\\/image\\\/\",\"url\":\"https:\\\/\\\/www.lecamaleon.com\\\/wp-content\\\/uploads\\\/2023\\\/02\\\/cropped-Logo-512x512-1.png\",\"contentUrl\":\"https:\\\/\\\/www.lecamaleon.com\\\/wp-content\\\/uploads\\\/2023\\\/02\\\/cropped-Logo-512x512-1.png\",\"width\":512,\"height\":512,\"caption\":\"Lecamaleon.com\"},\"image\":{\"@id\":\"https:\\\/\\\/www.lecamaleon.com\\\/#\\\/schema\\\/logo\\\/image\\\/\"},\"sameAs\":[\"https:\\\/\\\/www.facebook.com\\\/lecamaleon\",\"https:\\\/\\\/www.instagram.com\\\/le.camaleon\\\/\",\"https:\\\/\\\/www.threads.net\\\/@le.camaleon\"]}]}<\/script>\n<!-- \/ Yoast SEO plugin. -->","yoast_head_json":{"title":"Toalha de mesa, linho lavado (castanho terracota) | 100% linho, suave e macio","description":"Toalha de mesa em linho castanho (terracota), fabricada em Portugal. V\u00e1rias medidas dispon\u00edveis, incluindo para mesas de 6 e 8 pessoas.","robots":{"index":"index","follow":"follow","max-snippet":"max-snippet:-1","max-image-preview":"max-image-preview:large","max-video-preview":"max-video-preview:-1"},"canonical":"https:\/\/www.lecamaleon.com\/en\/product\/toalha-de-mesa-linho-castanho\/","og_locale":"en_GB","og_type":"article","og_title":"Toalha de mesa, linho lavado (castanho terracota) | 100% linho, suave e macio","og_description":"Toalha de mesa em linho castanho (terracota), fabricada em Portugal. V\u00e1rias medidas dispon\u00edveis, incluindo para mesas de 6 e 8 pessoas.","og_url":"https:\/\/www.lecamaleon.com\/en\/product\/toalha-de-mesa-linho-castanho\/","og_site_name":"Lecamaleon","article_publisher":"https:\/\/www.facebook.com\/lecamaleon","article_modified_time":"2025-01-06T12:24:05+00:00","og_image":[{"width":1080,"height":1440,"url":"https:\/\/www.lecamaleon.com\/wp-content\/uploads\/2023\/12\/tolha-de-mesa-linho-castanho.jpg","type":"image\/jpeg"}],"twitter_card":"summary_large_image","twitter_misc":{"Estimated reading time":"2 minutes"},"schema":{"@context":"https:\/\/schema.org","@graph":[{"@type":"WebPage","@id":"https:\/\/www.lecamaleon.com\/produto\/toalha-de-mesa-linho-castanho\/","url":"https:\/\/www.lecamaleon.com\/produto\/toalha-de-mesa-linho-castanho\/","name":"Toalha de mesa, linho lavado (castanho terracota) | 100% linho, suave e macio","isPartOf":{"@id":"https:\/\/www.lecamaleon.com\/#website"},"primaryImageOfPage":{"@id":"https:\/\/www.lecamaleon.com\/produto\/toalha-de-mesa-linho-castanho\/#primaryimage"},"image":{"@id":"https:\/\/www.lecamaleon.com\/produto\/toalha-de-mesa-linho-castanho\/#primaryimage"},"thumbnailUrl":"https:\/\/www.lecamaleon.com\/wp-content\/uploads\/2023\/12\/tolha-de-mesa-linho-castanho.jpg","datePublished":"2023-12-12T15:01:20+00:00","dateModified":"2025-01-06T12:24:05+00:00","description":"Toalha de mesa em linho castanho (terracota), fabricada em Portugal. V\u00e1rias medidas dispon\u00edveis, incluindo para mesas de 6 e 8 pessoas.","breadcrumb":{"@id":"https:\/\/www.lecamaleon.com\/produto\/toalha-de-mesa-linho-castanho\/#breadcrumb"},"inLanguage":"en-GB","potentialAction":[{"@type":"ReadAction","target":["https:\/\/www.lecamaleon.com\/produto\/toalha-de-mesa-linho-castanho\/"]}]},{"@type":"ImageObject","inLanguage":"en-GB","@id":"https:\/\/www.lecamaleon.com\/produto\/toalha-de-mesa-linho-castanho\/#primaryimage","url":"https:\/\/www.lecamaleon.com\/wp-content\/uploads\/2023\/12\/tolha-de-mesa-linho-castanho.jpg","contentUrl":"https:\/\/www.lecamaleon.com\/wp-content\/uploads\/2023\/12\/tolha-de-mesa-linho-castanho.jpg","width":1080,"height":1440,"caption":"Toalha de mesa em linho lavado, cor castanho terracota, marca lecamaleon"},{"@type":"BreadcrumbList","@id":"https:\/\/www.lecamaleon.com\/produto\/toalha-de-mesa-linho-castanho\/#breadcrumb","itemListElement":[{"@type":"ListItem","position":1,"name":"In\u00edcio","item":"https:\/\/www.lecamaleon.com\/"},{"@type":"ListItem","position":2,"name":"Loja","item":"https:\/\/www.lecamaleon.com\/loja\/"},{"@type":"ListItem","position":3,"name":"Toalha de mesa, linho lavado (castanho terracota)"}]},{"@type":"WebSite","@id":"https:\/\/www.lecamaleon.com\/#website","url":"https:\/\/www.lecamaleon.com\/","name":"Lecamaleon.com","description":"Loja online de t\u00eaxtil-lar com produtos fabricados em Portugal aos melhores pre\u00e7os: edred\u00f5es, almofadas de dormir, len\u00e7\u00f3is de linho, len\u00e7\u00f3is de cetim e mais.","publisher":{"@id":"https:\/\/www.lecamaleon.com\/#organization"},"alternateName":"LeCamaleon","potentialAction":[{"@type":"SearchAction","target":{"@type":"EntryPoint","urlTemplate":"https:\/\/www.lecamaleon.com\/?s={search_term_string}"},"query-input":{"@type":"PropertyValueSpecification","valueRequired":true,"valueName":"search_term_string"}}],"inLanguage":"en-GB"},{"@type":"Organization","@id":"https:\/\/www.lecamaleon.com\/#organization","name":"Lecamaleon.com","url":"https:\/\/www.lecamaleon.com\/","logo":{"@type":"ImageObject","inLanguage":"en-GB","@id":"https:\/\/www.lecamaleon.com\/#\/schema\/logo\/image\/","url":"https:\/\/www.lecamaleon.com\/wp-content\/uploads\/2023\/02\/cropped-Logo-512x512-1.png","contentUrl":"https:\/\/www.lecamaleon.com\/wp-content\/uploads\/2023\/02\/cropped-Logo-512x512-1.png","width":512,"height":512,"caption":"Lecamaleon.com"},"image":{"@id":"https:\/\/www.lecamaleon.com\/#\/schema\/logo\/image\/"},"sameAs":["https:\/\/www.facebook.com\/lecamaleon","https:\/\/www.instagram.com\/le.camaleon\/","https:\/\/www.threads.net\/@le.camaleon"]}]}},"_links":{"self":[{"href":"https:\/\/www.lecamaleon.com\/en\/wp-json\/wp\/v2\/product\/2298","targetHints":{"allow":["GET"]}}],"collection":[{"href":"https:\/\/www.lecamaleon.com\/en\/wp-json\/wp\/v2\/product"}],"about":[{"href":"https:\/\/www.lecamaleon.com\/en\/wp-json\/wp\/v2\/types\/product"}],"replies":[{"embeddable":true,"href":"https:\/\/www.lecamaleon.com\/en\/wp-json\/wp\/v2\/comments?post=2298"}],"wp:featuredmedia":[{"embeddable":true,"href":"https:\/\/www.lecamaleon.com\/en\/wp-json\/wp\/v2\/media\/3556"}],"wp:attachment":[{"href":"https:\/\/www.lecamaleon.com\/en\/wp-json\/wp\/v2\/media?parent=2298"}],"wp:term":[{"taxonomy":"product_brand","embeddable":true,"href":"https:\/\/www.lecamaleon.com\/en\/wp-json\/wp\/v2\/product_brand?post=2298"},{"taxonomy":"product_cat","embeddable":true,"href":"https:\/\/www.lecamaleon.com\/en\/wp-json\/wp\/v2\/product_cat?post=2298"},{"taxonomy":"product_tag","embeddable":true,"href":"https:\/\/www.lecamaleon.com\/en\/wp-json\/wp\/v2\/product_tag?post=2298"}],"curies":[{"name":"wp","href":"https:\/\/api.w.org\/{rel}","templated":true}]}}