{"id":3300,"date":"2024-10-14T14:45:05","date_gmt":"2024-10-14T14:45:05","guid":{"rendered":"https:\/\/www.lecamaleon.com\/?post_type=product&#038;p=3300"},"modified":"2026-03-01T10:45:18","modified_gmt":"2026-03-01T10:45:18","slug":"capa-colchao-acolchoada","status":"publish","type":"product","link":"https:\/\/www.lecamaleon.com\/en\/product\/capa-colchao-acolchoada\/","title":{"rendered":"Capa de Colch\u00e3o Acolchoada com fecho"},"content":{"rendered":"","protected":false},"excerpt":{"rendered":"<p>D\u00ea uma nova vida e camada de prote\u00e7\u00e3o ao seu colch\u00e3o com a Capa de Colch\u00e3o Acolchoada da LeCamaleon.<\/p>\n<p>Esta \u00e9 a solu\u00e7\u00e3o ideal para adicionar uma cama extra de conforto ao seu velho colch\u00e3o. Com um <strong>revestimento macio e acolchoado de 400 GR<\/strong>, vai sentir como se tivesse comprado um colch\u00e3o novo. Sinta-se mais confort\u00e1vel e durma melhor durante a noite para acordar revigorado e pronto para o seu quotidiano.<\/p>\n<p>A Capa de Colch\u00e3o Acolchoada serve tamb\u00e9m como uma camada de<strong> prote\u00e7\u00e3o extra contra sujidade como derrames acidentais e contra \u00e1caros<\/strong>. Tem um fecho (zipper) a toda \u00e0 volta para facilitar a remo\u00e7\u00e3o \/ coloca\u00e7\u00e3o. \u00c9 uma excelente op\u00e7\u00e3o para <strong>aumentar a longevidade do seu colch\u00e3o<\/strong>, evitando manchas indesejadas e desgaste prematuro.<\/p>\n<p><strong>Caracter\u00edsticas da Capa de Colch\u00e3o Acolchoada<\/strong><\/p>\n<ul>\n<li>Composi\u00e7\u00e3o: 100% Poli\u00e9ster<\/li>\n<li>Revestimento interior anti-\u00e1caros<\/li>\n<li>Gramagem do revestimento: 400 GR<\/li>\n<li>Lav\u00e1vel na m\u00e1quina at\u00e9 40 graus<\/li>\n<li>Fecho (zipper) a toda \u00e0 volta<\/li>\n<li>Made in Portugal<\/li>\n<li>Anti-Alerg\u00e9nica<\/li>\n<\/ul>\n<p>&nbsp;<\/p>\n<p><strong>Temos tamanhos dispon\u00edveis para camas de solteiro e Casal<br \/>\n<\/strong>N\u00e3o encontra o tamanho que deseja? <a href=\"https:\/\/www.lecamaleon.com\/en\/encomendas-por-medida-ou-personalizadas\/\">Pe\u00e7a aqui a sua medida personalizada<\/a>!<\/p>\n<p><strong>Outras capas de colch\u00e3o LeCamaleon<\/strong><\/p>\n<ul>\n<li><a href=\"https:\/\/www.lecamaleon.com\/en\/product\/capa-de-colchao-impermeavel-anti-acaros\/\">Capa de Colch\u00e3o Imperme\u00e1vel Anti\u00e1caros<\/a><\/li>\n<li><a href=\"https:\/\/www.lecamaleon.com\/en\/product\/capa-de-colchao\/\">Capa de Colch\u00e3o em tecido<\/a><\/li>\n<\/ul>","protected":false},"featured_media":3314,"comment_status":"closed","ping_status":"closed","template":"","meta":{"ocean_post_layout":"","ocean_both_sidebars_style":"","ocean_both_sidebars_content_width":0,"ocean_both_sidebars_sidebars_width":0,"ocean_sidebar":"0","ocean_second_sidebar":"0","ocean_disable_margins":"enable","ocean_add_body_class":"","ocean_shortcode_before_top_bar":"","ocean_shortcode_after_top_bar":"","ocean_shortcode_before_header":"","ocean_shortcode_after_header":"","ocean_has_shortcode":"","ocean_shortcode_after_title":"","ocean_shortcode_before_footer_widgets":"","ocean_shortcode_after_footer_widgets":"","ocean_shortcode_before_footer_bottom":"","ocean_shortcode_after_footer_bottom":"","ocean_display_top_bar":"default","ocean_display_header":"default","ocean_header_style":"","ocean_center_header_left_menu":"0","ocean_custom_header_template":"0","ocean_custom_logo":0,"ocean_custom_retina_logo":0,"ocean_custom_logo_max_width":0,"ocean_custom_logo_tablet_max_width":0,"ocean_custom_logo_mobile_max_width":0,"ocean_custom_logo_max_height":0,"ocean_custom_logo_tablet_max_height":0,"ocean_custom_logo_mobile_max_height":0,"ocean_header_custom_menu":"0","ocean_menu_typo_font_family":"0","ocean_menu_typo_font_subset":"","ocean_menu_typo_font_size":0,"ocean_menu_typo_font_size_tablet":0,"ocean_menu_typo_font_size_mobile":0,"ocean_menu_typo_font_size_unit":"px","ocean_menu_typo_font_weight":"","ocean_menu_typo_font_weight_tablet":"","ocean_menu_typo_font_weight_mobile":"","ocean_menu_typo_transform":"","ocean_menu_typo_transform_tablet":"","ocean_menu_typo_transform_mobile":"","ocean_menu_typo_line_height":0,"ocean_menu_typo_line_height_tablet":0,"ocean_menu_typo_line_height_mobile":0,"ocean_menu_typo_line_height_unit":"","ocean_menu_typo_spacing":0,"ocean_menu_typo_spacing_tablet":0,"ocean_menu_typo_spacing_mobile":0,"ocean_menu_typo_spacing_unit":"","ocean_menu_link_color":"","ocean_menu_link_color_hover":"","ocean_menu_link_color_active":"","ocean_menu_link_background":"","ocean_menu_link_hover_background":"","ocean_menu_link_active_background":"","ocean_menu_social_links_bg":"","ocean_menu_social_hover_links_bg":"","ocean_menu_social_links_color":"","ocean_menu_social_hover_links_color":"","ocean_disable_title":"default","ocean_disable_heading":"default","ocean_post_title":"","ocean_post_subheading":"","ocean_post_title_style":"","ocean_post_title_background_color":"","ocean_post_title_background":0,"ocean_post_title_bg_image_position":"","ocean_post_title_bg_image_attachment":"","ocean_post_title_bg_image_repeat":"","ocean_post_title_bg_image_size":"","ocean_post_title_height":0,"ocean_post_title_bg_overlay":0.5,"ocean_post_title_bg_overlay_color":"","ocean_disable_breadcrumbs":"default","ocean_breadcrumbs_color":"","ocean_breadcrumbs_separator_color":"","ocean_breadcrumbs_links_color":"","ocean_breadcrumbs_links_hover_color":"","ocean_display_footer_widgets":"default","ocean_display_footer_bottom":"default","ocean_custom_footer_template":"0"},"product_brand":[],"product_cat":[44],"product_tag":[126,132,134,133],"class_list":{"0":"post-3300","1":"product","2":"type-product","3":"status-publish","4":"has-post-thumbnail","6":"product_cat-capas-e-protetores-de-colchao","7":"product_tag-capa-de-colchao","8":"product_tag-capa-de-colchao-anti-acaros","9":"product_tag-capa-de-colchao-casal","10":"product_tag-capa-de-colchao-solteiro","12":"entry","13":"has-media","15":"first","16":"instock","17":"taxable","18":"shipping-taxable","19":"purchasable","20":"product-type-variable","21":"has-product-nav","22":"col","23":"span_1_of_3","24":"owp-content-center","25":"owp-thumbs-layout-horizontal","26":"owp-btn-normal","27":"owp-tabs-layout-horizontal"},"yoast_head":"<!-- This site is optimized with the Yoast SEO plugin v27.3 - https:\/\/yoast.com\/product\/yoast-seo-wordpress\/ -->\n<title>Capa de Colch\u00e3o Acolchoada com fecho | Mais conforto garantido<\/title>\n<meta name=\"description\" content=\"D\u00ea uma nova vida e proteja o seu colch\u00e3o com esta capa acolchoada para camas de solteiro e casal. Fecho \u00e0 volta para remo\u00e7\u00e3o f\u00e1cil.\" \/>\n<meta name=\"robots\" content=\"index, follow, max-snippet:-1, max-image-preview:large, max-video-preview:-1\" \/>\n<link rel=\"canonical\" href=\"https:\/\/www.lecamaleon.com\/en\/product\/capa-colchao-acolchoada\/\" \/>\n<meta property=\"og:locale\" content=\"en_GB\" \/>\n<meta property=\"og:type\" content=\"article\" \/>\n<meta property=\"og:title\" content=\"Capa de Colch\u00e3o Acolchoada com fecho | Mais conforto garantido\" \/>\n<meta property=\"og:description\" content=\"D\u00ea uma nova vida e proteja o seu colch\u00e3o com esta capa acolchoada para camas de solteiro e casal. Fecho \u00e0 volta para remo\u00e7\u00e3o f\u00e1cil.\" \/>\n<meta property=\"og:url\" content=\"https:\/\/www.lecamaleon.com\/en\/product\/capa-colchao-acolchoada\/\" \/>\n<meta property=\"og:site_name\" content=\"Lecamaleon\" \/>\n<meta property=\"article:publisher\" content=\"https:\/\/www.facebook.com\/lecamaleon\" \/>\n<meta property=\"article:modified_time\" content=\"2026-03-01T10:45:18+00:00\" \/>\n<meta property=\"og:image\" content=\"https:\/\/www.lecamaleon.com\/wp-content\/uploads\/2024\/10\/capa-colchao-acolchoada.jpg\" \/>\n\t<meta property=\"og:image:width\" content=\"1080\" \/>\n\t<meta property=\"og:image:height\" content=\"1440\" \/>\n\t<meta property=\"og:image:type\" content=\"image\/jpeg\" \/>\n<meta name=\"twitter:card\" content=\"summary_large_image\" \/>\n<meta name=\"twitter:label1\" content=\"Estimated reading time\" \/>\n\t<meta name=\"twitter:data1\" content=\"1 minute\" \/>\n<script type=\"application\/ld+json\" class=\"yoast-schema-graph\">{\"@context\":\"https:\\\/\\\/schema.org\",\"@graph\":[{\"@type\":\"WebPage\",\"@id\":\"https:\\\/\\\/www.lecamaleon.com\\\/produto\\\/capa-colchao-acolchoada\\\/\",\"url\":\"https:\\\/\\\/www.lecamaleon.com\\\/produto\\\/capa-colchao-acolchoada\\\/\",\"name\":\"Capa de Colch\u00e3o Acolchoada com fecho | Mais conforto garantido\",\"isPartOf\":{\"@id\":\"https:\\\/\\\/www.lecamaleon.com\\\/#website\"},\"primaryImageOfPage\":{\"@id\":\"https:\\\/\\\/www.lecamaleon.com\\\/produto\\\/capa-colchao-acolchoada\\\/#primaryimage\"},\"image\":{\"@id\":\"https:\\\/\\\/www.lecamaleon.com\\\/produto\\\/capa-colchao-acolchoada\\\/#primaryimage\"},\"thumbnailUrl\":\"https:\\\/\\\/www.lecamaleon.com\\\/wp-content\\\/uploads\\\/2024\\\/10\\\/capa-colchao-acolchoada.jpg\",\"datePublished\":\"2024-10-14T14:45:05+00:00\",\"dateModified\":\"2026-03-01T10:45:18+00:00\",\"description\":\"D\u00ea uma nova vida e proteja o seu colch\u00e3o com esta capa acolchoada para camas de solteiro e casal. Fecho \u00e0 volta para remo\u00e7\u00e3o f\u00e1cil.\",\"breadcrumb\":{\"@id\":\"https:\\\/\\\/www.lecamaleon.com\\\/produto\\\/capa-colchao-acolchoada\\\/#breadcrumb\"},\"inLanguage\":\"en-GB\",\"potentialAction\":[{\"@type\":\"ReadAction\",\"target\":[\"https:\\\/\\\/www.lecamaleon.com\\\/produto\\\/capa-colchao-acolchoada\\\/\"]}]},{\"@type\":\"ImageObject\",\"inLanguage\":\"en-GB\",\"@id\":\"https:\\\/\\\/www.lecamaleon.com\\\/produto\\\/capa-colchao-acolchoada\\\/#primaryimage\",\"url\":\"https:\\\/\\\/www.lecamaleon.com\\\/wp-content\\\/uploads\\\/2024\\\/10\\\/capa-colchao-acolchoada.jpg\",\"contentUrl\":\"https:\\\/\\\/www.lecamaleon.com\\\/wp-content\\\/uploads\\\/2024\\\/10\\\/capa-colchao-acolchoada.jpg\",\"width\":1080,\"height\":1440,\"caption\":\"Capa Colchao Acolchoada para camas de solteiro e casal com ziper\"},{\"@type\":\"BreadcrumbList\",\"@id\":\"https:\\\/\\\/www.lecamaleon.com\\\/produto\\\/capa-colchao-acolchoada\\\/#breadcrumb\",\"itemListElement\":[{\"@type\":\"ListItem\",\"position\":1,\"name\":\"In\u00edcio\",\"item\":\"https:\\\/\\\/www.lecamaleon.com\\\/\"},{\"@type\":\"ListItem\",\"position\":2,\"name\":\"Loja\",\"item\":\"https:\\\/\\\/www.lecamaleon.com\\\/loja\\\/\"},{\"@type\":\"ListItem\",\"position\":3,\"name\":\"Capa de Colch\u00e3o Acolchoada com fecho\"}]},{\"@type\":\"WebSite\",\"@id\":\"https:\\\/\\\/www.lecamaleon.com\\\/#website\",\"url\":\"https:\\\/\\\/www.lecamaleon.com\\\/\",\"name\":\"Lecamaleon.com\",\"description\":\"Loja online de t\u00eaxtil-lar com produtos fabricados em Portugal aos melhores pre\u00e7os: edred\u00f5es, almofadas de dormir, len\u00e7\u00f3is de linho, len\u00e7\u00f3is de cetim e mais.\",\"publisher\":{\"@id\":\"https:\\\/\\\/www.lecamaleon.com\\\/#organization\"},\"alternateName\":\"LeCamaleon\",\"potentialAction\":[{\"@type\":\"SearchAction\",\"target\":{\"@type\":\"EntryPoint\",\"urlTemplate\":\"https:\\\/\\\/www.lecamaleon.com\\\/?s={search_term_string}\"},\"query-input\":{\"@type\":\"PropertyValueSpecification\",\"valueRequired\":true,\"valueName\":\"search_term_string\"}}],\"inLanguage\":\"en-GB\"},{\"@type\":\"Organization\",\"@id\":\"https:\\\/\\\/www.lecamaleon.com\\\/#organization\",\"name\":\"Lecamaleon.com\",\"url\":\"https:\\\/\\\/www.lecamaleon.com\\\/\",\"logo\":{\"@type\":\"ImageObject\",\"inLanguage\":\"en-GB\",\"@id\":\"https:\\\/\\\/www.lecamaleon.com\\\/#\\\/schema\\\/logo\\\/image\\\/\",\"url\":\"https:\\\/\\\/www.lecamaleon.com\\\/wp-content\\\/uploads\\\/2023\\\/02\\\/cropped-Logo-512x512-1.png\",\"contentUrl\":\"https:\\\/\\\/www.lecamaleon.com\\\/wp-content\\\/uploads\\\/2023\\\/02\\\/cropped-Logo-512x512-1.png\",\"width\":512,\"height\":512,\"caption\":\"Lecamaleon.com\"},\"image\":{\"@id\":\"https:\\\/\\\/www.lecamaleon.com\\\/#\\\/schema\\\/logo\\\/image\\\/\"},\"sameAs\":[\"https:\\\/\\\/www.facebook.com\\\/lecamaleon\",\"https:\\\/\\\/www.instagram.com\\\/le.camaleon\\\/\",\"https:\\\/\\\/www.threads.net\\\/@le.camaleon\"]}]}<\/script>\n<!-- \/ Yoast SEO plugin. -->","yoast_head_json":{"title":"Capa de Colch\u00e3o Acolchoada com fecho | Mais conforto garantido","description":"D\u00ea uma nova vida e proteja o seu colch\u00e3o com esta capa acolchoada para camas de solteiro e casal. Fecho \u00e0 volta para remo\u00e7\u00e3o f\u00e1cil.","robots":{"index":"index","follow":"follow","max-snippet":"max-snippet:-1","max-image-preview":"max-image-preview:large","max-video-preview":"max-video-preview:-1"},"canonical":"https:\/\/www.lecamaleon.com\/en\/product\/capa-colchao-acolchoada\/","og_locale":"en_GB","og_type":"article","og_title":"Capa de Colch\u00e3o Acolchoada com fecho | Mais conforto garantido","og_description":"D\u00ea uma nova vida e proteja o seu colch\u00e3o com esta capa acolchoada para camas de solteiro e casal. Fecho \u00e0 volta para remo\u00e7\u00e3o f\u00e1cil.","og_url":"https:\/\/www.lecamaleon.com\/en\/product\/capa-colchao-acolchoada\/","og_site_name":"Lecamaleon","article_publisher":"https:\/\/www.facebook.com\/lecamaleon","article_modified_time":"2026-03-01T10:45:18+00:00","og_image":[{"width":1080,"height":1440,"url":"https:\/\/www.lecamaleon.com\/wp-content\/uploads\/2024\/10\/capa-colchao-acolchoada.jpg","type":"image\/jpeg"}],"twitter_card":"summary_large_image","twitter_misc":{"Estimated reading time":"1 minute"},"schema":{"@context":"https:\/\/schema.org","@graph":[{"@type":"WebPage","@id":"https:\/\/www.lecamaleon.com\/produto\/capa-colchao-acolchoada\/","url":"https:\/\/www.lecamaleon.com\/produto\/capa-colchao-acolchoada\/","name":"Capa de Colch\u00e3o Acolchoada com fecho | Mais conforto garantido","isPartOf":{"@id":"https:\/\/www.lecamaleon.com\/#website"},"primaryImageOfPage":{"@id":"https:\/\/www.lecamaleon.com\/produto\/capa-colchao-acolchoada\/#primaryimage"},"image":{"@id":"https:\/\/www.lecamaleon.com\/produto\/capa-colchao-acolchoada\/#primaryimage"},"thumbnailUrl":"https:\/\/www.lecamaleon.com\/wp-content\/uploads\/2024\/10\/capa-colchao-acolchoada.jpg","datePublished":"2024-10-14T14:45:05+00:00","dateModified":"2026-03-01T10:45:18+00:00","description":"D\u00ea uma nova vida e proteja o seu colch\u00e3o com esta capa acolchoada para camas de solteiro e casal. Fecho \u00e0 volta para remo\u00e7\u00e3o f\u00e1cil.","breadcrumb":{"@id":"https:\/\/www.lecamaleon.com\/produto\/capa-colchao-acolchoada\/#breadcrumb"},"inLanguage":"en-GB","potentialAction":[{"@type":"ReadAction","target":["https:\/\/www.lecamaleon.com\/produto\/capa-colchao-acolchoada\/"]}]},{"@type":"ImageObject","inLanguage":"en-GB","@id":"https:\/\/www.lecamaleon.com\/produto\/capa-colchao-acolchoada\/#primaryimage","url":"https:\/\/www.lecamaleon.com\/wp-content\/uploads\/2024\/10\/capa-colchao-acolchoada.jpg","contentUrl":"https:\/\/www.lecamaleon.com\/wp-content\/uploads\/2024\/10\/capa-colchao-acolchoada.jpg","width":1080,"height":1440,"caption":"Capa Colchao Acolchoada para camas de solteiro e casal com ziper"},{"@type":"BreadcrumbList","@id":"https:\/\/www.lecamaleon.com\/produto\/capa-colchao-acolchoada\/#breadcrumb","itemListElement":[{"@type":"ListItem","position":1,"name":"In\u00edcio","item":"https:\/\/www.lecamaleon.com\/"},{"@type":"ListItem","position":2,"name":"Loja","item":"https:\/\/www.lecamaleon.com\/loja\/"},{"@type":"ListItem","position":3,"name":"Capa de Colch\u00e3o Acolchoada com fecho"}]},{"@type":"WebSite","@id":"https:\/\/www.lecamaleon.com\/#website","url":"https:\/\/www.lecamaleon.com\/","name":"Lecamaleon.com","description":"Loja online de t\u00eaxtil-lar com produtos fabricados em Portugal aos melhores pre\u00e7os: edred\u00f5es, almofadas de dormir, len\u00e7\u00f3is de linho, len\u00e7\u00f3is de cetim e mais.","publisher":{"@id":"https:\/\/www.lecamaleon.com\/#organization"},"alternateName":"LeCamaleon","potentialAction":[{"@type":"SearchAction","target":{"@type":"EntryPoint","urlTemplate":"https:\/\/www.lecamaleon.com\/?s={search_term_string}"},"query-input":{"@type":"PropertyValueSpecification","valueRequired":true,"valueName":"search_term_string"}}],"inLanguage":"en-GB"},{"@type":"Organization","@id":"https:\/\/www.lecamaleon.com\/#organization","name":"Lecamaleon.com","url":"https:\/\/www.lecamaleon.com\/","logo":{"@type":"ImageObject","inLanguage":"en-GB","@id":"https:\/\/www.lecamaleon.com\/#\/schema\/logo\/image\/","url":"https:\/\/www.lecamaleon.com\/wp-content\/uploads\/2023\/02\/cropped-Logo-512x512-1.png","contentUrl":"https:\/\/www.lecamaleon.com\/wp-content\/uploads\/2023\/02\/cropped-Logo-512x512-1.png","width":512,"height":512,"caption":"Lecamaleon.com"},"image":{"@id":"https:\/\/www.lecamaleon.com\/#\/schema\/logo\/image\/"},"sameAs":["https:\/\/www.facebook.com\/lecamaleon","https:\/\/www.instagram.com\/le.camaleon\/","https:\/\/www.threads.net\/@le.camaleon"]}]}},"_links":{"self":[{"href":"https:\/\/www.lecamaleon.com\/en\/wp-json\/wp\/v2\/product\/3300","targetHints":{"allow":["GET"]}}],"collection":[{"href":"https:\/\/www.lecamaleon.com\/en\/wp-json\/wp\/v2\/product"}],"about":[{"href":"https:\/\/www.lecamaleon.com\/en\/wp-json\/wp\/v2\/types\/product"}],"replies":[{"embeddable":true,"href":"https:\/\/www.lecamaleon.com\/en\/wp-json\/wp\/v2\/comments?post=3300"}],"wp:featuredmedia":[{"embeddable":true,"href":"https:\/\/www.lecamaleon.com\/en\/wp-json\/wp\/v2\/media\/3314"}],"wp:attachment":[{"href":"https:\/\/www.lecamaleon.com\/en\/wp-json\/wp\/v2\/media?parent=3300"}],"wp:term":[{"taxonomy":"product_brand","embeddable":true,"href":"https:\/\/www.lecamaleon.com\/en\/wp-json\/wp\/v2\/product_brand?post=3300"},{"taxonomy":"product_cat","embeddable":true,"href":"https:\/\/www.lecamaleon.com\/en\/wp-json\/wp\/v2\/product_cat?post=3300"},{"taxonomy":"product_tag","embeddable":true,"href":"https:\/\/www.lecamaleon.com\/en\/wp-json\/wp\/v2\/product_tag?post=3300"}],"curies":[{"name":"wp","href":"https:\/\/api.w.org\/{rel}","templated":true}]}}