{"id":3963,"date":"2025-06-11T13:26:11","date_gmt":"2025-06-11T13:26:11","guid":{"rendered":"https:\/\/www.lecamaleon.com\/?post_type=product&#038;p=3963"},"modified":"2026-04-02T16:35:09","modified_gmt":"2026-04-02T16:35:09","slug":"visco-elastic-mattress-topper","status":"publish","type":"product","link":"https:\/\/www.lecamaleon.com\/en\/product\/visco-elastic-mattress-topper\/","title":{"rendered":"Memory Foam Mattress Topper | Quality and affordable"},"content":{"rendered":"<h3>What is a mattress topper used for?<\/h3>\n<p>A mattress topper is an extra layer that is placed on top of your mattress to improve comfort, protect the mattress itself and adjust the firmness without making a major investment. It is ideal for anyone who feels that their current mattress is too hard, uneven or has lost its comfort over time.<\/p>\n<h3>Advantages of memory foam<\/h3>\n<p>Memory foam responds to the body\u2019s heat and weight, moulding itself precisely to your body shape. This allows:<\/p>\n<ul>\n<li>Distribute the weight evenly<\/li>\n<li>Reduce pressure on the joints<\/li>\n<li>Improving your sleeping posture<\/li>\n<li>Minimise movement and disturbances during the night<\/li>\n<\/ul>\n<p>&nbsp;<\/p>\n<h3>Easy to maintain and clean<\/h3>\n<p>The topper comes with a removable cover with a zip, allowing you to wash just the outer cover without damaging the core. Ideal for keeping the topper clean, fresh and free from dust mites.<\/p>","protected":false},"excerpt":{"rendered":"<p>The LeCamaleon memory foam topper has been designed for those who want to significantly improve their sleep quality without having to invest in a new mattress.<\/p>\n<p>With <strong>7 cm of high-density memory foam <\/strong>(more so than standard models), this mattress topper moulds to the shape of your body, reduces pressure points and provides a feeling of lightness and support when lying down.<\/p>\n<p><strong>Characteristics:<\/strong><\/p>\n<ul>\n<li>7 cm of high-density memory foam<\/li>\n<li>Cover with zip \u2013 easy to remove and wash<\/li>\n<li>For all bed sizes: single, double, queen and king<\/li>\n<li>Excellent value for money<\/li>\n<li>Made from high-quality, durable materials<\/li>\n<li>Made in Portugal<\/li>\n<\/ul>\n<p>&nbsp;<\/p>\n<p>Improve your sleep with our LeCamaleon memory foam topper \u2013 a practical, comfortable and affordable solution for a better night\u2019s sleep every night.<\/p>\n<p>&nbsp;<\/p>\n<p><strong>Washing instructions:<\/strong><\/p>\n<p>\u2705Machine wash at 30\u00b0C or below<br \/>\n\u2705Dry on delicate cycle only<br \/>\n\u2705Can be ironed<br \/>\n\u274cDo not bleach<br \/>\n\u274cDo not dry clean<\/p>\n<p><strong>Free shipping to UK on purchases over 100\u20ac<\/strong><\/p>","protected":false},"featured_media":4652,"comment_status":"closed","ping_status":"closed","template":"","meta":{"ocean_post_layout":"","ocean_both_sidebars_style":"","ocean_both_sidebars_content_width":0,"ocean_both_sidebars_sidebars_width":0,"ocean_sidebar":"0","ocean_second_sidebar":"0","ocean_disable_margins":"enable","ocean_add_body_class":"","ocean_shortcode_before_top_bar":"","ocean_shortcode_after_top_bar":"","ocean_shortcode_before_header":"","ocean_shortcode_after_header":"","ocean_has_shortcode":"","ocean_shortcode_after_title":"","ocean_shortcode_before_footer_widgets":"","ocean_shortcode_after_footer_widgets":"","ocean_shortcode_before_footer_bottom":"","ocean_shortcode_after_footer_bottom":"","ocean_display_top_bar":"default","ocean_display_header":"default","ocean_header_style":"","ocean_center_header_left_menu":"0","ocean_custom_header_template":"0","ocean_custom_logo":0,"ocean_custom_retina_logo":0,"ocean_custom_logo_max_width":0,"ocean_custom_logo_tablet_max_width":0,"ocean_custom_logo_mobile_max_width":0,"ocean_custom_logo_max_height":0,"ocean_custom_logo_tablet_max_height":0,"ocean_custom_logo_mobile_max_height":0,"ocean_header_custom_menu":"0","ocean_menu_typo_font_family":"0","ocean_menu_typo_font_subset":"","ocean_menu_typo_font_size":0,"ocean_menu_typo_font_size_tablet":0,"ocean_menu_typo_font_size_mobile":0,"ocean_menu_typo_font_size_unit":"px","ocean_menu_typo_font_weight":"","ocean_menu_typo_font_weight_tablet":"","ocean_menu_typo_font_weight_mobile":"","ocean_menu_typo_transform":"","ocean_menu_typo_transform_tablet":"","ocean_menu_typo_transform_mobile":"","ocean_menu_typo_line_height":0,"ocean_menu_typo_line_height_tablet":0,"ocean_menu_typo_line_height_mobile":0,"ocean_menu_typo_line_height_unit":"","ocean_menu_typo_spacing":0,"ocean_menu_typo_spacing_tablet":0,"ocean_menu_typo_spacing_mobile":0,"ocean_menu_typo_spacing_unit":"","ocean_menu_link_color":"","ocean_menu_link_color_hover":"","ocean_menu_link_color_active":"","ocean_menu_link_background":"","ocean_menu_link_hover_background":"","ocean_menu_link_active_background":"","ocean_menu_social_links_bg":"","ocean_menu_social_hover_links_bg":"","ocean_menu_social_links_color":"","ocean_menu_social_hover_links_color":"","ocean_disable_title":"default","ocean_disable_heading":"default","ocean_post_title":"","ocean_post_subheading":"","ocean_post_title_style":"","ocean_post_title_background_color":"","ocean_post_title_background":0,"ocean_post_title_bg_image_position":"","ocean_post_title_bg_image_attachment":"","ocean_post_title_bg_image_repeat":"","ocean_post_title_bg_image_size":"","ocean_post_title_height":0,"ocean_post_title_bg_overlay":0.5,"ocean_post_title_bg_overlay_color":"","ocean_disable_breadcrumbs":"default","ocean_breadcrumbs_color":"","ocean_breadcrumbs_separator_color":"","ocean_breadcrumbs_links_color":"","ocean_breadcrumbs_links_hover_color":"","ocean_display_footer_widgets":"default","ocean_display_footer_bottom":"default","ocean_custom_footer_template":"0"},"product_brand":[],"product_cat":[155],"product_tag":[],"class_list":{"0":"post-3963","1":"product","2":"type-product","3":"status-publish","4":"has-post-thumbnail","6":"product_cat-sobrecolchoes","8":"entry","9":"has-media","11":"first","12":"instock","13":"taxable","14":"shipping-taxable","15":"purchasable","16":"product-type-variable","17":"has-product-nav","18":"col","19":"span_1_of_3","20":"owp-content-center","21":"owp-thumbs-layout-horizontal","22":"owp-btn-normal","23":"owp-tabs-layout-horizontal"},"yoast_head":"<!-- This site is optimized with the Yoast SEO plugin v27.3 - https:\/\/yoast.com\/product\/yoast-seo-wordpress\/ -->\n<title>Topper Colch\u00e3o Viscoel\u00e1stico | Qualidade e pre\u00e7o acess\u00edvel<\/title>\n<meta name=\"description\" content=\"Sobrecolch\u00e3o viscoel\u00e1stico com 7 cm de espessura, capa com fecho e conforto extra. Melhora o descanso sem trocar de colch\u00e3o. V\u00e1rias medidas dispon\u00edveis.\" \/>\n<meta name=\"robots\" content=\"index, follow, max-snippet:-1, max-image-preview:large, max-video-preview:-1\" \/>\n<link rel=\"canonical\" href=\"https:\/\/www.lecamaleon.com\/en\/product\/visco-elastic-mattress-topper\/\" \/>\n<meta property=\"og:locale\" content=\"en_GB\" \/>\n<meta property=\"og:type\" content=\"article\" \/>\n<meta property=\"og:title\" content=\"Topper Colch\u00e3o Viscoel\u00e1stico | Qualidade e pre\u00e7o acess\u00edvel\" \/>\n<meta property=\"og:description\" content=\"Sobrecolch\u00e3o viscoel\u00e1stico com 7 cm de espessura, capa com fecho e conforto extra. Melhora o descanso sem trocar de colch\u00e3o. V\u00e1rias medidas dispon\u00edveis.\" \/>\n<meta property=\"og:url\" content=\"https:\/\/www.lecamaleon.com\/en\/product\/visco-elastic-mattress-topper\/\" \/>\n<meta property=\"og:site_name\" content=\"Lecamaleon\" \/>\n<meta property=\"article:publisher\" content=\"https:\/\/www.facebook.com\/lecamaleon\" \/>\n<meta property=\"article:modified_time\" content=\"2026-04-02T16:35:09+00:00\" \/>\n<meta property=\"og:image\" content=\"https:\/\/www.lecamaleon.com\/wp-content\/uploads\/2025\/06\/topper-viscoelastico-lecamaleon-em-cama-de-casal.jpg\" \/>\n\t<meta property=\"og:image:width\" content=\"1080\" \/>\n\t<meta property=\"og:image:height\" content=\"1440\" \/>\n\t<meta property=\"og:image:type\" content=\"image\/jpeg\" \/>\n<meta name=\"twitter:card\" content=\"summary_large_image\" \/>\n<meta name=\"twitter:label1\" content=\"Estimated reading time\" \/>\n\t<meta name=\"twitter:data1\" content=\"1 minute\" \/>\n<script type=\"application\/ld+json\" class=\"yoast-schema-graph\">{\"@context\":\"https:\\\/\\\/schema.org\",\"@graph\":[{\"@type\":\"WebPage\",\"@id\":\"https:\\\/\\\/www.lecamaleon.com\\\/produto\\\/topper-viscoelastico-sobrecolchao\\\/\",\"url\":\"https:\\\/\\\/www.lecamaleon.com\\\/produto\\\/topper-viscoelastico-sobrecolchao\\\/\",\"name\":\"Topper Colch\u00e3o Viscoel\u00e1stico | Qualidade e pre\u00e7o acess\u00edvel\",\"isPartOf\":{\"@id\":\"https:\\\/\\\/www.lecamaleon.com\\\/#website\"},\"primaryImageOfPage\":{\"@id\":\"https:\\\/\\\/www.lecamaleon.com\\\/produto\\\/topper-viscoelastico-sobrecolchao\\\/#primaryimage\"},\"image\":{\"@id\":\"https:\\\/\\\/www.lecamaleon.com\\\/produto\\\/topper-viscoelastico-sobrecolchao\\\/#primaryimage\"},\"thumbnailUrl\":\"https:\\\/\\\/www.lecamaleon.com\\\/wp-content\\\/uploads\\\/2025\\\/06\\\/topper-viscoelastico-lecamaleon-em-cama-de-casal.jpg\",\"datePublished\":\"2025-06-11T13:26:11+00:00\",\"dateModified\":\"2026-04-02T16:35:09+00:00\",\"description\":\"Sobrecolch\u00e3o viscoel\u00e1stico com 7 cm de espessura, capa com fecho e conforto extra. Melhora o descanso sem trocar de colch\u00e3o. V\u00e1rias medidas dispon\u00edveis.\",\"breadcrumb\":{\"@id\":\"https:\\\/\\\/www.lecamaleon.com\\\/produto\\\/topper-viscoelastico-sobrecolchao\\\/#breadcrumb\"},\"inLanguage\":\"en-GB\",\"potentialAction\":[{\"@type\":\"ReadAction\",\"target\":[\"https:\\\/\\\/www.lecamaleon.com\\\/produto\\\/topper-viscoelastico-sobrecolchao\\\/\"]}]},{\"@type\":\"ImageObject\",\"inLanguage\":\"en-GB\",\"@id\":\"https:\\\/\\\/www.lecamaleon.com\\\/produto\\\/topper-viscoelastico-sobrecolchao\\\/#primaryimage\",\"url\":\"https:\\\/\\\/www.lecamaleon.com\\\/wp-content\\\/uploads\\\/2025\\\/06\\\/topper-viscoelastico-lecamaleon-em-cama-de-casal.jpg\",\"contentUrl\":\"https:\\\/\\\/www.lecamaleon.com\\\/wp-content\\\/uploads\\\/2025\\\/06\\\/topper-viscoelastico-lecamaleon-em-cama-de-casal.jpg\",\"width\":1080,\"height\":1440,\"caption\":\"Topper viscoel\u00e1stico LeCamaleon numa cama de casal\"},{\"@type\":\"BreadcrumbList\",\"@id\":\"https:\\\/\\\/www.lecamaleon.com\\\/produto\\\/topper-viscoelastico-sobrecolchao\\\/#breadcrumb\",\"itemListElement\":[{\"@type\":\"ListItem\",\"position\":1,\"name\":\"In\u00edcio\",\"item\":\"https:\\\/\\\/www.lecamaleon.com\\\/\"},{\"@type\":\"ListItem\",\"position\":2,\"name\":\"Loja\",\"item\":\"https:\\\/\\\/www.lecamaleon.com\\\/loja\\\/\"},{\"@type\":\"ListItem\",\"position\":3,\"name\":\"Topper Colch\u00e3o Viscoel\u00e1stico | Qualidade e pre\u00e7o acess\u00edvel\"}]},{\"@type\":\"WebSite\",\"@id\":\"https:\\\/\\\/www.lecamaleon.com\\\/#website\",\"url\":\"https:\\\/\\\/www.lecamaleon.com\\\/\",\"name\":\"Lecamaleon.com\",\"description\":\"Loja online de t\u00eaxtil-lar com produtos fabricados em Portugal aos melhores pre\u00e7os: edred\u00f5es, almofadas de dormir, len\u00e7\u00f3is de linho, len\u00e7\u00f3is de cetim e mais.\",\"publisher\":{\"@id\":\"https:\\\/\\\/www.lecamaleon.com\\\/#organization\"},\"alternateName\":\"LeCamaleon\",\"potentialAction\":[{\"@type\":\"SearchAction\",\"target\":{\"@type\":\"EntryPoint\",\"urlTemplate\":\"https:\\\/\\\/www.lecamaleon.com\\\/?s={search_term_string}\"},\"query-input\":{\"@type\":\"PropertyValueSpecification\",\"valueRequired\":true,\"valueName\":\"search_term_string\"}}],\"inLanguage\":\"en-GB\"},{\"@type\":\"Organization\",\"@id\":\"https:\\\/\\\/www.lecamaleon.com\\\/#organization\",\"name\":\"Lecamaleon.com\",\"url\":\"https:\\\/\\\/www.lecamaleon.com\\\/\",\"logo\":{\"@type\":\"ImageObject\",\"inLanguage\":\"en-GB\",\"@id\":\"https:\\\/\\\/www.lecamaleon.com\\\/#\\\/schema\\\/logo\\\/image\\\/\",\"url\":\"https:\\\/\\\/www.lecamaleon.com\\\/wp-content\\\/uploads\\\/2023\\\/02\\\/cropped-Logo-512x512-1.png\",\"contentUrl\":\"https:\\\/\\\/www.lecamaleon.com\\\/wp-content\\\/uploads\\\/2023\\\/02\\\/cropped-Logo-512x512-1.png\",\"width\":512,\"height\":512,\"caption\":\"Lecamaleon.com\"},\"image\":{\"@id\":\"https:\\\/\\\/www.lecamaleon.com\\\/#\\\/schema\\\/logo\\\/image\\\/\"},\"sameAs\":[\"https:\\\/\\\/www.facebook.com\\\/lecamaleon\",\"https:\\\/\\\/www.instagram.com\\\/le.camaleon\\\/\",\"https:\\\/\\\/www.threads.net\\\/@le.camaleon\"]}]}<\/script>\n<!-- \/ Yoast SEO plugin. -->","yoast_head_json":{"title":"Memory Foam Mattress Topper | Quality and affordable","description":"7 cm thick memory foam mattress topper with a zip-up cover and extra comfort. Improves your sleep without having to change your mattress. Available in various sizes.","robots":{"index":"index","follow":"follow","max-snippet":"max-snippet:-1","max-image-preview":"max-image-preview:large","max-video-preview":"max-video-preview:-1"},"canonical":"https:\/\/www.lecamaleon.com\/en\/product\/visco-elastic-mattress-topper\/","og_locale":"en_GB","og_type":"article","og_title":"Topper Colch\u00e3o Viscoel\u00e1stico | Qualidade e pre\u00e7o acess\u00edvel","og_description":"Sobrecolch\u00e3o viscoel\u00e1stico com 7 cm de espessura, capa com fecho e conforto extra. Melhora o descanso sem trocar de colch\u00e3o. V\u00e1rias medidas dispon\u00edveis.","og_url":"https:\/\/www.lecamaleon.com\/en\/product\/visco-elastic-mattress-topper\/","og_site_name":"Lecamaleon","article_publisher":"https:\/\/www.facebook.com\/lecamaleon","article_modified_time":"2026-04-02T16:35:09+00:00","og_image":[{"width":1080,"height":1440,"url":"https:\/\/www.lecamaleon.com\/wp-content\/uploads\/2025\/06\/topper-viscoelastico-lecamaleon-em-cama-de-casal.jpg","type":"image\/jpeg"}],"twitter_card":"summary_large_image","twitter_misc":{"Estimated reading time":"1 minute"},"schema":{"@context":"https:\/\/schema.org","@graph":[{"@type":"WebPage","@id":"https:\/\/www.lecamaleon.com\/produto\/topper-viscoelastico-sobrecolchao\/","url":"https:\/\/www.lecamaleon.com\/produto\/topper-viscoelastico-sobrecolchao\/","name":"Memory Foam Mattress Topper | Quality and affordable","isPartOf":{"@id":"https:\/\/www.lecamaleon.com\/#website"},"primaryImageOfPage":{"@id":"https:\/\/www.lecamaleon.com\/produto\/topper-viscoelastico-sobrecolchao\/#primaryimage"},"image":{"@id":"https:\/\/www.lecamaleon.com\/produto\/topper-viscoelastico-sobrecolchao\/#primaryimage"},"thumbnailUrl":"https:\/\/www.lecamaleon.com\/wp-content\/uploads\/2025\/06\/topper-viscoelastico-lecamaleon-em-cama-de-casal.jpg","datePublished":"2025-06-11T13:26:11+00:00","dateModified":"2026-04-02T16:35:09+00:00","description":"7 cm thick memory foam mattress topper with a zip-up cover and extra comfort. Improves your sleep without having to change your mattress. Available in various sizes.","breadcrumb":{"@id":"https:\/\/www.lecamaleon.com\/produto\/topper-viscoelastico-sobrecolchao\/#breadcrumb"},"inLanguage":"en-GB","potentialAction":[{"@type":"ReadAction","target":["https:\/\/www.lecamaleon.com\/produto\/topper-viscoelastico-sobrecolchao\/"]}]},{"@type":"ImageObject","inLanguage":"en-GB","@id":"https:\/\/www.lecamaleon.com\/produto\/topper-viscoelastico-sobrecolchao\/#primaryimage","url":"https:\/\/www.lecamaleon.com\/wp-content\/uploads\/2025\/06\/topper-viscoelastico-lecamaleon-em-cama-de-casal.jpg","contentUrl":"https:\/\/www.lecamaleon.com\/wp-content\/uploads\/2025\/06\/topper-viscoelastico-lecamaleon-em-cama-de-casal.jpg","width":1080,"height":1440,"caption":"Topper viscoel\u00e1stico LeCamaleon numa cama de casal"},{"@type":"BreadcrumbList","@id":"https:\/\/www.lecamaleon.com\/produto\/topper-viscoelastico-sobrecolchao\/#breadcrumb","itemListElement":[{"@type":"ListItem","position":1,"name":"In\u00edcio","item":"https:\/\/www.lecamaleon.com\/"},{"@type":"ListItem","position":2,"name":"Loja","item":"https:\/\/www.lecamaleon.com\/loja\/"},{"@type":"ListItem","position":3,"name":"Topper Colch\u00e3o Viscoel\u00e1stico | Qualidade e pre\u00e7o acess\u00edvel"}]},{"@type":"WebSite","@id":"https:\/\/www.lecamaleon.com\/#website","url":"https:\/\/www.lecamaleon.com\/","name":"Lecamaleon.com","description":"Loja online de t\u00eaxtil-lar com produtos fabricados em Portugal aos melhores pre\u00e7os: edred\u00f5es, almofadas de dormir, len\u00e7\u00f3is de linho, len\u00e7\u00f3is de cetim e mais.","publisher":{"@id":"https:\/\/www.lecamaleon.com\/#organization"},"alternateName":"LeCamaleon","potentialAction":[{"@type":"SearchAction","target":{"@type":"EntryPoint","urlTemplate":"https:\/\/www.lecamaleon.com\/?s={search_term_string}"},"query-input":{"@type":"PropertyValueSpecification","valueRequired":true,"valueName":"search_term_string"}}],"inLanguage":"en-GB"},{"@type":"Organization","@id":"https:\/\/www.lecamaleon.com\/#organization","name":"Lecamaleon.com","url":"https:\/\/www.lecamaleon.com\/","logo":{"@type":"ImageObject","inLanguage":"en-GB","@id":"https:\/\/www.lecamaleon.com\/#\/schema\/logo\/image\/","url":"https:\/\/www.lecamaleon.com\/wp-content\/uploads\/2023\/02\/cropped-Logo-512x512-1.png","contentUrl":"https:\/\/www.lecamaleon.com\/wp-content\/uploads\/2023\/02\/cropped-Logo-512x512-1.png","width":512,"height":512,"caption":"Lecamaleon.com"},"image":{"@id":"https:\/\/www.lecamaleon.com\/#\/schema\/logo\/image\/"},"sameAs":["https:\/\/www.facebook.com\/lecamaleon","https:\/\/www.instagram.com\/le.camaleon\/","https:\/\/www.threads.net\/@le.camaleon"]}]}},"_links":{"self":[{"href":"https:\/\/www.lecamaleon.com\/en\/wp-json\/wp\/v2\/product\/3963","targetHints":{"allow":["GET"]}}],"collection":[{"href":"https:\/\/www.lecamaleon.com\/en\/wp-json\/wp\/v2\/product"}],"about":[{"href":"https:\/\/www.lecamaleon.com\/en\/wp-json\/wp\/v2\/types\/product"}],"replies":[{"embeddable":true,"href":"https:\/\/www.lecamaleon.com\/en\/wp-json\/wp\/v2\/comments?post=3963"}],"wp:featuredmedia":[{"embeddable":true,"href":"https:\/\/www.lecamaleon.com\/en\/wp-json\/wp\/v2\/media\/4652"}],"wp:attachment":[{"href":"https:\/\/www.lecamaleon.com\/en\/wp-json\/wp\/v2\/media?parent=3963"}],"wp:term":[{"taxonomy":"product_brand","embeddable":true,"href":"https:\/\/www.lecamaleon.com\/en\/wp-json\/wp\/v2\/product_brand?post=3963"},{"taxonomy":"product_cat","embeddable":true,"href":"https:\/\/www.lecamaleon.com\/en\/wp-json\/wp\/v2\/product_cat?post=3963"},{"taxonomy":"product_tag","embeddable":true,"href":"https:\/\/www.lecamaleon.com\/en\/wp-json\/wp\/v2\/product_tag?post=3963"}],"curies":[{"name":"wp","href":"https:\/\/api.w.org\/{rel}","templated":true}]}}