{"id":999,"date":"2023-03-06T08:51:44","date_gmt":"2023-03-06T08:51:44","guid":{"rendered":"https:\/\/www.lecamaleon.com\/?post_type=product&#038;p=999"},"modified":"2025-02-27T18:46:34","modified_gmt":"2025-02-27T18:46:34","slug":"almofada-aloe-vera","status":"publish","type":"product","link":"https:\/\/www.lecamaleon.com\/en\/product\/almofada-aloe-vera\/","title":{"rendered":"Aloe Vera Pillow"},"content":{"rendered":"<p>A Almofada Alo\u00e9 Vera \u00e9 a solu\u00e7\u00e3o ideal para uma noite tranquila.<\/p>\n<p>Diga adeus \u00e0s interrup\u00e7\u00f5es do seu sono com a Almofada Alo\u00e9 Vera com n\u00facleo feito a partir de viscoel\u00e1stico. Foi desenhada para proporcionar um suporte personalizado a cada pessoa, combinando a inova\u00e7\u00e3o viscoel\u00e1stica com os benef\u00edcios naturais do alo\u00e9 vera.<\/p>\n<p><strong>Suporte Adapt\u00e1vel e Conforto Personalizado:<\/strong><\/p>\n<p>A nossa almofada viscoel\u00e1stica alo\u00e9 vera tem a capacidade de se moldar automaticamente para se ajustar \u00e0 forma \u00fanica da sua cabe\u00e7a e pesco\u00e7o. Desfrute de um suporte adapt\u00e1vel que alivia pontos de press\u00e3o, reduzindo desconfortos e promovendo um sono mais profundo.<\/p>\n<p><strong>Alo\u00e9 Vera: O Toque Natural do Bem-Estar:<\/strong><\/p>\n<p>O tecido passou por um tratamento de alo\u00e9 vera, conhecido pelas suas propriedades calmantes e hidratantes, para propocionar um toque suave e fresco.<\/p>\n<p><strong>Regula\u00e7\u00e3o T\u00e9rmica para Noites Perfeitas:<\/strong><\/p>\n<p>A tecnologia viscoel\u00e1stica n\u00e3o s\u00f3 responde \u00e0 sua forma, mas tamb\u00e9m regula a temperatura. Assegura uma noite tranquila e sem interrup\u00e7\u00f5es. Mantenha-se fresco nos meses quentes e confortavelmente aquecido nos meses frios.<\/p>\n<p><strong>Hipoalerg\u00e9nica e Dur\u00e1vel:<\/strong><\/p>\n<p>A almofada viscoel\u00e1stica de alo\u00e9 vera \u00e9 uma escolha hipoalerg\u00e9nica, ideal para sensibilidades cut\u00e2neas. Al\u00e9m disso, \u00e9 constru\u00edda para durar, mantendo a sua forma original e proporcionando conforto por longos per\u00edodos de tempo.<\/p>","protected":false},"excerpt":{"rendered":"<p>A Almofada Alo\u00e9 Vera \u00e9 a solu\u00e7\u00e3o ideal para uma noite tranquila.<\/p>\n<p>Diga adeus \u00e0s interrup\u00e7\u00f5es do seu sono com esta almofada aloe vera com n\u00facleo em viscoel\u00e1stico vegetal.<\/p>\n<p>Esta almofada, <strong>fabricada em Portugal<\/strong>, foi desenhada para se adaptar \u00e0 sua cabe\u00e7a quando est\u00e1 deitado e recuperar a sua forma original depois de se levantar.<\/p>\n<p><strong>Composition<\/strong><\/p>\n<ul>\n<li>N\u00facleo: viscoel\u00e1stico de origem vegetal (<em>huile de ricin<\/em>)<\/li>\n<li>Viscoel\u00e1stico de contacto (adapta-se a si)<\/li>\n<li>Exterior: stretch com tratamento de Alo\u00e9 Vera para suavidade m\u00e1xima na pele<\/li>\n<li>Tecido feito \u00e0 base de fibras vegetais<\/li>\n<\/ul>\n<p>&nbsp;<\/p>\n<p><strong>Tamanho: <\/strong>60 x 60<\/p>\n<p>&nbsp;<\/p>\n<p>Certifica\u00e7\u00e3o <a href=\"https:\/\/www.oeko-tex.com\/en\/our-standards\/oeko-tex-standard-100\"><strong>OEKO-TEX\u00ae STANDARD 100<\/strong> <\/a><\/p>\n<p>&nbsp;<\/p>","protected":false},"featured_media":2512,"comment_status":"open","ping_status":"closed","template":"","meta":{"ocean_post_layout":"","ocean_both_sidebars_style":"","ocean_both_sidebars_content_width":0,"ocean_both_sidebars_sidebars_width":0,"ocean_sidebar":"0","ocean_second_sidebar":"0","ocean_disable_margins":"enable","ocean_add_body_class":"","ocean_shortcode_before_top_bar":"","ocean_shortcode_after_top_bar":"","ocean_shortcode_before_header":"","ocean_shortcode_after_header":"","ocean_has_shortcode":"","ocean_shortcode_after_title":"","ocean_shortcode_before_footer_widgets":"","ocean_shortcode_after_footer_widgets":"","ocean_shortcode_before_footer_bottom":"","ocean_shortcode_after_footer_bottom":"","ocean_display_top_bar":"default","ocean_display_header":"default","ocean_header_style":"","ocean_center_header_left_menu":"0","ocean_custom_header_template":"0","ocean_custom_logo":0,"ocean_custom_retina_logo":0,"ocean_custom_logo_max_width":0,"ocean_custom_logo_tablet_max_width":0,"ocean_custom_logo_mobile_max_width":0,"ocean_custom_logo_max_height":0,"ocean_custom_logo_tablet_max_height":0,"ocean_custom_logo_mobile_max_height":0,"ocean_header_custom_menu":"0","ocean_menu_typo_font_family":"0","ocean_menu_typo_font_subset":"","ocean_menu_typo_font_size":0,"ocean_menu_typo_font_size_tablet":0,"ocean_menu_typo_font_size_mobile":0,"ocean_menu_typo_font_size_unit":"px","ocean_menu_typo_font_weight":"","ocean_menu_typo_font_weight_tablet":"","ocean_menu_typo_font_weight_mobile":"","ocean_menu_typo_transform":"","ocean_menu_typo_transform_tablet":"","ocean_menu_typo_transform_mobile":"","ocean_menu_typo_line_height":0,"ocean_menu_typo_line_height_tablet":0,"ocean_menu_typo_line_height_mobile":0,"ocean_menu_typo_line_height_unit":"","ocean_menu_typo_spacing":0,"ocean_menu_typo_spacing_tablet":0,"ocean_menu_typo_spacing_mobile":0,"ocean_menu_typo_spacing_unit":"","ocean_menu_link_color":"","ocean_menu_link_color_hover":"","ocean_menu_link_color_active":"","ocean_menu_link_background":"","ocean_menu_link_hover_background":"","ocean_menu_link_active_background":"","ocean_menu_social_links_bg":"","ocean_menu_social_hover_links_bg":"","ocean_menu_social_links_color":"","ocean_menu_social_hover_links_color":"","ocean_disable_title":"default","ocean_disable_heading":"default","ocean_post_title":"","ocean_post_subheading":"","ocean_post_title_style":"","ocean_post_title_background_color":"","ocean_post_title_background":0,"ocean_post_title_bg_image_position":"","ocean_post_title_bg_image_attachment":"","ocean_post_title_bg_image_repeat":"","ocean_post_title_bg_image_size":"","ocean_post_title_height":0,"ocean_post_title_bg_overlay":0.5,"ocean_post_title_bg_overlay_color":"","ocean_disable_breadcrumbs":"default","ocean_breadcrumbs_color":"","ocean_breadcrumbs_separator_color":"","ocean_breadcrumbs_links_color":"","ocean_breadcrumbs_links_hover_color":"","ocean_display_footer_widgets":"default","ocean_display_footer_bottom":"default","ocean_custom_footer_template":"0"},"product_brand":[],"product_cat":[46,73],"product_tag":[],"class_list":{"0":"post-999","1":"product","2":"type-product","3":"status-publish","4":"has-post-thumbnail","6":"product_cat-almofadas-de-dormir","7":"product_cat-roupa-de-cama","9":"entry","10":"has-media","12":"first","13":"instock","14":"taxable","15":"shipping-taxable","16":"purchasable","17":"product-type-simple","18":"has-product-nav","19":"col","20":"span_1_of_3","21":"owp-content-center","22":"owp-thumbs-layout-horizontal","23":"owp-btn-normal","24":"owp-tabs-layout-horizontal"},"yoast_head":"<!-- This site is optimized with the Yoast SEO plugin v27.3 - https:\/\/yoast.com\/product\/yoast-seo-wordpress\/ -->\n<title>Almofada Alo\u00e9 Vera | conforto e suavidade enquanto dorme<\/title>\n<meta name=\"description\" content=\"Almofada Alo\u00e9 Vera com m\u00e1xima suavidade do tecido. N\u00facleo fabricado a partir de Viscoel\u00e1stico Vegetal. Conforto garantido enquanto dorme.\" \/>\n<meta name=\"robots\" content=\"index, follow, max-snippet:-1, max-image-preview:large, max-video-preview:-1\" \/>\n<link rel=\"canonical\" href=\"https:\/\/www.lecamaleon.com\/en\/product\/almofada-aloe-vera\/\" \/>\n<meta property=\"og:locale\" content=\"en_GB\" \/>\n<meta property=\"og:type\" content=\"article\" \/>\n<meta property=\"og:title\" content=\"Almofada Alo\u00e9 Vera | conforto e suavidade enquanto dorme\" \/>\n<meta property=\"og:description\" content=\"Almofada Alo\u00e9 Vera com m\u00e1xima suavidade do tecido. N\u00facleo fabricado a partir de Viscoel\u00e1stico Vegetal. Conforto garantido enquanto dorme.\" \/>\n<meta property=\"og:url\" content=\"https:\/\/www.lecamaleon.com\/en\/product\/almofada-aloe-vera\/\" \/>\n<meta property=\"og:site_name\" content=\"Lecamaleon\" \/>\n<meta property=\"article:publisher\" content=\"https:\/\/www.facebook.com\/lecamaleon\" \/>\n<meta property=\"article:modified_time\" content=\"2025-02-27T18:46:34+00:00\" \/>\n<meta property=\"og:image\" content=\"https:\/\/www.lecamaleon.com\/wp-content\/uploads\/2023\/03\/DSC01674-scaled.jpg\" \/>\n\t<meta property=\"og:image:width\" content=\"1707\" \/>\n\t<meta property=\"og:image:height\" content=\"2560\" \/>\n\t<meta property=\"og:image:type\" content=\"image\/jpeg\" \/>\n<meta name=\"twitter:card\" content=\"summary_large_image\" \/>\n<meta name=\"twitter:label1\" content=\"Estimated reading time\" \/>\n\t<meta name=\"twitter:data1\" content=\"2 minutes\" \/>\n<script type=\"application\/ld+json\" class=\"yoast-schema-graph\">{\"@context\":\"https:\\\/\\\/schema.org\",\"@graph\":[{\"@type\":\"WebPage\",\"@id\":\"https:\\\/\\\/www.lecamaleon.com\\\/produto\\\/almofada-aloe-vera\\\/\",\"url\":\"https:\\\/\\\/www.lecamaleon.com\\\/produto\\\/almofada-aloe-vera\\\/\",\"name\":\"Almofada Alo\u00e9 Vera | conforto e suavidade enquanto dorme\",\"isPartOf\":{\"@id\":\"https:\\\/\\\/www.lecamaleon.com\\\/#website\"},\"primaryImageOfPage\":{\"@id\":\"https:\\\/\\\/www.lecamaleon.com\\\/produto\\\/almofada-aloe-vera\\\/#primaryimage\"},\"image\":{\"@id\":\"https:\\\/\\\/www.lecamaleon.com\\\/produto\\\/almofada-aloe-vera\\\/#primaryimage\"},\"thumbnailUrl\":\"https:\\\/\\\/www.lecamaleon.com\\\/wp-content\\\/uploads\\\/2023\\\/03\\\/DSC01674-scaled.jpg\",\"datePublished\":\"2023-03-06T08:51:44+00:00\",\"dateModified\":\"2025-02-27T18:46:34+00:00\",\"description\":\"Almofada Alo\u00e9 Vera com m\u00e1xima suavidade do tecido. N\u00facleo fabricado a partir de Viscoel\u00e1stico Vegetal. Conforto garantido enquanto dorme.\",\"breadcrumb\":{\"@id\":\"https:\\\/\\\/www.lecamaleon.com\\\/produto\\\/almofada-aloe-vera\\\/#breadcrumb\"},\"inLanguage\":\"en-GB\",\"potentialAction\":[{\"@type\":\"ReadAction\",\"target\":[\"https:\\\/\\\/www.lecamaleon.com\\\/produto\\\/almofada-aloe-vera\\\/\"]}]},{\"@type\":\"ImageObject\",\"inLanguage\":\"en-GB\",\"@id\":\"https:\\\/\\\/www.lecamaleon.com\\\/produto\\\/almofada-aloe-vera\\\/#primaryimage\",\"url\":\"https:\\\/\\\/www.lecamaleon.com\\\/wp-content\\\/uploads\\\/2023\\\/03\\\/DSC01674-scaled.jpg\",\"contentUrl\":\"https:\\\/\\\/www.lecamaleon.com\\\/wp-content\\\/uploads\\\/2023\\\/03\\\/DSC01674-scaled.jpg\",\"width\":1707,\"height\":2560,\"caption\":\"Almofada aloe vera com n\u00facleo em viscoel\u00e1stico.\"},{\"@type\":\"BreadcrumbList\",\"@id\":\"https:\\\/\\\/www.lecamaleon.com\\\/produto\\\/almofada-aloe-vera\\\/#breadcrumb\",\"itemListElement\":[{\"@type\":\"ListItem\",\"position\":1,\"name\":\"In\u00edcio\",\"item\":\"https:\\\/\\\/www.lecamaleon.com\\\/\"},{\"@type\":\"ListItem\",\"position\":2,\"name\":\"Loja\",\"item\":\"https:\\\/\\\/www.lecamaleon.com\\\/loja\\\/\"},{\"@type\":\"ListItem\",\"position\":3,\"name\":\"Almofada Alo\u00e9 Vera\"}]},{\"@type\":\"WebSite\",\"@id\":\"https:\\\/\\\/www.lecamaleon.com\\\/#website\",\"url\":\"https:\\\/\\\/www.lecamaleon.com\\\/\",\"name\":\"Lecamaleon.com\",\"description\":\"Loja online de t\u00eaxtil-lar com produtos fabricados em Portugal aos melhores pre\u00e7os: edred\u00f5es, almofadas de dormir, len\u00e7\u00f3is de linho, len\u00e7\u00f3is de cetim e mais.\",\"publisher\":{\"@id\":\"https:\\\/\\\/www.lecamaleon.com\\\/#organization\"},\"alternateName\":\"LeCamaleon\",\"potentialAction\":[{\"@type\":\"SearchAction\",\"target\":{\"@type\":\"EntryPoint\",\"urlTemplate\":\"https:\\\/\\\/www.lecamaleon.com\\\/?s={search_term_string}\"},\"query-input\":{\"@type\":\"PropertyValueSpecification\",\"valueRequired\":true,\"valueName\":\"search_term_string\"}}],\"inLanguage\":\"en-GB\"},{\"@type\":\"Organization\",\"@id\":\"https:\\\/\\\/www.lecamaleon.com\\\/#organization\",\"name\":\"Lecamaleon.com\",\"url\":\"https:\\\/\\\/www.lecamaleon.com\\\/\",\"logo\":{\"@type\":\"ImageObject\",\"inLanguage\":\"en-GB\",\"@id\":\"https:\\\/\\\/www.lecamaleon.com\\\/#\\\/schema\\\/logo\\\/image\\\/\",\"url\":\"https:\\\/\\\/www.lecamaleon.com\\\/wp-content\\\/uploads\\\/2023\\\/02\\\/cropped-Logo-512x512-1.png\",\"contentUrl\":\"https:\\\/\\\/www.lecamaleon.com\\\/wp-content\\\/uploads\\\/2023\\\/02\\\/cropped-Logo-512x512-1.png\",\"width\":512,\"height\":512,\"caption\":\"Lecamaleon.com\"},\"image\":{\"@id\":\"https:\\\/\\\/www.lecamaleon.com\\\/#\\\/schema\\\/logo\\\/image\\\/\"},\"sameAs\":[\"https:\\\/\\\/www.facebook.com\\\/lecamaleon\",\"https:\\\/\\\/www.instagram.com\\\/le.camaleon\\\/\",\"https:\\\/\\\/www.threads.net\\\/@le.camaleon\"]}]}<\/script>\n<!-- \/ Yoast SEO plugin. -->","yoast_head_json":{"title":"Almofada Alo\u00e9 Vera | conforto e suavidade enquanto dorme","description":"Almofada Alo\u00e9 Vera com m\u00e1xima suavidade do tecido. N\u00facleo fabricado a partir de Viscoel\u00e1stico Vegetal. Conforto garantido enquanto dorme.","robots":{"index":"index","follow":"follow","max-snippet":"max-snippet:-1","max-image-preview":"max-image-preview:large","max-video-preview":"max-video-preview:-1"},"canonical":"https:\/\/www.lecamaleon.com\/en\/product\/almofada-aloe-vera\/","og_locale":"en_GB","og_type":"article","og_title":"Almofada Alo\u00e9 Vera | conforto e suavidade enquanto dorme","og_description":"Almofada Alo\u00e9 Vera com m\u00e1xima suavidade do tecido. N\u00facleo fabricado a partir de Viscoel\u00e1stico Vegetal. Conforto garantido enquanto dorme.","og_url":"https:\/\/www.lecamaleon.com\/en\/product\/almofada-aloe-vera\/","og_site_name":"Lecamaleon","article_publisher":"https:\/\/www.facebook.com\/lecamaleon","article_modified_time":"2025-02-27T18:46:34+00:00","og_image":[{"width":1707,"height":2560,"url":"https:\/\/www.lecamaleon.com\/wp-content\/uploads\/2023\/03\/DSC01674-scaled.jpg","type":"image\/jpeg"}],"twitter_card":"summary_large_image","twitter_misc":{"Estimated reading time":"2 minutes"},"schema":{"@context":"https:\/\/schema.org","@graph":[{"@type":"WebPage","@id":"https:\/\/www.lecamaleon.com\/produto\/almofada-aloe-vera\/","url":"https:\/\/www.lecamaleon.com\/produto\/almofada-aloe-vera\/","name":"Almofada Alo\u00e9 Vera | conforto e suavidade enquanto dorme","isPartOf":{"@id":"https:\/\/www.lecamaleon.com\/#website"},"primaryImageOfPage":{"@id":"https:\/\/www.lecamaleon.com\/produto\/almofada-aloe-vera\/#primaryimage"},"image":{"@id":"https:\/\/www.lecamaleon.com\/produto\/almofada-aloe-vera\/#primaryimage"},"thumbnailUrl":"https:\/\/www.lecamaleon.com\/wp-content\/uploads\/2023\/03\/DSC01674-scaled.jpg","datePublished":"2023-03-06T08:51:44+00:00","dateModified":"2025-02-27T18:46:34+00:00","description":"Almofada Alo\u00e9 Vera com m\u00e1xima suavidade do tecido. N\u00facleo fabricado a partir de Viscoel\u00e1stico Vegetal. Conforto garantido enquanto dorme.","breadcrumb":{"@id":"https:\/\/www.lecamaleon.com\/produto\/almofada-aloe-vera\/#breadcrumb"},"inLanguage":"en-GB","potentialAction":[{"@type":"ReadAction","target":["https:\/\/www.lecamaleon.com\/produto\/almofada-aloe-vera\/"]}]},{"@type":"ImageObject","inLanguage":"en-GB","@id":"https:\/\/www.lecamaleon.com\/produto\/almofada-aloe-vera\/#primaryimage","url":"https:\/\/www.lecamaleon.com\/wp-content\/uploads\/2023\/03\/DSC01674-scaled.jpg","contentUrl":"https:\/\/www.lecamaleon.com\/wp-content\/uploads\/2023\/03\/DSC01674-scaled.jpg","width":1707,"height":2560,"caption":"Almofada aloe vera com n\u00facleo em viscoel\u00e1stico."},{"@type":"BreadcrumbList","@id":"https:\/\/www.lecamaleon.com\/produto\/almofada-aloe-vera\/#breadcrumb","itemListElement":[{"@type":"ListItem","position":1,"name":"In\u00edcio","item":"https:\/\/www.lecamaleon.com\/"},{"@type":"ListItem","position":2,"name":"Loja","item":"https:\/\/www.lecamaleon.com\/loja\/"},{"@type":"ListItem","position":3,"name":"Almofada Alo\u00e9 Vera"}]},{"@type":"WebSite","@id":"https:\/\/www.lecamaleon.com\/#website","url":"https:\/\/www.lecamaleon.com\/","name":"Lecamaleon.com","description":"Loja online de t\u00eaxtil-lar com produtos fabricados em Portugal aos melhores pre\u00e7os: edred\u00f5es, almofadas de dormir, len\u00e7\u00f3is de linho, len\u00e7\u00f3is de cetim e mais.","publisher":{"@id":"https:\/\/www.lecamaleon.com\/#organization"},"alternateName":"LeCamaleon","potentialAction":[{"@type":"SearchAction","target":{"@type":"EntryPoint","urlTemplate":"https:\/\/www.lecamaleon.com\/?s={search_term_string}"},"query-input":{"@type":"PropertyValueSpecification","valueRequired":true,"valueName":"search_term_string"}}],"inLanguage":"en-GB"},{"@type":"Organization","@id":"https:\/\/www.lecamaleon.com\/#organization","name":"Lecamaleon.com","url":"https:\/\/www.lecamaleon.com\/","logo":{"@type":"ImageObject","inLanguage":"en-GB","@id":"https:\/\/www.lecamaleon.com\/#\/schema\/logo\/image\/","url":"https:\/\/www.lecamaleon.com\/wp-content\/uploads\/2023\/02\/cropped-Logo-512x512-1.png","contentUrl":"https:\/\/www.lecamaleon.com\/wp-content\/uploads\/2023\/02\/cropped-Logo-512x512-1.png","width":512,"height":512,"caption":"Lecamaleon.com"},"image":{"@id":"https:\/\/www.lecamaleon.com\/#\/schema\/logo\/image\/"},"sameAs":["https:\/\/www.facebook.com\/lecamaleon","https:\/\/www.instagram.com\/le.camaleon\/","https:\/\/www.threads.net\/@le.camaleon"]}]}},"_links":{"self":[{"href":"https:\/\/www.lecamaleon.com\/en\/wp-json\/wp\/v2\/product\/999","targetHints":{"allow":["GET"]}}],"collection":[{"href":"https:\/\/www.lecamaleon.com\/en\/wp-json\/wp\/v2\/product"}],"about":[{"href":"https:\/\/www.lecamaleon.com\/en\/wp-json\/wp\/v2\/types\/product"}],"replies":[{"embeddable":true,"href":"https:\/\/www.lecamaleon.com\/en\/wp-json\/wp\/v2\/comments?post=999"}],"wp:featuredmedia":[{"embeddable":true,"href":"https:\/\/www.lecamaleon.com\/en\/wp-json\/wp\/v2\/media\/2512"}],"wp:attachment":[{"href":"https:\/\/www.lecamaleon.com\/en\/wp-json\/wp\/v2\/media?parent=999"}],"wp:term":[{"taxonomy":"product_brand","embeddable":true,"href":"https:\/\/www.lecamaleon.com\/en\/wp-json\/wp\/v2\/product_brand?post=999"},{"taxonomy":"product_cat","embeddable":true,"href":"https:\/\/www.lecamaleon.com\/en\/wp-json\/wp\/v2\/product_cat?post=999"},{"taxonomy":"product_tag","embeddable":true,"href":"https:\/\/www.lecamaleon.com\/en\/wp-json\/wp\/v2\/product_tag?post=999"}],"curies":[{"name":"wp","href":"https:\/\/api.w.org\/{rel}","templated":true}]}}