{"id":375,"date":"2023-02-21T22:30:20","date_gmt":"2023-02-21T22:30:20","guid":{"rendered":"https:\/\/www.lecamaleon.com\/?page_id=375"},"modified":"2023-12-22T17:29:25","modified_gmt":"2023-12-22T17:29:25","slug":"envios-e-devolucoes","status":"publish","type":"page","link":"https:\/\/www.lecamaleon.com\/fr\/envios-e-devolucoes\/","title":{"rendered":"Envios e Devolu\u00e7\u00f5es"},"content":{"rendered":"<p><\/p>\n\n\n\n<h2 class=\"wp-block-heading\">TABELA DE PRE\u00c7O DE TRANSPORTE<\/h2>\n\n\n\n<p><strong>Peninsula Ib\u00e9rica<\/strong> &#8211; 4,99\u20ac \/ Envio* <\/p>\n\n\n\n<p><strong>Alemanha | Fran\u00e7a | It\u00e1lia<\/strong> &#8211; 9,99\u20ac \/ Envio* <\/p>\n\n\n\n<ul class=\"wp-block-list\">\n<li><strong>Compras superiores a 50\u20ac envio gr\u00e1tis<\/strong><\/li>\n<\/ul>\n\n\n\n<p><\/p>\n\n\n\n<h2 class=\"wp-block-heading\">ANNULATIONS<\/h2>\n\n\n\n<p class=\"justifica\">Les utilisateurs qui passeraint des commandes sur le site www.lecamaleon.com dont le paiement n\u2019aurait pas ete effectue,recu ou traite correctement verraient leur comande annulee 3 jour apres la passation de la comande. L\u2019utilisateur dispose d\u2019un droit de resiliation gratuite, conformemente a l\u2019article 10 du decret-loi n24\/2014 du 14 fevrier, pour les contrats conclus a distance ou conclus en dehors de l\u2019etablissement dansun delai de 14 jour ouvrables.<\/p>\n\n\n\n<p class=\"justifica\">Les annulations de comande ne  sont possibles jusqu\u2019au moment de l\u2019expidition et peuvent etre demande par le cliente. Si vous souhaitez annulaer votre comande sur le site www.lecamaleon.com, vous devez le fair edans les plus brefs delais. Vous recevrez une communication ecrite de la\u2019equipe LECAMALEON vous informant de l\u2019annulation de comande dans un delais maximum de 24 heurs. Si le montante de l\u2019achat a deja ete paye, le montant du remboursement sera rembourse au cliente en emvoyant le numero de compt.<\/p>\n\n\n\n<p class=\"justifica\">Mes si votre commandea deja ete expidiee, il ne ser apas possible de envisager une annulation.Lecamaleon se reserve le droit d\u2019annuler votre comande qui est statu. En atende de paiement et qui n\u2019a pas encore ete paye, en cas de repture de stock. Par consequence vous recevrez un email vous informant que votre comande a ete annulaee.<\/p>\n\n\n\n<p><\/p>\n\n\n\n<h2 class=\"wp-block-heading\"><strong>\u00c9CHANGES ET RETOURS<\/strong><\/h2>\n\n\n\n<p class=\"justifica\">Les articles eligibles achete sur le site lecamaleon peuvent etre echangee ou retourne dans un delais legal de 14 jour et leur valeur renboursee, a la condition qu\u2019ils respectent cumulativement les conditions de retour:<br>\u2013 les embalage de chaque produit doivent etre les original set parfaitement intacts,sans aucun type de dommage ni signe d\u2019utilisation(salete,rayures,etc) ou de ouverture.<br><\/p>\n\n\n\n<h2 class=\"wp-block-heading\"><strong>ADRESSE DE RETOUR<\/strong><\/h2>\n\n\n\n<p>Rua D Paio Mendes 3, 2\u00baesquerdo<\/p>\n\n\n\n<p>4700-424 Braga<\/p>\n\n\n\n<h2 class=\"wp-block-heading\">FRAIS DE RETOUR OU D'\u00c9CHANGE<\/h2>\n\n\n\n<p class=\"justifica\">\u2014 Les frais de port pour les retours seront a lacharge du client<br>\u2014 Les frais d\u2019expidition de la comande ne sont pas remboursables, ca ril s\u2019agit d\u2019un service nom remboursable.<br>\u2014 Les frais d\u2019enlevement et de reexpidition dependront de la zone  geografique de residence du clienr. Si vous  avez des questions n\u2019esitez pas a contater le servisse&nbsp;<a href=\"https:\/\/www.lecamaleon.com\/fr\/apoio-ao-cliente\/\">Service Client<\/a>&nbsp;LECAMALEON avec nous contacts  email telefone mobile,chat en ligne. Le&nbsp;<a href=\"https:\/\/www.cbweedporto.com.pt\/ajuda\/\">Service Client<\/a>&nbsp;LECAMALEON est disponible pour vous apporter tout l\u2019assistance dontvous avez besoin de 8h30 a 17h en semaine du lundi au vendredi.<\/p>\n\n\n\n<h2 class=\"wp-block-heading\"><strong>DUREE DE REMBOURSEMENT ET MOYENS DE PAIEMENT<\/strong><\/h2>\n\n\n\n<p class=\"justifica\">Vos produits seront echanges ou le montantr verse seraa rembourse dans un delais de 14 jour, apres reception et validation du respect des conditions de retour des artcles dans nos locaux, le remboursement sera rembourse au cliente par l\u2019envoi du numero de compt. Nous vous sugerons de conserver la preuve d\u2019expedition pour le retour des produits.<\/p>\n\n\n\n<h2 class=\"wp-block-heading\"><strong>QUI FAIRE SI VOUS RECEVEZ UN COLIS OU DES ARTICLES ENDOMAGES?<\/strong><\/h2>\n\n\n\n<p class=\"justifica\">Si l\u2019embalage d\u2019expedition est endomage, vous devez verifier son contenu lors de la livraison et deposer emmediatement une reclamation aupres du transporteur. N\u2019hesitez pas a contacter&nbsp;<a href=\"https:\/\/www.lecamaleon.com\/fr\/apoio-ao-cliente\/\">Service Client<\/a>&nbsp;Lecamaleon via email, telefone portable, chat en ligne du lundi au vendredi 8H30 a 17H.<\/p>\n\n\n\n<p class=\"justifica\">Si vous avez recu un colis en bom etat,mais que les articles sont toujour endomages,nous apprecierions que vous nous contactiez par le moyens menciones ci -dessus.Apres avoir contacte notre&nbsp;<a href=\"https:\/\/www.lecamaleon.com\/fr\/apoio-ao-cliente\/\">Service Client<\/a>&nbsp;et avoir recu les instuctions  de retour\/echange, vous devez nous renvoyer l\u2019article correctement embalee a notre adress de retour, indique ci-dessus.<\/p>","protected":false},"excerpt":{"rendered":"<p>TABELA DE PRE\u00c7O DE TRANSPORTE Peninsula Ib\u00e9rica &#8211; 4,99\u20ac \/ Envio* Alemanha | Fran\u00e7a | It\u00e1lia &#8211; 9,99\u20ac \/ Envio* CANCELAMENTOS O utilizador que realizar encomendas no site www.lecamaleon.com cujo pagamento n\u00e3o seja efetuado, recebido ou processado com sucesso ter\u00e1 as mesmas canceladas 3 dias depois da nota de encomenda. O utilizador tem o direito [&hellip;]<\/p>\n","protected":false},"author":1,"featured_media":0,"parent":0,"menu_order":0,"comment_status":"closed","ping_status":"closed","template":"","meta":{"ocean_post_layout":"","ocean_both_sidebars_style":"","ocean_both_sidebars_content_width":0,"ocean_both_sidebars_sidebars_width":0,"ocean_sidebar":"0","ocean_second_sidebar":"0","ocean_disable_margins":"enable","ocean_add_body_class":"","ocean_shortcode_before_top_bar":"","ocean_shortcode_after_top_bar":"","ocean_shortcode_before_header":"","ocean_shortcode_after_header":"","ocean_has_shortcode":"","ocean_shortcode_after_title":"","ocean_shortcode_before_footer_widgets":"","ocean_shortcode_after_footer_widgets":"","ocean_shortcode_before_footer_bottom":"","ocean_shortcode_after_footer_bottom":"","ocean_display_top_bar":"default","ocean_display_header":"default","ocean_header_style":"","ocean_center_header_left_menu":"0","ocean_custom_header_template":"0","ocean_custom_logo":0,"ocean_custom_retina_logo":0,"ocean_custom_logo_max_width":0,"ocean_custom_logo_tablet_max_width":0,"ocean_custom_logo_mobile_max_width":0,"ocean_custom_logo_max_height":0,"ocean_custom_logo_tablet_max_height":0,"ocean_custom_logo_mobile_max_height":0,"ocean_header_custom_menu":"0","ocean_menu_typo_font_family":"0","ocean_menu_typo_font_subset":"","ocean_menu_typo_font_size":0,"ocean_menu_typo_font_size_tablet":0,"ocean_menu_typo_font_size_mobile":0,"ocean_menu_typo_font_size_unit":"px","ocean_menu_typo_font_weight":"","ocean_menu_typo_font_weight_tablet":"","ocean_menu_typo_font_weight_mobile":"","ocean_menu_typo_transform":"","ocean_menu_typo_transform_tablet":"","ocean_menu_typo_transform_mobile":"","ocean_menu_typo_line_height":0,"ocean_menu_typo_line_height_tablet":0,"ocean_menu_typo_line_height_mobile":0,"ocean_menu_typo_line_height_unit":"","ocean_menu_typo_spacing":0,"ocean_menu_typo_spacing_tablet":0,"ocean_menu_typo_spacing_mobile":0,"ocean_menu_typo_spacing_unit":"","ocean_menu_link_color":"","ocean_menu_link_color_hover":"","ocean_menu_link_color_active":"","ocean_menu_link_background":"","ocean_menu_link_hover_background":"","ocean_menu_link_active_background":"","ocean_menu_social_links_bg":"","ocean_menu_social_hover_links_bg":"","ocean_menu_social_links_color":"","ocean_menu_social_hover_links_color":"","ocean_disable_title":"default","ocean_disable_heading":"default","ocean_post_title":"","ocean_post_subheading":"","ocean_post_title_style":"","ocean_post_title_background_color":"","ocean_post_title_background":0,"ocean_post_title_bg_image_position":"","ocean_post_title_bg_image_attachment":"","ocean_post_title_bg_image_repeat":"","ocean_post_title_bg_image_size":"","ocean_post_title_height":0,"ocean_post_title_bg_overlay":0.5,"ocean_post_title_bg_overlay_color":"","ocean_disable_breadcrumbs":"default","ocean_breadcrumbs_color":"","ocean_breadcrumbs_separator_color":"","ocean_breadcrumbs_links_color":"","ocean_breadcrumbs_links_hover_color":"","ocean_display_footer_widgets":"default","ocean_display_footer_bottom":"default","ocean_custom_footer_template":"0","footnotes":""},"class_list":["post-375","page","type-page","status-publish","hentry","entry","owp-thumbs-layout-horizontal","owp-btn-normal","owp-tabs-layout-horizontal","has-no-thumbnails","has-product-nav"],"yoast_head":"<!-- This site is optimized with the Yoast SEO plugin v27.4 - https:\/\/yoast.com\/product\/yoast-seo-wordpress\/ -->\n<title>Envios e Devolu\u00e7\u00f5es | Lecamaleon<\/title>\n<meta name=\"robots\" content=\"index, follow, max-snippet:-1, max-image-preview:large, max-video-preview:-1\" \/>\n<link rel=\"canonical\" href=\"https:\/\/www.lecamaleon.com\/fr\/envios-e-devolucoes\/\" \/>\n<meta property=\"og:locale\" content=\"fr_FR\" \/>\n<meta property=\"og:type\" content=\"article\" \/>\n<meta property=\"og:title\" content=\"Envios e Devolu\u00e7\u00f5es | Lecamaleon\" \/>\n<meta property=\"og:description\" content=\"TABELA DE PRE\u00c7O DE TRANSPORTE Peninsula Ib\u00e9rica &#8211; 4,99\u20ac \/ Envio* Alemanha | Fran\u00e7a | It\u00e1lia &#8211; 9,99\u20ac \/ Envio* CANCELAMENTOS O utilizador que realizar encomendas no site www.lecamaleon.com cujo pagamento n\u00e3o seja efetuado, recebido ou processado com sucesso ter\u00e1 as mesmas canceladas 3 dias depois da nota de encomenda. O utilizador tem o direito [&hellip;]\" \/>\n<meta property=\"og:url\" content=\"https:\/\/www.lecamaleon.com\/fr\/envios-e-devolucoes\/\" \/>\n<meta property=\"og:site_name\" content=\"Lecamaleon\" \/>\n<meta property=\"article:publisher\" content=\"https:\/\/www.facebook.com\/lecamaleon\" \/>\n<meta property=\"article:modified_time\" content=\"2023-12-22T17:29:25+00:00\" \/>\n<meta property=\"og:image\" content=\"https:\/\/www.lecamaleon.com\/wp-content\/uploads\/2023\/05\/lecamaleon-yost.jpg\" \/>\n\t<meta property=\"og:image:width\" content=\"1200\" \/>\n\t<meta property=\"og:image:height\" content=\"675\" \/>\n\t<meta property=\"og:image:type\" content=\"image\/jpeg\" \/>\n<meta name=\"twitter:card\" content=\"summary_large_image\" \/>\n<meta name=\"twitter:label1\" content=\"Dur\u00e9e de lecture estim\u00e9e\" \/>\n\t<meta name=\"twitter:data1\" content=\"4 minutes\" \/>\n<script type=\"application\/ld+json\" class=\"yoast-schema-graph\">{\"@context\":\"https:\\\/\\\/schema.org\",\"@graph\":[{\"@type\":\"WebPage\",\"@id\":\"https:\\\/\\\/www.lecamaleon.com\\\/envios-e-devolucoes\\\/\",\"url\":\"https:\\\/\\\/www.lecamaleon.com\\\/envios-e-devolucoes\\\/\",\"name\":\"Envios e Devolu\u00e7\u00f5es | Lecamaleon\",\"isPartOf\":{\"@id\":\"https:\\\/\\\/www.lecamaleon.com\\\/#website\"},\"datePublished\":\"2023-02-21T22:30:20+00:00\",\"dateModified\":\"2023-12-22T17:29:25+00:00\",\"breadcrumb\":{\"@id\":\"https:\\\/\\\/www.lecamaleon.com\\\/envios-e-devolucoes\\\/#breadcrumb\"},\"inLanguage\":\"fr-FR\",\"potentialAction\":[{\"@type\":\"ReadAction\",\"target\":[\"https:\\\/\\\/www.lecamaleon.com\\\/envios-e-devolucoes\\\/\"]}]},{\"@type\":\"BreadcrumbList\",\"@id\":\"https:\\\/\\\/www.lecamaleon.com\\\/envios-e-devolucoes\\\/#breadcrumb\",\"itemListElement\":[{\"@type\":\"ListItem\",\"position\":1,\"name\":\"In\u00edcio\",\"item\":\"https:\\\/\\\/www.lecamaleon.com\\\/\"},{\"@type\":\"ListItem\",\"position\":2,\"name\":\"Envios e Devolu\u00e7\u00f5es\"}]},{\"@type\":\"WebSite\",\"@id\":\"https:\\\/\\\/www.lecamaleon.com\\\/#website\",\"url\":\"https:\\\/\\\/www.lecamaleon.com\\\/\",\"name\":\"Lecamaleon.com\",\"description\":\"Loja online de t\u00eaxtil-lar com produtos fabricados em Portugal aos melhores pre\u00e7os: edred\u00f5es, almofadas de dormir, len\u00e7\u00f3is de linho, len\u00e7\u00f3is de cetim e mais.\",\"publisher\":{\"@id\":\"https:\\\/\\\/www.lecamaleon.com\\\/#organization\"},\"alternateName\":\"LeCamaleon\",\"potentialAction\":[{\"@type\":\"SearchAction\",\"target\":{\"@type\":\"EntryPoint\",\"urlTemplate\":\"https:\\\/\\\/www.lecamaleon.com\\\/?s={search_term_string}\"},\"query-input\":{\"@type\":\"PropertyValueSpecification\",\"valueRequired\":true,\"valueName\":\"search_term_string\"}}],\"inLanguage\":\"fr-FR\"},{\"@type\":\"Organization\",\"@id\":\"https:\\\/\\\/www.lecamaleon.com\\\/#organization\",\"name\":\"Lecamaleon.com\",\"url\":\"https:\\\/\\\/www.lecamaleon.com\\\/\",\"logo\":{\"@type\":\"ImageObject\",\"inLanguage\":\"fr-FR\",\"@id\":\"https:\\\/\\\/www.lecamaleon.com\\\/#\\\/schema\\\/logo\\\/image\\\/\",\"url\":\"https:\\\/\\\/www.lecamaleon.com\\\/wp-content\\\/uploads\\\/2023\\\/02\\\/cropped-Logo-512x512-1.png\",\"contentUrl\":\"https:\\\/\\\/www.lecamaleon.com\\\/wp-content\\\/uploads\\\/2023\\\/02\\\/cropped-Logo-512x512-1.png\",\"width\":512,\"height\":512,\"caption\":\"Lecamaleon.com\"},\"image\":{\"@id\":\"https:\\\/\\\/www.lecamaleon.com\\\/#\\\/schema\\\/logo\\\/image\\\/\"},\"sameAs\":[\"https:\\\/\\\/www.facebook.com\\\/lecamaleon\",\"https:\\\/\\\/www.instagram.com\\\/le.camaleon\\\/\",\"https:\\\/\\\/www.threads.net\\\/@le.camaleon\"]}]}<\/script>\n<!-- \/ Yoast SEO plugin. -->","yoast_head_json":{"title":"Envios e Devolu\u00e7\u00f5es | Lecamaleon","robots":{"index":"index","follow":"follow","max-snippet":"max-snippet:-1","max-image-preview":"max-image-preview:large","max-video-preview":"max-video-preview:-1"},"canonical":"https:\/\/www.lecamaleon.com\/fr\/envios-e-devolucoes\/","og_locale":"fr_FR","og_type":"article","og_title":"Envios e Devolu\u00e7\u00f5es | Lecamaleon","og_description":"TABELA DE PRE\u00c7O DE TRANSPORTE Peninsula Ib\u00e9rica &#8211; 4,99\u20ac \/ Envio* Alemanha | Fran\u00e7a | It\u00e1lia &#8211; 9,99\u20ac \/ Envio* CANCELAMENTOS O utilizador que realizar encomendas no site www.lecamaleon.com cujo pagamento n\u00e3o seja efetuado, recebido ou processado com sucesso ter\u00e1 as mesmas canceladas 3 dias depois da nota de encomenda. O utilizador tem o direito [&hellip;]","og_url":"https:\/\/www.lecamaleon.com\/fr\/envios-e-devolucoes\/","og_site_name":"Lecamaleon","article_publisher":"https:\/\/www.facebook.com\/lecamaleon","article_modified_time":"2023-12-22T17:29:25+00:00","og_image":[{"width":1200,"height":675,"url":"https:\/\/www.lecamaleon.com\/wp-content\/uploads\/2023\/05\/lecamaleon-yost.jpg","type":"image\/jpeg"}],"twitter_card":"summary_large_image","twitter_misc":{"Dur\u00e9e de lecture estim\u00e9e":"4 minutes"},"schema":{"@context":"https:\/\/schema.org","@graph":[{"@type":"WebPage","@id":"https:\/\/www.lecamaleon.com\/envios-e-devolucoes\/","url":"https:\/\/www.lecamaleon.com\/envios-e-devolucoes\/","name":"Envios e Devolu\u00e7\u00f5es | Lecamaleon","isPartOf":{"@id":"https:\/\/www.lecamaleon.com\/#website"},"datePublished":"2023-02-21T22:30:20+00:00","dateModified":"2023-12-22T17:29:25+00:00","breadcrumb":{"@id":"https:\/\/www.lecamaleon.com\/envios-e-devolucoes\/#breadcrumb"},"inLanguage":"fr-FR","potentialAction":[{"@type":"ReadAction","target":["https:\/\/www.lecamaleon.com\/envios-e-devolucoes\/"]}]},{"@type":"BreadcrumbList","@id":"https:\/\/www.lecamaleon.com\/envios-e-devolucoes\/#breadcrumb","itemListElement":[{"@type":"ListItem","position":1,"name":"In\u00edcio","item":"https:\/\/www.lecamaleon.com\/"},{"@type":"ListItem","position":2,"name":"Envios e Devolu\u00e7\u00f5es"}]},{"@type":"WebSite","@id":"https:\/\/www.lecamaleon.com\/#website","url":"https:\/\/www.lecamaleon.com\/","name":"Lecamaleon.com","description":"Loja online de t\u00eaxtil-lar com produtos fabricados em Portugal aos melhores pre\u00e7os: edred\u00f5es, almofadas de dormir, len\u00e7\u00f3is de linho, len\u00e7\u00f3is de cetim e mais.","publisher":{"@id":"https:\/\/www.lecamaleon.com\/#organization"},"alternateName":"LeCamaleon","potentialAction":[{"@type":"SearchAction","target":{"@type":"EntryPoint","urlTemplate":"https:\/\/www.lecamaleon.com\/?s={search_term_string}"},"query-input":{"@type":"PropertyValueSpecification","valueRequired":true,"valueName":"search_term_string"}}],"inLanguage":"fr-FR"},{"@type":"Organization","@id":"https:\/\/www.lecamaleon.com\/#organization","name":"Lecamaleon.com","url":"https:\/\/www.lecamaleon.com\/","logo":{"@type":"ImageObject","inLanguage":"fr-FR","@id":"https:\/\/www.lecamaleon.com\/#\/schema\/logo\/image\/","url":"https:\/\/www.lecamaleon.com\/wp-content\/uploads\/2023\/02\/cropped-Logo-512x512-1.png","contentUrl":"https:\/\/www.lecamaleon.com\/wp-content\/uploads\/2023\/02\/cropped-Logo-512x512-1.png","width":512,"height":512,"caption":"Lecamaleon.com"},"image":{"@id":"https:\/\/www.lecamaleon.com\/#\/schema\/logo\/image\/"},"sameAs":["https:\/\/www.facebook.com\/lecamaleon","https:\/\/www.instagram.com\/le.camaleon\/","https:\/\/www.threads.net\/@le.camaleon"]}]}},"_links":{"self":[{"href":"https:\/\/www.lecamaleon.com\/fr\/wp-json\/wp\/v2\/pages\/375","targetHints":{"allow":["GET"]}}],"collection":[{"href":"https:\/\/www.lecamaleon.com\/fr\/wp-json\/wp\/v2\/pages"}],"about":[{"href":"https:\/\/www.lecamaleon.com\/fr\/wp-json\/wp\/v2\/types\/page"}],"author":[{"embeddable":true,"href":"https:\/\/www.lecamaleon.com\/fr\/wp-json\/wp\/v2\/users\/1"}],"replies":[{"embeddable":true,"href":"https:\/\/www.lecamaleon.com\/fr\/wp-json\/wp\/v2\/comments?post=375"}],"version-history":[{"count":0,"href":"https:\/\/www.lecamaleon.com\/fr\/wp-json\/wp\/v2\/pages\/375\/revisions"}],"wp:attachment":[{"href":"https:\/\/www.lecamaleon.com\/fr\/wp-json\/wp\/v2\/media?parent=375"}],"curies":[{"name":"wp","href":"https:\/\/api.w.org\/{rel}","templated":true}]}}