{"id":2061,"date":"2023-11-23T11:12:31","date_gmt":"2023-11-23T11:12:31","guid":{"rendered":"https:\/\/www.lecamaleon.com\/?post_type=product&#038;p=2061"},"modified":"2025-01-12T12:29:00","modified_gmt":"2025-01-12T12:29:00","slug":"fronha-almofada-linho-branco","status":"publish","type":"product","link":"https:\/\/www.lecamaleon.com\/fr\/produit\/fronha-almofada-linho-branco\/","title":{"rendered":"Taie d'oreiller en lin blanc"},"content":{"rendered":"<h3>Fronha de almofada em linho lavado<\/h3>\n<p data-sourcepos=\"3:1-3:362\">O linho lavado, tamb\u00e9m conhecido como \u201cstonewashed linen\u201d, \u00e9 um tecido de linho que passou por um processo especial de pr\u00e9-lavagem. Esse processo amacia as fibras do linho, conferindo-lhe um toque mais suave e caimento mais fluido. Al\u00e9m disso, o linho lavado apresenta um aspecto naturalmente enrugado, que muitos apreciam pela sua est\u00e9tica casual e descontra\u00edda.<\/p>\n<p data-sourcepos=\"5:1-5:36\"><strong>Caracter\u00edsticas do Linho Lavado:<\/strong><\/p>\n<ul data-sourcepos=\"7:1-12:0\">\n<li data-sourcepos=\"7:1-7:155\"><strong>Toque macio e caimento fluido:<\/strong>\u00a0O processo de lavagem remove a rigidez natural do linho, tornando-o mais agrad\u00e1vel ao toque e mais f\u00e1cil de trabalhar.<\/li>\n<li data-sourcepos=\"8:1-8:136\"><strong>Aspecto naturalmente enrugado:<\/strong>\u00a0O linho lavado n\u00e3o precisa ser passado a ferro, o que contribui para seu visual casual e despojado.<\/li>\n<li data-sourcepos=\"9:1-9:157\"><strong>Dur\u00e1vel e resistente:<\/strong>\u00a0O linho \u00e9 uma fibra natural conhecida por sua durabilidade e resist\u00eancia. O processo de lavagem n\u00e3o altera essas caracter\u00edsticas.<\/li>\n<li data-sourcepos=\"10:1-10:94\"><strong>Respir\u00e1vel e fresco:<\/strong>\u00a0O linho \u00e9 um tecido respir\u00e1vel e fresco, ideal para climas quentes.<\/li>\n<li data-sourcepos=\"11:1-12:0\"><strong>Hipoalerg\u00eanico e antibacteriano:<\/strong>\u00a0O linho \u00e9 um tecido hipoalerg\u00eanico e antibacteriano, o que o torna ideal para pessoas com alergias ou sensibilidades.<\/li>\n<\/ul>","protected":false},"excerpt":{"rendered":"<div class=\"woocommerce-product-details__short-description\">\n<p>As nossas fronhas de almofada em linho s\u00e3o fabricadas em Portugal e t\u00eam uma <strong>composi\u00e7\u00e3o de 100% linho<\/strong> (165g\/m2)<\/p>\n<p>S\u00e3o lavadas com um tratamento amaciador para terem um toque suave e agrad\u00e1vel. O tingimento \u00e9 feito em pe\u00e7a para maior brilho do material e resist\u00eancia \u00e0s lavagens para durabilidade da cor.<\/p>\n<p>Esta fronha de almofada em linho branco lavado oferece:<\/p>\n<\/div>\n<ul>\n<li><a href=\"https:\/\/www.lecamaleon.com\/fr\/produit\/fronha-de-almofada-linho-terracota\/\">Suavidade m\u00e1xima na pele<\/a><\/li>\n<li><a href=\"https:\/\/www.lecamaleon.com\/fr\/produit\/fronha-de-almofada-linho-terracota\/\">A forma mais natural de dormir<\/a><\/li>\n<li><a href=\"https:\/\/www.lecamaleon.com\/fr\/produit\/fronha-de-almofada-linho-terracota\/\">Certificado Oeko-Tex Standard 100<\/a><\/li>\n<li><a href=\"https:\/\/www.lecamaleon.com\/fr\/produit\/fronha-de-almofada-linho-terracota\/\">Mais ecol\u00f3gico para o meio ambiente<\/a><\/li>\n<li><a href=\"https:\/\/www.lecamaleon.com\/fr\/produit\/fronha-de-almofada-linho-terracota\/\">Durabilidade da cor ap\u00f3s as lavagens<\/a><\/li>\n<li><a href=\"https:\/\/www.lecamaleon.com\/fr\/produit\/fronha-de-almofada-linho-terracota\/\">Mant\u00e9m a frescura no inverno e ver\u00e3o<\/a><\/li>\n<\/ul>\n<p>&nbsp;<\/p>\n<p>Temos v\u00e1rios tamanhos dispon\u00edveis (tamb\u00e9m fazemos tamanhos personalizados, <a href=\"https:\/\/www.lecamaleon.com\/fr\/encomendas-por-medida-ou-personalizadas\/\">fa\u00e7a o seu pedido<\/a>).<\/p>","protected":false},"featured_media":2059,"comment_status":"open","ping_status":"closed","template":"","meta":{"ocean_post_layout":"","ocean_both_sidebars_style":"","ocean_both_sidebars_content_width":0,"ocean_both_sidebars_sidebars_width":0,"ocean_sidebar":"0","ocean_second_sidebar":"0","ocean_disable_margins":"enable","ocean_add_body_class":"","ocean_shortcode_before_top_bar":"","ocean_shortcode_after_top_bar":"","ocean_shortcode_before_header":"","ocean_shortcode_after_header":"","ocean_has_shortcode":"","ocean_shortcode_after_title":"","ocean_shortcode_before_footer_widgets":"","ocean_shortcode_after_footer_widgets":"","ocean_shortcode_before_footer_bottom":"","ocean_shortcode_after_footer_bottom":"","ocean_display_top_bar":"default","ocean_display_header":"default","ocean_header_style":"","ocean_center_header_left_menu":"0","ocean_custom_header_template":"0","ocean_custom_logo":0,"ocean_custom_retina_logo":0,"ocean_custom_logo_max_width":0,"ocean_custom_logo_tablet_max_width":0,"ocean_custom_logo_mobile_max_width":0,"ocean_custom_logo_max_height":0,"ocean_custom_logo_tablet_max_height":0,"ocean_custom_logo_mobile_max_height":0,"ocean_header_custom_menu":"0","ocean_menu_typo_font_family":"0","ocean_menu_typo_font_subset":"","ocean_menu_typo_font_size":0,"ocean_menu_typo_font_size_tablet":0,"ocean_menu_typo_font_size_mobile":0,"ocean_menu_typo_font_size_unit":"px","ocean_menu_typo_font_weight":"","ocean_menu_typo_font_weight_tablet":"","ocean_menu_typo_font_weight_mobile":"","ocean_menu_typo_transform":"","ocean_menu_typo_transform_tablet":"","ocean_menu_typo_transform_mobile":"","ocean_menu_typo_line_height":0,"ocean_menu_typo_line_height_tablet":0,"ocean_menu_typo_line_height_mobile":0,"ocean_menu_typo_line_height_unit":"","ocean_menu_typo_spacing":0,"ocean_menu_typo_spacing_tablet":0,"ocean_menu_typo_spacing_mobile":0,"ocean_menu_typo_spacing_unit":"","ocean_menu_link_color":"","ocean_menu_link_color_hover":"","ocean_menu_link_color_active":"","ocean_menu_link_background":"","ocean_menu_link_hover_background":"","ocean_menu_link_active_background":"","ocean_menu_social_links_bg":"","ocean_menu_social_hover_links_bg":"","ocean_menu_social_links_color":"","ocean_menu_social_hover_links_color":"","ocean_disable_title":"default","ocean_disable_heading":"default","ocean_post_title":"","ocean_post_subheading":"","ocean_post_title_style":"","ocean_post_title_background_color":"","ocean_post_title_background":0,"ocean_post_title_bg_image_position":"","ocean_post_title_bg_image_attachment":"","ocean_post_title_bg_image_repeat":"","ocean_post_title_bg_image_size":"","ocean_post_title_height":0,"ocean_post_title_bg_overlay":0.5,"ocean_post_title_bg_overlay_color":"","ocean_disable_breadcrumbs":"default","ocean_breadcrumbs_color":"","ocean_breadcrumbs_separator_color":"","ocean_breadcrumbs_links_color":"","ocean_breadcrumbs_links_hover_color":"","ocean_display_footer_widgets":"default","ocean_display_footer_bottom":"default","ocean_custom_footer_template":"0"},"product_brand":[],"product_cat":[47,77,73],"product_tag":[110,100,108],"class_list":{"0":"post-2061","1":"product","2":"type-product","3":"status-publish","4":"has-post-thumbnail","6":"product_cat-fronhas-de-almofada","7":"product_cat-lencois-de-linho","8":"product_cat-roupa-de-cama","9":"product_tag-fronhas-de-almofada","10":"product_tag-linho","11":"product_tag-roupa-de-cama","13":"entry","14":"has-media","16":"first","17":"instock","18":"taxable","19":"shipping-taxable","20":"purchasable","21":"product-type-variable","22":"has-product-nav","23":"col","24":"span_1_of_3","25":"owp-content-center","26":"owp-thumbs-layout-horizontal","27":"owp-btn-normal","28":"owp-tabs-layout-horizontal"},"yoast_head":"<!-- This site is optimized with the Yoast SEO plugin v27.4 - https:\/\/yoast.com\/product\/yoast-seo-wordpress\/ -->\n<title>Fronha de almofada em linho branco | 100% linho, toque suave<\/title>\n<meta name=\"description\" content=\"Fronha de almofada em linho branco, fabricada em Portugal. Tratamento amaciador para toque suave e agrad\u00e1vel. V\u00e1rios tamanhos dispon\u00edveis.\" \/>\n<meta name=\"robots\" content=\"index, follow, max-snippet:-1, max-image-preview:large, max-video-preview:-1\" \/>\n<link rel=\"canonical\" href=\"https:\/\/www.lecamaleon.com\/fr\/produit\/fronha-almofada-linho-branco\/\" \/>\n<meta property=\"og:locale\" content=\"fr_FR\" \/>\n<meta property=\"og:type\" content=\"article\" \/>\n<meta property=\"og:title\" content=\"Fronha de almofada em linho branco | 100% linho, toque suave\" \/>\n<meta property=\"og:description\" content=\"Fronha de almofada em linho branco, fabricada em Portugal. Tratamento amaciador para toque suave e agrad\u00e1vel. V\u00e1rios tamanhos dispon\u00edveis.\" \/>\n<meta property=\"og:url\" content=\"https:\/\/www.lecamaleon.com\/fr\/produit\/fronha-almofada-linho-branco\/\" \/>\n<meta property=\"og:site_name\" content=\"Lecamaleon\" \/>\n<meta property=\"article:publisher\" content=\"https:\/\/www.facebook.com\/lecamaleon\" \/>\n<meta property=\"article:modified_time\" content=\"2025-01-12T12:29:00+00:00\" \/>\n<meta property=\"og:image\" content=\"https:\/\/www.lecamaleon.com\/wp-content\/uploads\/2023\/11\/2-fronhas-linho-neve.png\" \/>\n\t<meta property=\"og:image:width\" content=\"1080\" \/>\n\t<meta property=\"og:image:height\" content=\"1440\" \/>\n\t<meta property=\"og:image:type\" content=\"image\/png\" \/>\n<meta name=\"twitter:card\" content=\"summary_large_image\" \/>\n<meta name=\"twitter:label1\" content=\"Dur\u00e9e de lecture estim\u00e9e\" \/>\n\t<meta name=\"twitter:data1\" content=\"2 minutes\" \/>\n<script type=\"application\/ld+json\" class=\"yoast-schema-graph\">{\"@context\":\"https:\\\/\\\/schema.org\",\"@graph\":[{\"@type\":\"WebPage\",\"@id\":\"https:\\\/\\\/www.lecamaleon.com\\\/produto\\\/fronha-almofada-linho-branco\\\/\",\"url\":\"https:\\\/\\\/www.lecamaleon.com\\\/produto\\\/fronha-almofada-linho-branco\\\/\",\"name\":\"Fronha de almofada em linho branco | 100% linho, toque suave\",\"isPartOf\":{\"@id\":\"https:\\\/\\\/www.lecamaleon.com\\\/#website\"},\"primaryImageOfPage\":{\"@id\":\"https:\\\/\\\/www.lecamaleon.com\\\/produto\\\/fronha-almofada-linho-branco\\\/#primaryimage\"},\"image\":{\"@id\":\"https:\\\/\\\/www.lecamaleon.com\\\/produto\\\/fronha-almofada-linho-branco\\\/#primaryimage\"},\"thumbnailUrl\":\"https:\\\/\\\/www.lecamaleon.com\\\/wp-content\\\/uploads\\\/2023\\\/11\\\/2-fronhas-linho-neve.png\",\"datePublished\":\"2023-11-23T11:12:31+00:00\",\"dateModified\":\"2025-01-12T12:29:00+00:00\",\"description\":\"Fronha de almofada em linho branco, fabricada em Portugal. Tratamento amaciador para toque suave e agrad\u00e1vel. V\u00e1rios tamanhos dispon\u00edveis.\",\"breadcrumb\":{\"@id\":\"https:\\\/\\\/www.lecamaleon.com\\\/produto\\\/fronha-almofada-linho-branco\\\/#breadcrumb\"},\"inLanguage\":\"fr-FR\",\"potentialAction\":[{\"@type\":\"ReadAction\",\"target\":[\"https:\\\/\\\/www.lecamaleon.com\\\/produto\\\/fronha-almofada-linho-branco\\\/\"]}]},{\"@type\":\"ImageObject\",\"inLanguage\":\"fr-FR\",\"@id\":\"https:\\\/\\\/www.lecamaleon.com\\\/produto\\\/fronha-almofada-linho-branco\\\/#primaryimage\",\"url\":\"https:\\\/\\\/www.lecamaleon.com\\\/wp-content\\\/uploads\\\/2023\\\/11\\\/2-fronhas-linho-neve.png\",\"contentUrl\":\"https:\\\/\\\/www.lecamaleon.com\\\/wp-content\\\/uploads\\\/2023\\\/11\\\/2-fronhas-linho-neve.png\",\"width\":1080,\"height\":1440,\"caption\":\"Fronha de almofada 100% linho branco, fabricada em Portugal.\"},{\"@type\":\"BreadcrumbList\",\"@id\":\"https:\\\/\\\/www.lecamaleon.com\\\/produto\\\/fronha-almofada-linho-branco\\\/#breadcrumb\",\"itemListElement\":[{\"@type\":\"ListItem\",\"position\":1,\"name\":\"In\u00edcio\",\"item\":\"https:\\\/\\\/www.lecamaleon.com\\\/\"},{\"@type\":\"ListItem\",\"position\":2,\"name\":\"Loja\",\"item\":\"https:\\\/\\\/www.lecamaleon.com\\\/loja\\\/\"},{\"@type\":\"ListItem\",\"position\":3,\"name\":\"Fronha de almofada em linho branco\"}]},{\"@type\":\"WebSite\",\"@id\":\"https:\\\/\\\/www.lecamaleon.com\\\/#website\",\"url\":\"https:\\\/\\\/www.lecamaleon.com\\\/\",\"name\":\"Lecamaleon.com\",\"description\":\"Loja online de t\u00eaxtil-lar com produtos fabricados em Portugal aos melhores pre\u00e7os: edred\u00f5es, almofadas de dormir, len\u00e7\u00f3is de linho, len\u00e7\u00f3is de cetim e mais.\",\"publisher\":{\"@id\":\"https:\\\/\\\/www.lecamaleon.com\\\/#organization\"},\"alternateName\":\"LeCamaleon\",\"potentialAction\":[{\"@type\":\"SearchAction\",\"target\":{\"@type\":\"EntryPoint\",\"urlTemplate\":\"https:\\\/\\\/www.lecamaleon.com\\\/?s={search_term_string}\"},\"query-input\":{\"@type\":\"PropertyValueSpecification\",\"valueRequired\":true,\"valueName\":\"search_term_string\"}}],\"inLanguage\":\"fr-FR\"},{\"@type\":\"Organization\",\"@id\":\"https:\\\/\\\/www.lecamaleon.com\\\/#organization\",\"name\":\"Lecamaleon.com\",\"url\":\"https:\\\/\\\/www.lecamaleon.com\\\/\",\"logo\":{\"@type\":\"ImageObject\",\"inLanguage\":\"fr-FR\",\"@id\":\"https:\\\/\\\/www.lecamaleon.com\\\/#\\\/schema\\\/logo\\\/image\\\/\",\"url\":\"https:\\\/\\\/www.lecamaleon.com\\\/wp-content\\\/uploads\\\/2023\\\/02\\\/cropped-Logo-512x512-1.png\",\"contentUrl\":\"https:\\\/\\\/www.lecamaleon.com\\\/wp-content\\\/uploads\\\/2023\\\/02\\\/cropped-Logo-512x512-1.png\",\"width\":512,\"height\":512,\"caption\":\"Lecamaleon.com\"},\"image\":{\"@id\":\"https:\\\/\\\/www.lecamaleon.com\\\/#\\\/schema\\\/logo\\\/image\\\/\"},\"sameAs\":[\"https:\\\/\\\/www.facebook.com\\\/lecamaleon\",\"https:\\\/\\\/www.instagram.com\\\/le.camaleon\\\/\",\"https:\\\/\\\/www.threads.net\\\/@le.camaleon\"]}]}<\/script>\n<!-- \/ Yoast SEO plugin. -->","yoast_head_json":{"title":"Fronha de almofada em linho branco | 100% linho, toque suave","description":"Fronha de almofada em linho branco, fabricada em Portugal. Tratamento amaciador para toque suave e agrad\u00e1vel. V\u00e1rios tamanhos dispon\u00edveis.","robots":{"index":"index","follow":"follow","max-snippet":"max-snippet:-1","max-image-preview":"max-image-preview:large","max-video-preview":"max-video-preview:-1"},"canonical":"https:\/\/www.lecamaleon.com\/fr\/produit\/fronha-almofada-linho-branco\/","og_locale":"fr_FR","og_type":"article","og_title":"Fronha de almofada em linho branco | 100% linho, toque suave","og_description":"Fronha de almofada em linho branco, fabricada em Portugal. Tratamento amaciador para toque suave e agrad\u00e1vel. V\u00e1rios tamanhos dispon\u00edveis.","og_url":"https:\/\/www.lecamaleon.com\/fr\/produit\/fronha-almofada-linho-branco\/","og_site_name":"Lecamaleon","article_publisher":"https:\/\/www.facebook.com\/lecamaleon","article_modified_time":"2025-01-12T12:29:00+00:00","og_image":[{"width":1080,"height":1440,"url":"https:\/\/www.lecamaleon.com\/wp-content\/uploads\/2023\/11\/2-fronhas-linho-neve.png","type":"image\/png"}],"twitter_card":"summary_large_image","twitter_misc":{"Dur\u00e9e de lecture estim\u00e9e":"2 minutes"},"schema":{"@context":"https:\/\/schema.org","@graph":[{"@type":"WebPage","@id":"https:\/\/www.lecamaleon.com\/produto\/fronha-almofada-linho-branco\/","url":"https:\/\/www.lecamaleon.com\/produto\/fronha-almofada-linho-branco\/","name":"Fronha de almofada em linho branco | 100% linho, toque suave","isPartOf":{"@id":"https:\/\/www.lecamaleon.com\/#website"},"primaryImageOfPage":{"@id":"https:\/\/www.lecamaleon.com\/produto\/fronha-almofada-linho-branco\/#primaryimage"},"image":{"@id":"https:\/\/www.lecamaleon.com\/produto\/fronha-almofada-linho-branco\/#primaryimage"},"thumbnailUrl":"https:\/\/www.lecamaleon.com\/wp-content\/uploads\/2023\/11\/2-fronhas-linho-neve.png","datePublished":"2023-11-23T11:12:31+00:00","dateModified":"2025-01-12T12:29:00+00:00","description":"Fronha de almofada em linho branco, fabricada em Portugal. Tratamento amaciador para toque suave e agrad\u00e1vel. V\u00e1rios tamanhos dispon\u00edveis.","breadcrumb":{"@id":"https:\/\/www.lecamaleon.com\/produto\/fronha-almofada-linho-branco\/#breadcrumb"},"inLanguage":"fr-FR","potentialAction":[{"@type":"ReadAction","target":["https:\/\/www.lecamaleon.com\/produto\/fronha-almofada-linho-branco\/"]}]},{"@type":"ImageObject","inLanguage":"fr-FR","@id":"https:\/\/www.lecamaleon.com\/produto\/fronha-almofada-linho-branco\/#primaryimage","url":"https:\/\/www.lecamaleon.com\/wp-content\/uploads\/2023\/11\/2-fronhas-linho-neve.png","contentUrl":"https:\/\/www.lecamaleon.com\/wp-content\/uploads\/2023\/11\/2-fronhas-linho-neve.png","width":1080,"height":1440,"caption":"Fronha de almofada 100% linho branco, fabricada em Portugal."},{"@type":"BreadcrumbList","@id":"https:\/\/www.lecamaleon.com\/produto\/fronha-almofada-linho-branco\/#breadcrumb","itemListElement":[{"@type":"ListItem","position":1,"name":"In\u00edcio","item":"https:\/\/www.lecamaleon.com\/"},{"@type":"ListItem","position":2,"name":"Loja","item":"https:\/\/www.lecamaleon.com\/loja\/"},{"@type":"ListItem","position":3,"name":"Fronha de almofada em linho branco"}]},{"@type":"WebSite","@id":"https:\/\/www.lecamaleon.com\/#website","url":"https:\/\/www.lecamaleon.com\/","name":"Lecamaleon.com","description":"Loja online de t\u00eaxtil-lar com produtos fabricados em Portugal aos melhores pre\u00e7os: edred\u00f5es, almofadas de dormir, len\u00e7\u00f3is de linho, len\u00e7\u00f3is de cetim e mais.","publisher":{"@id":"https:\/\/www.lecamaleon.com\/#organization"},"alternateName":"LeCamaleon","potentialAction":[{"@type":"SearchAction","target":{"@type":"EntryPoint","urlTemplate":"https:\/\/www.lecamaleon.com\/?s={search_term_string}"},"query-input":{"@type":"PropertyValueSpecification","valueRequired":true,"valueName":"search_term_string"}}],"inLanguage":"fr-FR"},{"@type":"Organization","@id":"https:\/\/www.lecamaleon.com\/#organization","name":"Lecamaleon.com","url":"https:\/\/www.lecamaleon.com\/","logo":{"@type":"ImageObject","inLanguage":"fr-FR","@id":"https:\/\/www.lecamaleon.com\/#\/schema\/logo\/image\/","url":"https:\/\/www.lecamaleon.com\/wp-content\/uploads\/2023\/02\/cropped-Logo-512x512-1.png","contentUrl":"https:\/\/www.lecamaleon.com\/wp-content\/uploads\/2023\/02\/cropped-Logo-512x512-1.png","width":512,"height":512,"caption":"Lecamaleon.com"},"image":{"@id":"https:\/\/www.lecamaleon.com\/#\/schema\/logo\/image\/"},"sameAs":["https:\/\/www.facebook.com\/lecamaleon","https:\/\/www.instagram.com\/le.camaleon\/","https:\/\/www.threads.net\/@le.camaleon"]}]}},"_links":{"self":[{"href":"https:\/\/www.lecamaleon.com\/fr\/wp-json\/wp\/v2\/product\/2061","targetHints":{"allow":["GET"]}}],"collection":[{"href":"https:\/\/www.lecamaleon.com\/fr\/wp-json\/wp\/v2\/product"}],"about":[{"href":"https:\/\/www.lecamaleon.com\/fr\/wp-json\/wp\/v2\/types\/product"}],"replies":[{"embeddable":true,"href":"https:\/\/www.lecamaleon.com\/fr\/wp-json\/wp\/v2\/comments?post=2061"}],"wp:featuredmedia":[{"embeddable":true,"href":"https:\/\/www.lecamaleon.com\/fr\/wp-json\/wp\/v2\/media\/2059"}],"wp:attachment":[{"href":"https:\/\/www.lecamaleon.com\/fr\/wp-json\/wp\/v2\/media?parent=2061"}],"wp:term":[{"taxonomy":"product_brand","embeddable":true,"href":"https:\/\/www.lecamaleon.com\/fr\/wp-json\/wp\/v2\/product_brand?post=2061"},{"taxonomy":"product_cat","embeddable":true,"href":"https:\/\/www.lecamaleon.com\/fr\/wp-json\/wp\/v2\/product_cat?post=2061"},{"taxonomy":"product_tag","embeddable":true,"href":"https:\/\/www.lecamaleon.com\/fr\/wp-json\/wp\/v2\/product_tag?post=2061"}],"curies":[{"name":"wp","href":"https:\/\/api.w.org\/{rel}","templated":true}]}}