{"id":2203,"date":"2023-11-30T12:27:24","date_gmt":"2023-11-30T12:27:24","guid":{"rendered":"https:\/\/www.lecamaleon.com\/?post_type=product&#038;p=2203"},"modified":"2026-02-14T23:56:05","modified_gmt":"2026-02-14T23:56:05","slug":"lencol-cetim-500-fios","status":"publish","type":"product","link":"https:\/\/www.lecamaleon.com\/fr\/produit\/lencol-cetim-500-fios\/","title":{"rendered":"Len\u00e7ol de Cetim 500 fios"},"content":{"rendered":"<p><strong>Qu'est-ce que le satin ?<\/strong><\/p>\n<p>Le satin est un type de tissu caract\u00e9ris\u00e9 par sa surface lisse et brillante, r\u00e9sultat d'une m\u00e9thode de tissage sp\u00e9cifique. La principale caract\u00e9ristique du satin est le c\u00f4t\u00e9 trame qui pr\u00e9domine en surface, cr\u00e9ant une texture lisse et brillante.<\/p>\n<p>Voici quelques faits int\u00e9ressants sur le satin :<\/p>\n<ol>\n<li><strong>Tissage :<\/strong> O cetim \u00e9 produzido atrav\u00e9s de um m\u00e9todo de tecelagem especial chamado \u201ctecelagem cetim\u201d. Nesse processo, os fios da trama passam por cima de v\u00e1rios fios de urdidura, resultando numa distribui\u00e7\u00e3o uniforme e apertada dos fios na superf\u00edcie do tecido.<\/li>\n<li><strong>Briller:<\/strong> La caract\u00e9ristique brillante du satin est due \u00e0 la fa\u00e7on dont la lumi\u00e8re interagit avec la surface lisse et uniforme du tissu. Cela cr\u00e9e un effet de brillance.<\/li>\n<li><strong>Douceur:<\/strong> La texture lisse du satin r\u00e9sulte de la disposition uniforme des fils et de l'absence de rugosit\u00e9 \u00e0 la surface, ce qui conf\u00e8re au tissu une sensation agr\u00e9able au toucher.<\/li>\n<\/ol>\n<figure id=\"attachment_2538\" aria-describedby=\"caption-attachment-2538\" style=\"width: 771px\" class=\"wp-caption alignnone\"><img fetchpriority=\"high\" decoding=\"async\" class=\"wp-image-2538 size-large\" src=\"https:\/\/www.lecamaleon.com\/wp-content\/uploads\/2023\/11\/cetim-visto-de-perto-zoom-771x1024.png\" alt=\"\" width=\"771\" height=\"1024\" srcset=\"https:\/\/www.lecamaleon.com\/wp-content\/uploads\/2023\/11\/cetim-visto-de-perto-zoom-771x1024.png 771w, https:\/\/www.lecamaleon.com\/wp-content\/uploads\/2023\/11\/cetim-visto-de-perto-zoom-226x300.png 226w, https:\/\/www.lecamaleon.com\/wp-content\/uploads\/2023\/11\/cetim-visto-de-perto-zoom-768x1020.png 768w, https:\/\/www.lecamaleon.com\/wp-content\/uploads\/2023\/11\/cetim-visto-de-perto-zoom-1157x1536.png 1157w, https:\/\/www.lecamaleon.com\/wp-content\/uploads\/2023\/11\/cetim-visto-de-perto-zoom-1542x2048.png 1542w, https:\/\/www.lecamaleon.com\/wp-content\/uploads\/2023\/11\/cetim-visto-de-perto-zoom-9x12.png 9w, https:\/\/www.lecamaleon.com\/wp-content\/uploads\/2023\/11\/cetim-visto-de-perto-zoom-1000x1328.png 1000w\" sizes=\"(max-width: 771px) 100vw, 771px\" \/><figcaption id=\"caption-attachment-2538\" class=\"wp-caption-text\">Tecido de cetim visto com lupa<\/figcaption><\/figure>","protected":false},"excerpt":{"rendered":"<p>Len\u00e7ol de cima em cetim 500 fios, <strong>fabricado com 100% Algod\u00e3o<\/strong>. Um produto de luxo e estilo intemporal para o seu quarto.<\/p>\n<p>Os len\u00e7\u00f3is de cetim tem caracter\u00edsticas \u00fanicas, que os tornam altamente confort\u00e1veis, como se estivesse a dormir numa nuvem.<\/p>\n<p><strong>Caract\u00e9ristiques :<\/strong><\/p>\n<ul>\n<li>Textura suave e sedosa;<\/li>\n<li class=\"translation-block\">La surface satin\u00e9e pr\u00e9sente un <strong>shimmer<\/strong> qui ajoute une touche d'\u00e9l\u00e9gance intemporelle<\/strong> \u00e0 votre pi\u00e8ce ;<\/li>\n<li class=\"translation-block\">Le satin poss\u00e8de des <strong>propri\u00e9t\u00e9s thermor\u00e9gulatrices<\/strong> qui lui permettent de maintenir une temp\u00e9rature confortable au fil des saisons ;<\/li>\n<li>Qualidade superior: o len\u00e7ol de cetim de algod\u00e3o n\u00e3o s\u00f3 proporciona conforto excecional, como tamb\u00e9m \u00e9 resistente ao desgaste.<\/li>\n<\/ul>\n<p>&nbsp;<\/p>\n<p class=\"translation-block\">Nos draps en satin 100 % coton sont <strong>fabriqu\u00e9s au Portugal<\/strong> de mani\u00e8re durable et \u00e9cologique.<\/p>\n<p><strong>Attention au lavage<\/strong><\/p>\n<p>Recomendamos lavagem a 30 graus cent\u00edgrados na m\u00e1quina de lavar. Caso use m\u00e1quina de secar, recomendamos um programa para roupas delicadas. Depois, dobre o len\u00e7ol e passe a ferro enquanto o tecido est\u00e1 h\u00famido.<\/p>","protected":false},"featured_media":3093,"comment_status":"open","ping_status":"closed","template":"","meta":{"ocean_post_layout":"","ocean_both_sidebars_style":"","ocean_both_sidebars_content_width":0,"ocean_both_sidebars_sidebars_width":0,"ocean_sidebar":"0","ocean_second_sidebar":"0","ocean_disable_margins":"enable","ocean_add_body_class":"","ocean_shortcode_before_top_bar":"","ocean_shortcode_after_top_bar":"","ocean_shortcode_before_header":"","ocean_shortcode_after_header":"","ocean_has_shortcode":"","ocean_shortcode_after_title":"","ocean_shortcode_before_footer_widgets":"","ocean_shortcode_after_footer_widgets":"","ocean_shortcode_before_footer_bottom":"","ocean_shortcode_after_footer_bottom":"","ocean_display_top_bar":"default","ocean_display_header":"default","ocean_header_style":"","ocean_center_header_left_menu":"0","ocean_custom_header_template":"0","ocean_custom_logo":0,"ocean_custom_retina_logo":0,"ocean_custom_logo_max_width":0,"ocean_custom_logo_tablet_max_width":0,"ocean_custom_logo_mobile_max_width":0,"ocean_custom_logo_max_height":0,"ocean_custom_logo_tablet_max_height":0,"ocean_custom_logo_mobile_max_height":0,"ocean_header_custom_menu":"0","ocean_menu_typo_font_family":"0","ocean_menu_typo_font_subset":"","ocean_menu_typo_font_size":0,"ocean_menu_typo_font_size_tablet":0,"ocean_menu_typo_font_size_mobile":0,"ocean_menu_typo_font_size_unit":"px","ocean_menu_typo_font_weight":"","ocean_menu_typo_font_weight_tablet":"","ocean_menu_typo_font_weight_mobile":"","ocean_menu_typo_transform":"","ocean_menu_typo_transform_tablet":"","ocean_menu_typo_transform_mobile":"","ocean_menu_typo_line_height":0,"ocean_menu_typo_line_height_tablet":0,"ocean_menu_typo_line_height_mobile":0,"ocean_menu_typo_line_height_unit":"","ocean_menu_typo_spacing":0,"ocean_menu_typo_spacing_tablet":0,"ocean_menu_typo_spacing_mobile":0,"ocean_menu_typo_spacing_unit":"","ocean_menu_link_color":"","ocean_menu_link_color_hover":"","ocean_menu_link_color_active":"","ocean_menu_link_background":"","ocean_menu_link_hover_background":"","ocean_menu_link_active_background":"","ocean_menu_social_links_bg":"","ocean_menu_social_hover_links_bg":"","ocean_menu_social_links_color":"","ocean_menu_social_hover_links_color":"","ocean_disable_title":"default","ocean_disable_heading":"default","ocean_post_title":"","ocean_post_subheading":"","ocean_post_title_style":"","ocean_post_title_background_color":"","ocean_post_title_background":0,"ocean_post_title_bg_image_position":"","ocean_post_title_bg_image_attachment":"","ocean_post_title_bg_image_repeat":"","ocean_post_title_bg_image_size":"","ocean_post_title_height":0,"ocean_post_title_bg_overlay":0.5,"ocean_post_title_bg_overlay_color":"","ocean_disable_breadcrumbs":"default","ocean_breadcrumbs_color":"","ocean_breadcrumbs_separator_color":"","ocean_breadcrumbs_links_color":"","ocean_breadcrumbs_links_hover_color":"","ocean_display_footer_widgets":"default","ocean_display_footer_bottom":"default","ocean_custom_footer_template":"0"},"product_brand":[],"product_cat":[76,78],"product_tag":[104,105,108],"class_list":{"0":"post-2203","1":"product","2":"type-product","3":"status-publish","4":"has-post-thumbnail","6":"product_cat-lencois","7":"product_cat-lencol-de-cetim","8":"product_tag-cetim","9":"product_tag-lencol-de-cetim","10":"product_tag-roupa-de-cama","12":"entry","13":"has-media","15":"first","16":"instock","17":"taxable","18":"shipping-taxable","19":"purchasable","20":"product-type-variable","21":"has-product-nav","22":"col","23":"span_1_of_3","24":"owp-content-center","25":"owp-thumbs-layout-horizontal","26":"owp-btn-normal","27":"owp-tabs-layout-horizontal"},"yoast_head":"<!-- This site is optimized with the Yoast SEO plugin v27.4 - https:\/\/yoast.com\/product\/yoast-seo-wordpress\/ -->\n<title>Len\u00e7ol de Cetim 500 fios | Desfrute do melhor sono da sua vida<\/title>\n<meta name=\"description\" content=\"Len\u00e7ol de cima em Cetim 500 fios, fabricado com 100% algod\u00e3o. Um produto de luxo e conforto absoluto para o seu quarto. Qualidade garantida!\" \/>\n<meta name=\"robots\" content=\"index, follow, max-snippet:-1, max-image-preview:large, max-video-preview:-1\" \/>\n<link rel=\"canonical\" href=\"https:\/\/www.lecamaleon.com\/fr\/produit\/lencol-cetim-500-fios\/\" \/>\n<meta property=\"og:locale\" content=\"fr_FR\" \/>\n<meta property=\"og:type\" content=\"article\" \/>\n<meta property=\"og:title\" content=\"Len\u00e7ol de Cetim 500 fios | Desfrute do melhor sono da sua vida\" \/>\n<meta property=\"og:description\" content=\"Len\u00e7ol de cima em Cetim 500 fios, fabricado com 100% algod\u00e3o. Um produto de luxo e conforto absoluto para o seu quarto. Qualidade garantida!\" \/>\n<meta property=\"og:url\" content=\"https:\/\/www.lecamaleon.com\/fr\/produit\/lencol-cetim-500-fios\/\" \/>\n<meta property=\"og:site_name\" content=\"Lecamaleon\" \/>\n<meta property=\"article:publisher\" content=\"https:\/\/www.facebook.com\/lecamaleon\" \/>\n<meta property=\"article:modified_time\" content=\"2026-02-14T23:56:05+00:00\" \/>\n<meta property=\"og:image\" content=\"https:\/\/www.lecamaleon.com\/wp-content\/uploads\/2023\/11\/lenco-cetim-1000-fios-3.jpg\" \/>\n\t<meta property=\"og:image:width\" content=\"1080\" \/>\n\t<meta property=\"og:image:height\" content=\"1440\" \/>\n\t<meta property=\"og:image:type\" content=\"image\/jpeg\" \/>\n<meta name=\"twitter:card\" content=\"summary_large_image\" \/>\n<meta name=\"twitter:label1\" content=\"Dur\u00e9e de lecture estim\u00e9e\" \/>\n\t<meta name=\"twitter:data1\" content=\"2 minutes\" \/>\n<script type=\"application\/ld+json\" class=\"yoast-schema-graph\">{\"@context\":\"https:\\\/\\\/schema.org\",\"@graph\":[{\"@type\":\"WebPage\",\"@id\":\"https:\\\/\\\/www.lecamaleon.com\\\/produto\\\/lencol-cetim-500-fios\\\/\",\"url\":\"https:\\\/\\\/www.lecamaleon.com\\\/produto\\\/lencol-cetim-500-fios\\\/\",\"name\":\"Len\u00e7ol de Cetim 500 fios | Desfrute do melhor sono da sua vida\",\"isPartOf\":{\"@id\":\"https:\\\/\\\/www.lecamaleon.com\\\/#website\"},\"primaryImageOfPage\":{\"@id\":\"https:\\\/\\\/www.lecamaleon.com\\\/produto\\\/lencol-cetim-500-fios\\\/#primaryimage\"},\"image\":{\"@id\":\"https:\\\/\\\/www.lecamaleon.com\\\/produto\\\/lencol-cetim-500-fios\\\/#primaryimage\"},\"thumbnailUrl\":\"https:\\\/\\\/www.lecamaleon.com\\\/wp-content\\\/uploads\\\/2023\\\/11\\\/lenco-cetim-1000-fios-3.jpg\",\"datePublished\":\"2023-11-30T12:27:24+00:00\",\"dateModified\":\"2026-02-14T23:56:05+00:00\",\"description\":\"Len\u00e7ol de cima em Cetim 500 fios, fabricado com 100% algod\u00e3o. Um produto de luxo e conforto absoluto para o seu quarto. Qualidade garantida!\",\"breadcrumb\":{\"@id\":\"https:\\\/\\\/www.lecamaleon.com\\\/produto\\\/lencol-cetim-500-fios\\\/#breadcrumb\"},\"inLanguage\":\"fr-FR\",\"potentialAction\":[{\"@type\":\"ReadAction\",\"target\":[\"https:\\\/\\\/www.lecamaleon.com\\\/produto\\\/lencol-cetim-500-fios\\\/\"]}]},{\"@type\":\"ImageObject\",\"inLanguage\":\"fr-FR\",\"@id\":\"https:\\\/\\\/www.lecamaleon.com\\\/produto\\\/lencol-cetim-500-fios\\\/#primaryimage\",\"url\":\"https:\\\/\\\/www.lecamaleon.com\\\/wp-content\\\/uploads\\\/2023\\\/11\\\/lenco-cetim-1000-fios-3.jpg\",\"contentUrl\":\"https:\\\/\\\/www.lecamaleon.com\\\/wp-content\\\/uploads\\\/2023\\\/11\\\/lenco-cetim-1000-fios-3.jpg\",\"width\":1080,\"height\":1440,\"caption\":\"Len\u00e7ol de cima em Cetim 500 fios da marca LeCamaleon, dispon\u00edvel para camas de solteiro e casal.\"},{\"@type\":\"BreadcrumbList\",\"@id\":\"https:\\\/\\\/www.lecamaleon.com\\\/produto\\\/lencol-cetim-500-fios\\\/#breadcrumb\",\"itemListElement\":[{\"@type\":\"ListItem\",\"position\":1,\"name\":\"In\u00edcio\",\"item\":\"https:\\\/\\\/www.lecamaleon.com\\\/\"},{\"@type\":\"ListItem\",\"position\":2,\"name\":\"Loja\",\"item\":\"https:\\\/\\\/www.lecamaleon.com\\\/loja\\\/\"},{\"@type\":\"ListItem\",\"position\":3,\"name\":\"Len\u00e7ol de Cetim 500 fios\"}]},{\"@type\":\"WebSite\",\"@id\":\"https:\\\/\\\/www.lecamaleon.com\\\/#website\",\"url\":\"https:\\\/\\\/www.lecamaleon.com\\\/\",\"name\":\"Lecamaleon.com\",\"description\":\"Loja online de t\u00eaxtil-lar com produtos fabricados em Portugal aos melhores pre\u00e7os: edred\u00f5es, almofadas de dormir, len\u00e7\u00f3is de linho, len\u00e7\u00f3is de cetim e mais.\",\"publisher\":{\"@id\":\"https:\\\/\\\/www.lecamaleon.com\\\/#organization\"},\"alternateName\":\"LeCamaleon\",\"potentialAction\":[{\"@type\":\"SearchAction\",\"target\":{\"@type\":\"EntryPoint\",\"urlTemplate\":\"https:\\\/\\\/www.lecamaleon.com\\\/?s={search_term_string}\"},\"query-input\":{\"@type\":\"PropertyValueSpecification\",\"valueRequired\":true,\"valueName\":\"search_term_string\"}}],\"inLanguage\":\"fr-FR\"},{\"@type\":\"Organization\",\"@id\":\"https:\\\/\\\/www.lecamaleon.com\\\/#organization\",\"name\":\"Lecamaleon.com\",\"url\":\"https:\\\/\\\/www.lecamaleon.com\\\/\",\"logo\":{\"@type\":\"ImageObject\",\"inLanguage\":\"fr-FR\",\"@id\":\"https:\\\/\\\/www.lecamaleon.com\\\/#\\\/schema\\\/logo\\\/image\\\/\",\"url\":\"https:\\\/\\\/www.lecamaleon.com\\\/wp-content\\\/uploads\\\/2023\\\/02\\\/cropped-Logo-512x512-1.png\",\"contentUrl\":\"https:\\\/\\\/www.lecamaleon.com\\\/wp-content\\\/uploads\\\/2023\\\/02\\\/cropped-Logo-512x512-1.png\",\"width\":512,\"height\":512,\"caption\":\"Lecamaleon.com\"},\"image\":{\"@id\":\"https:\\\/\\\/www.lecamaleon.com\\\/#\\\/schema\\\/logo\\\/image\\\/\"},\"sameAs\":[\"https:\\\/\\\/www.facebook.com\\\/lecamaleon\",\"https:\\\/\\\/www.instagram.com\\\/le.camaleon\\\/\",\"https:\\\/\\\/www.threads.net\\\/@le.camaleon\"]}]}<\/script>\n<!-- \/ Yoast SEO plugin. -->","yoast_head_json":{"title":"Len\u00e7ol de Cetim 500 fios | Desfrute do melhor sono da sua vida","description":"Len\u00e7ol de cima em Cetim 500 fios, fabricado com 100% algod\u00e3o. Um produto de luxo e conforto absoluto para o seu quarto. Qualidade garantida!","robots":{"index":"index","follow":"follow","max-snippet":"max-snippet:-1","max-image-preview":"max-image-preview:large","max-video-preview":"max-video-preview:-1"},"canonical":"https:\/\/www.lecamaleon.com\/fr\/produit\/lencol-cetim-500-fios\/","og_locale":"fr_FR","og_type":"article","og_title":"Len\u00e7ol de Cetim 500 fios | Desfrute do melhor sono da sua vida","og_description":"Len\u00e7ol de cima em Cetim 500 fios, fabricado com 100% algod\u00e3o. Um produto de luxo e conforto absoluto para o seu quarto. Qualidade garantida!","og_url":"https:\/\/www.lecamaleon.com\/fr\/produit\/lencol-cetim-500-fios\/","og_site_name":"Lecamaleon","article_publisher":"https:\/\/www.facebook.com\/lecamaleon","article_modified_time":"2026-02-14T23:56:05+00:00","og_image":[{"width":1080,"height":1440,"url":"https:\/\/www.lecamaleon.com\/wp-content\/uploads\/2023\/11\/lenco-cetim-1000-fios-3.jpg","type":"image\/jpeg"}],"twitter_card":"summary_large_image","twitter_misc":{"Dur\u00e9e de lecture estim\u00e9e":"2 minutes"},"schema":{"@context":"https:\/\/schema.org","@graph":[{"@type":"WebPage","@id":"https:\/\/www.lecamaleon.com\/produto\/lencol-cetim-500-fios\/","url":"https:\/\/www.lecamaleon.com\/produto\/lencol-cetim-500-fios\/","name":"Len\u00e7ol de Cetim 500 fios | Desfrute do melhor sono da sua vida","isPartOf":{"@id":"https:\/\/www.lecamaleon.com\/#website"},"primaryImageOfPage":{"@id":"https:\/\/www.lecamaleon.com\/produto\/lencol-cetim-500-fios\/#primaryimage"},"image":{"@id":"https:\/\/www.lecamaleon.com\/produto\/lencol-cetim-500-fios\/#primaryimage"},"thumbnailUrl":"https:\/\/www.lecamaleon.com\/wp-content\/uploads\/2023\/11\/lenco-cetim-1000-fios-3.jpg","datePublished":"2023-11-30T12:27:24+00:00","dateModified":"2026-02-14T23:56:05+00:00","description":"Len\u00e7ol de cima em Cetim 500 fios, fabricado com 100% algod\u00e3o. Um produto de luxo e conforto absoluto para o seu quarto. Qualidade garantida!","breadcrumb":{"@id":"https:\/\/www.lecamaleon.com\/produto\/lencol-cetim-500-fios\/#breadcrumb"},"inLanguage":"fr-FR","potentialAction":[{"@type":"ReadAction","target":["https:\/\/www.lecamaleon.com\/produto\/lencol-cetim-500-fios\/"]}]},{"@type":"ImageObject","inLanguage":"fr-FR","@id":"https:\/\/www.lecamaleon.com\/produto\/lencol-cetim-500-fios\/#primaryimage","url":"https:\/\/www.lecamaleon.com\/wp-content\/uploads\/2023\/11\/lenco-cetim-1000-fios-3.jpg","contentUrl":"https:\/\/www.lecamaleon.com\/wp-content\/uploads\/2023\/11\/lenco-cetim-1000-fios-3.jpg","width":1080,"height":1440,"caption":"Len\u00e7ol de cima em Cetim 500 fios da marca LeCamaleon, dispon\u00edvel para camas de solteiro e casal."},{"@type":"BreadcrumbList","@id":"https:\/\/www.lecamaleon.com\/produto\/lencol-cetim-500-fios\/#breadcrumb","itemListElement":[{"@type":"ListItem","position":1,"name":"In\u00edcio","item":"https:\/\/www.lecamaleon.com\/"},{"@type":"ListItem","position":2,"name":"Loja","item":"https:\/\/www.lecamaleon.com\/loja\/"},{"@type":"ListItem","position":3,"name":"Len\u00e7ol de Cetim 500 fios"}]},{"@type":"WebSite","@id":"https:\/\/www.lecamaleon.com\/#website","url":"https:\/\/www.lecamaleon.com\/","name":"Lecamaleon.com","description":"Loja online de t\u00eaxtil-lar com produtos fabricados em Portugal aos melhores pre\u00e7os: edred\u00f5es, almofadas de dormir, len\u00e7\u00f3is de linho, len\u00e7\u00f3is de cetim e mais.","publisher":{"@id":"https:\/\/www.lecamaleon.com\/#organization"},"alternateName":"LeCamaleon","potentialAction":[{"@type":"SearchAction","target":{"@type":"EntryPoint","urlTemplate":"https:\/\/www.lecamaleon.com\/?s={search_term_string}"},"query-input":{"@type":"PropertyValueSpecification","valueRequired":true,"valueName":"search_term_string"}}],"inLanguage":"fr-FR"},{"@type":"Organization","@id":"https:\/\/www.lecamaleon.com\/#organization","name":"Lecamaleon.com","url":"https:\/\/www.lecamaleon.com\/","logo":{"@type":"ImageObject","inLanguage":"fr-FR","@id":"https:\/\/www.lecamaleon.com\/#\/schema\/logo\/image\/","url":"https:\/\/www.lecamaleon.com\/wp-content\/uploads\/2023\/02\/cropped-Logo-512x512-1.png","contentUrl":"https:\/\/www.lecamaleon.com\/wp-content\/uploads\/2023\/02\/cropped-Logo-512x512-1.png","width":512,"height":512,"caption":"Lecamaleon.com"},"image":{"@id":"https:\/\/www.lecamaleon.com\/#\/schema\/logo\/image\/"},"sameAs":["https:\/\/www.facebook.com\/lecamaleon","https:\/\/www.instagram.com\/le.camaleon\/","https:\/\/www.threads.net\/@le.camaleon"]}]}},"_links":{"self":[{"href":"https:\/\/www.lecamaleon.com\/fr\/wp-json\/wp\/v2\/product\/2203","targetHints":{"allow":["GET"]}}],"collection":[{"href":"https:\/\/www.lecamaleon.com\/fr\/wp-json\/wp\/v2\/product"}],"about":[{"href":"https:\/\/www.lecamaleon.com\/fr\/wp-json\/wp\/v2\/types\/product"}],"replies":[{"embeddable":true,"href":"https:\/\/www.lecamaleon.com\/fr\/wp-json\/wp\/v2\/comments?post=2203"}],"wp:featuredmedia":[{"embeddable":true,"href":"https:\/\/www.lecamaleon.com\/fr\/wp-json\/wp\/v2\/media\/3093"}],"wp:attachment":[{"href":"https:\/\/www.lecamaleon.com\/fr\/wp-json\/wp\/v2\/media?parent=2203"}],"wp:term":[{"taxonomy":"product_brand","embeddable":true,"href":"https:\/\/www.lecamaleon.com\/fr\/wp-json\/wp\/v2\/product_brand?post=2203"},{"taxonomy":"product_cat","embeddable":true,"href":"https:\/\/www.lecamaleon.com\/fr\/wp-json\/wp\/v2\/product_cat?post=2203"},{"taxonomy":"product_tag","embeddable":true,"href":"https:\/\/www.lecamaleon.com\/fr\/wp-json\/wp\/v2\/product_tag?post=2203"}],"curies":[{"name":"wp","href":"https:\/\/api.w.org\/{rel}","templated":true}]}}