{"id":2253,"date":"2023-12-05T11:48:51","date_gmt":"2023-12-05T11:48:51","guid":{"rendered":"https:\/\/www.lecamaleon.com\/?post_type=product&#038;p=2253"},"modified":"2025-08-29T10:26:42","modified_gmt":"2025-08-29T10:26:42","slug":"fronhas-percal-200-fios","status":"publish","type":"product","link":"https:\/\/www.lecamaleon.com\/fr\/produit\/fronhas-percal-200-fios\/","title":{"rendered":"Taies d'oreiller en percale 200 fils"},"content":{"rendered":"<h2>O que \u00e9 o Percal e qual a vantagem de comprar roupa de cama em percal?<\/h2>\n<p>O percal \u00e9 um tipo de tecido que adv\u00e9m de uma t\u00e9cnica espec\u00edfica de tecelagem em que dois fios s\u00e3o cruzados. H\u00e1 v\u00e1rios tipos de Percal no mercado: o melhor, mais suave e natural \u00e9 aquele composto por 100% algod\u00e3o.<\/p>\n<p>O tipo de percal com que trabalhamos \u00e9 feito com fios de algod\u00e3o longos e penteados, o que garante um\u00a0 toque macio e sedoso. Tamb\u00e9m permite um circula\u00e7\u00e3o mais livre do ar, proporcionando uma sensa\u00e7\u00e3o de frescura e conforto enquanto dorme.<\/p>\n<p>Garantimos resist\u00eancia a lavagens frequentes e alta qualidade nos nossos len\u00e7\u00f3is e fronhas de almofada \/ travesseiros de percal. Experimente e descubra um novo patamar de conforto e luxo na sua cama.<\/p>","protected":false},"excerpt":{"rendered":"<p>Fronhas de almofada em percal branco de 200 fios.<\/p>\n<p>As fronhas de percal da LeCamaleon s\u00e3o <strong>completamente naturais e org\u00e2nicas<\/strong>, fabricados com 100% algod\u00e3o. O percal \u00e9 um \u00f3ptimo tecido, com um toque suave e fresco na pele. Al\u00e9m disso, o percal de 200 fios oferece uma\u00a0<strong>excelente rela\u00e7\u00e3o entre qualidade e pre\u00e7o<\/strong>. Estas fronhas s\u00e3o fabricadas em Portugal, num linha de produ\u00e7\u00e3o sustent\u00e1vel, com reaproveitamento dos desperd\u00edcios para outros produtos.<\/p>\n<p>Temos v\u00e1rios tamanhos dispon\u00edveis, tanto para almofadas como para travesseiros:<\/p>\n<ul>\n<li>40 x 60 cm<\/li>\n<li>50 x 75 cm<\/li>\n<li>65 x 75<\/li>\n<li>45 x 110 cm<\/li>\n<li>45 x 155 cm<\/li>\n<li>45 x 190 cm<\/li>\n<\/ul>\n<p>&nbsp;<\/p>\n<p><strong>Cole\u00e7\u00e3o completa de roupa de cama em Percal 200 fios<\/strong><\/p>\n<ul>\n<li><a href=\"https:\/\/www.lecamaleon.com\/fr\/produit\/lencol-percal-200-fios\/\">Len\u00e7ol de Cima Percal 200 Fios<\/a><\/li>\n<li><a href=\"https:\/\/www.lecamaleon.com\/fr\/produit\/lencol-ajustaval-percal-200-fios\/\">Len\u00e7ol ajust\u00e1vel Percal 200 fios<\/a><\/li>\n<\/ul>\n<p>&nbsp;<\/p>\n<p><strong>Instru\u00e7\u00f5es de Lavagem<\/strong><\/p>\n<p>Como o Percal \u00e9 um tecido natural, h\u00e1 que ter certos cuidados na lavagem:<\/p>\n<ul>\n<li>\u2705Lavage en machine \u00e0 30 \u00b0C maximum<\/li>\n<li>\u2705Ne s\u00e9cher qu'en utilisant des programmes d\u00e9licats<\/li>\n<li>\u2705Peut \u00eatre repass\u00e9<\/li>\n<li>\u274cNe pas blanchir<\/li>\n<li>\u274cNe pas nettoyer \u00e0 sec<\/li>\n<\/ul>\n<p><strong>Livraison gratuite au France \u00e0 partir de 100 euros d'achats<\/strong><\/p>","protected":false},"featured_media":3117,"comment_status":"open","ping_status":"closed","template":"","meta":{"ocean_post_layout":"","ocean_both_sidebars_style":"","ocean_both_sidebars_content_width":0,"ocean_both_sidebars_sidebars_width":0,"ocean_sidebar":"0","ocean_second_sidebar":"0","ocean_disable_margins":"enable","ocean_add_body_class":"","ocean_shortcode_before_top_bar":"","ocean_shortcode_after_top_bar":"","ocean_shortcode_before_header":"","ocean_shortcode_after_header":"","ocean_has_shortcode":"","ocean_shortcode_after_title":"","ocean_shortcode_before_footer_widgets":"","ocean_shortcode_after_footer_widgets":"","ocean_shortcode_before_footer_bottom":"","ocean_shortcode_after_footer_bottom":"","ocean_display_top_bar":"default","ocean_display_header":"default","ocean_header_style":"","ocean_center_header_left_menu":"0","ocean_custom_header_template":"0","ocean_custom_logo":0,"ocean_custom_retina_logo":0,"ocean_custom_logo_max_width":0,"ocean_custom_logo_tablet_max_width":0,"ocean_custom_logo_mobile_max_width":0,"ocean_custom_logo_max_height":0,"ocean_custom_logo_tablet_max_height":0,"ocean_custom_logo_mobile_max_height":0,"ocean_header_custom_menu":"0","ocean_menu_typo_font_family":"0","ocean_menu_typo_font_subset":"","ocean_menu_typo_font_size":0,"ocean_menu_typo_font_size_tablet":0,"ocean_menu_typo_font_size_mobile":0,"ocean_menu_typo_font_size_unit":"px","ocean_menu_typo_font_weight":"","ocean_menu_typo_font_weight_tablet":"","ocean_menu_typo_font_weight_mobile":"","ocean_menu_typo_transform":"","ocean_menu_typo_transform_tablet":"","ocean_menu_typo_transform_mobile":"","ocean_menu_typo_line_height":0,"ocean_menu_typo_line_height_tablet":0,"ocean_menu_typo_line_height_mobile":0,"ocean_menu_typo_line_height_unit":"","ocean_menu_typo_spacing":0,"ocean_menu_typo_spacing_tablet":0,"ocean_menu_typo_spacing_mobile":0,"ocean_menu_typo_spacing_unit":"","ocean_menu_link_color":"","ocean_menu_link_color_hover":"","ocean_menu_link_color_active":"","ocean_menu_link_background":"","ocean_menu_link_hover_background":"","ocean_menu_link_active_background":"","ocean_menu_social_links_bg":"","ocean_menu_social_hover_links_bg":"","ocean_menu_social_links_color":"","ocean_menu_social_hover_links_color":"","ocean_disable_title":"default","ocean_disable_heading":"default","ocean_post_title":"","ocean_post_subheading":"","ocean_post_title_style":"","ocean_post_title_background_color":"","ocean_post_title_background":0,"ocean_post_title_bg_image_position":"","ocean_post_title_bg_image_attachment":"","ocean_post_title_bg_image_repeat":"","ocean_post_title_bg_image_size":"","ocean_post_title_height":0,"ocean_post_title_bg_overlay":0.5,"ocean_post_title_bg_overlay_color":"","ocean_disable_breadcrumbs":"default","ocean_breadcrumbs_color":"","ocean_breadcrumbs_separator_color":"","ocean_breadcrumbs_links_color":"","ocean_breadcrumbs_links_hover_color":"","ocean_display_footer_widgets":"default","ocean_display_footer_bottom":"default","ocean_custom_footer_template":"0"},"product_brand":[],"product_cat":[47,73],"product_tag":[147,145,108],"class_list":{"0":"post-2253","1":"product","2":"type-product","3":"status-publish","4":"has-post-thumbnail","6":"product_cat-fronhas-de-almofada","7":"product_cat-roupa-de-cama","8":"product_tag-fronhas-de-almofada-em-percal","9":"product_tag-percal","10":"product_tag-roupa-de-cama","12":"entry","13":"has-media","15":"first","16":"instock","17":"taxable","18":"shipping-taxable","19":"purchasable","20":"product-type-variable","21":"has-product-nav","22":"col","23":"span_1_of_3","24":"owp-content-center","25":"owp-thumbs-layout-horizontal","26":"owp-btn-normal","27":"owp-tabs-layout-horizontal"},"yoast_head":"<!-- This site is optimized with the Yoast SEO plugin v27.3 - https:\/\/yoast.com\/product\/yoast-seo-wordpress\/ -->\n<title>Fronhas de Almofada Percal 200 fios | Toque fresco e agrad\u00e1vel<\/title>\n<meta name=\"description\" content=\"Fronhas de Almofada em Percal 200 fios. Composi\u00e7\u00e3o 100% algod\u00e3o para mais suavidade e frescura no toque. Excelente rela\u00e7\u00e3o qualidade \/ pre\u00e7o.\" \/>\n<meta name=\"robots\" content=\"index, follow, max-snippet:-1, max-image-preview:large, max-video-preview:-1\" \/>\n<link rel=\"canonical\" href=\"https:\/\/www.lecamaleon.com\/fr\/produit\/fronhas-percal-200-fios\/\" \/>\n<meta property=\"og:locale\" content=\"fr_FR\" \/>\n<meta property=\"og:type\" content=\"article\" \/>\n<meta property=\"og:title\" content=\"Fronhas de Almofada Percal 200 fios | Toque fresco e agrad\u00e1vel\" \/>\n<meta property=\"og:description\" content=\"Fronhas de Almofada em Percal 200 fios. Composi\u00e7\u00e3o 100% algod\u00e3o para mais suavidade e frescura no toque. Excelente rela\u00e7\u00e3o qualidade \/ pre\u00e7o.\" \/>\n<meta property=\"og:url\" content=\"https:\/\/www.lecamaleon.com\/fr\/produit\/fronhas-percal-200-fios\/\" \/>\n<meta property=\"og:site_name\" content=\"Lecamaleon\" \/>\n<meta property=\"article:publisher\" content=\"https:\/\/www.facebook.com\/lecamaleon\" \/>\n<meta property=\"article:modified_time\" content=\"2025-08-29T10:26:42+00:00\" \/>\n<meta property=\"og:image\" content=\"https:\/\/www.lecamaleon.com\/wp-content\/uploads\/2023\/12\/fronhas-percal-200-fios.jpg\" \/>\n\t<meta property=\"og:image:width\" content=\"1080\" \/>\n\t<meta property=\"og:image:height\" content=\"1440\" \/>\n\t<meta property=\"og:image:type\" content=\"image\/jpeg\" \/>\n<meta name=\"twitter:card\" content=\"summary_large_image\" \/>\n<meta name=\"twitter:label1\" content=\"Dur\u00e9e de lecture estim\u00e9e\" \/>\n\t<meta name=\"twitter:data1\" content=\"1 minute\" \/>\n<script type=\"application\/ld+json\" class=\"yoast-schema-graph\">{\"@context\":\"https:\\\/\\\/schema.org\",\"@graph\":[{\"@type\":\"WebPage\",\"@id\":\"https:\\\/\\\/www.lecamaleon.com\\\/produto\\\/fronhas-percal-200-fios\\\/\",\"url\":\"https:\\\/\\\/www.lecamaleon.com\\\/produto\\\/fronhas-percal-200-fios\\\/\",\"name\":\"Fronhas de Almofada Percal 200 fios | Toque fresco e agrad\u00e1vel\",\"isPartOf\":{\"@id\":\"https:\\\/\\\/www.lecamaleon.com\\\/#website\"},\"primaryImageOfPage\":{\"@id\":\"https:\\\/\\\/www.lecamaleon.com\\\/produto\\\/fronhas-percal-200-fios\\\/#primaryimage\"},\"image\":{\"@id\":\"https:\\\/\\\/www.lecamaleon.com\\\/produto\\\/fronhas-percal-200-fios\\\/#primaryimage\"},\"thumbnailUrl\":\"https:\\\/\\\/www.lecamaleon.com\\\/wp-content\\\/uploads\\\/2023\\\/12\\\/fronhas-percal-200-fios.jpg\",\"datePublished\":\"2023-12-05T11:48:51+00:00\",\"dateModified\":\"2025-08-29T10:26:42+00:00\",\"description\":\"Fronhas de Almofada em Percal 200 fios. Composi\u00e7\u00e3o 100% algod\u00e3o para mais suavidade e frescura no toque. Excelente rela\u00e7\u00e3o qualidade \\\/ pre\u00e7o.\",\"breadcrumb\":{\"@id\":\"https:\\\/\\\/www.lecamaleon.com\\\/produto\\\/fronhas-percal-200-fios\\\/#breadcrumb\"},\"inLanguage\":\"fr-FR\",\"potentialAction\":[{\"@type\":\"ReadAction\",\"target\":[\"https:\\\/\\\/www.lecamaleon.com\\\/produto\\\/fronhas-percal-200-fios\\\/\"]}]},{\"@type\":\"ImageObject\",\"inLanguage\":\"fr-FR\",\"@id\":\"https:\\\/\\\/www.lecamaleon.com\\\/produto\\\/fronhas-percal-200-fios\\\/#primaryimage\",\"url\":\"https:\\\/\\\/www.lecamaleon.com\\\/wp-content\\\/uploads\\\/2023\\\/12\\\/fronhas-percal-200-fios.jpg\",\"contentUrl\":\"https:\\\/\\\/www.lecamaleon.com\\\/wp-content\\\/uploads\\\/2023\\\/12\\\/fronhas-percal-200-fios.jpg\",\"width\":1080,\"height\":1440,\"caption\":\"Fronhas de Percal 200 fios da marca LeCamaleon. Composi\u00e7\u00e3o 100% algod\u00e3o.\"},{\"@type\":\"BreadcrumbList\",\"@id\":\"https:\\\/\\\/www.lecamaleon.com\\\/produto\\\/fronhas-percal-200-fios\\\/#breadcrumb\",\"itemListElement\":[{\"@type\":\"ListItem\",\"position\":1,\"name\":\"In\u00edcio\",\"item\":\"https:\\\/\\\/www.lecamaleon.com\\\/\"},{\"@type\":\"ListItem\",\"position\":2,\"name\":\"Loja\",\"item\":\"https:\\\/\\\/www.lecamaleon.com\\\/loja\\\/\"},{\"@type\":\"ListItem\",\"position\":3,\"name\":\"Fronhas de Almofada Percal 200 fios\"}]},{\"@type\":\"WebSite\",\"@id\":\"https:\\\/\\\/www.lecamaleon.com\\\/#website\",\"url\":\"https:\\\/\\\/www.lecamaleon.com\\\/\",\"name\":\"Lecamaleon.com\",\"description\":\"Loja online de t\u00eaxtil-lar com produtos fabricados em Portugal aos melhores pre\u00e7os: edred\u00f5es, almofadas de dormir, len\u00e7\u00f3is de linho, len\u00e7\u00f3is de cetim e mais.\",\"publisher\":{\"@id\":\"https:\\\/\\\/www.lecamaleon.com\\\/#organization\"},\"alternateName\":\"LeCamaleon\",\"potentialAction\":[{\"@type\":\"SearchAction\",\"target\":{\"@type\":\"EntryPoint\",\"urlTemplate\":\"https:\\\/\\\/www.lecamaleon.com\\\/?s={search_term_string}\"},\"query-input\":{\"@type\":\"PropertyValueSpecification\",\"valueRequired\":true,\"valueName\":\"search_term_string\"}}],\"inLanguage\":\"fr-FR\"},{\"@type\":\"Organization\",\"@id\":\"https:\\\/\\\/www.lecamaleon.com\\\/#organization\",\"name\":\"Lecamaleon.com\",\"url\":\"https:\\\/\\\/www.lecamaleon.com\\\/\",\"logo\":{\"@type\":\"ImageObject\",\"inLanguage\":\"fr-FR\",\"@id\":\"https:\\\/\\\/www.lecamaleon.com\\\/#\\\/schema\\\/logo\\\/image\\\/\",\"url\":\"https:\\\/\\\/www.lecamaleon.com\\\/wp-content\\\/uploads\\\/2023\\\/02\\\/cropped-Logo-512x512-1.png\",\"contentUrl\":\"https:\\\/\\\/www.lecamaleon.com\\\/wp-content\\\/uploads\\\/2023\\\/02\\\/cropped-Logo-512x512-1.png\",\"width\":512,\"height\":512,\"caption\":\"Lecamaleon.com\"},\"image\":{\"@id\":\"https:\\\/\\\/www.lecamaleon.com\\\/#\\\/schema\\\/logo\\\/image\\\/\"},\"sameAs\":[\"https:\\\/\\\/www.facebook.com\\\/lecamaleon\",\"https:\\\/\\\/www.instagram.com\\\/le.camaleon\\\/\",\"https:\\\/\\\/www.threads.net\\\/@le.camaleon\"]}]}<\/script>\n<!-- \/ Yoast SEO plugin. -->","yoast_head_json":{"title":"Fronhas de Almofada Percal 200 fios | Toque fresco e agrad\u00e1vel","description":"Fronhas de Almofada em Percal 200 fios. Composi\u00e7\u00e3o 100% algod\u00e3o para mais suavidade e frescura no toque. Excelente rela\u00e7\u00e3o qualidade \/ pre\u00e7o.","robots":{"index":"index","follow":"follow","max-snippet":"max-snippet:-1","max-image-preview":"max-image-preview:large","max-video-preview":"max-video-preview:-1"},"canonical":"https:\/\/www.lecamaleon.com\/fr\/produit\/fronhas-percal-200-fios\/","og_locale":"fr_FR","og_type":"article","og_title":"Fronhas de Almofada Percal 200 fios | Toque fresco e agrad\u00e1vel","og_description":"Fronhas de Almofada em Percal 200 fios. Composi\u00e7\u00e3o 100% algod\u00e3o para mais suavidade e frescura no toque. Excelente rela\u00e7\u00e3o qualidade \/ pre\u00e7o.","og_url":"https:\/\/www.lecamaleon.com\/fr\/produit\/fronhas-percal-200-fios\/","og_site_name":"Lecamaleon","article_publisher":"https:\/\/www.facebook.com\/lecamaleon","article_modified_time":"2025-08-29T10:26:42+00:00","og_image":[{"width":1080,"height":1440,"url":"https:\/\/www.lecamaleon.com\/wp-content\/uploads\/2023\/12\/fronhas-percal-200-fios.jpg","type":"image\/jpeg"}],"twitter_card":"summary_large_image","twitter_misc":{"Dur\u00e9e de lecture estim\u00e9e":"1 minute"},"schema":{"@context":"https:\/\/schema.org","@graph":[{"@type":"WebPage","@id":"https:\/\/www.lecamaleon.com\/produto\/fronhas-percal-200-fios\/","url":"https:\/\/www.lecamaleon.com\/produto\/fronhas-percal-200-fios\/","name":"Fronhas de Almofada Percal 200 fios | Toque fresco e agrad\u00e1vel","isPartOf":{"@id":"https:\/\/www.lecamaleon.com\/#website"},"primaryImageOfPage":{"@id":"https:\/\/www.lecamaleon.com\/produto\/fronhas-percal-200-fios\/#primaryimage"},"image":{"@id":"https:\/\/www.lecamaleon.com\/produto\/fronhas-percal-200-fios\/#primaryimage"},"thumbnailUrl":"https:\/\/www.lecamaleon.com\/wp-content\/uploads\/2023\/12\/fronhas-percal-200-fios.jpg","datePublished":"2023-12-05T11:48:51+00:00","dateModified":"2025-08-29T10:26:42+00:00","description":"Fronhas de Almofada em Percal 200 fios. Composi\u00e7\u00e3o 100% algod\u00e3o para mais suavidade e frescura no toque. Excelente rela\u00e7\u00e3o qualidade \/ pre\u00e7o.","breadcrumb":{"@id":"https:\/\/www.lecamaleon.com\/produto\/fronhas-percal-200-fios\/#breadcrumb"},"inLanguage":"fr-FR","potentialAction":[{"@type":"ReadAction","target":["https:\/\/www.lecamaleon.com\/produto\/fronhas-percal-200-fios\/"]}]},{"@type":"ImageObject","inLanguage":"fr-FR","@id":"https:\/\/www.lecamaleon.com\/produto\/fronhas-percal-200-fios\/#primaryimage","url":"https:\/\/www.lecamaleon.com\/wp-content\/uploads\/2023\/12\/fronhas-percal-200-fios.jpg","contentUrl":"https:\/\/www.lecamaleon.com\/wp-content\/uploads\/2023\/12\/fronhas-percal-200-fios.jpg","width":1080,"height":1440,"caption":"Fronhas de Percal 200 fios da marca LeCamaleon. Composi\u00e7\u00e3o 100% algod\u00e3o."},{"@type":"BreadcrumbList","@id":"https:\/\/www.lecamaleon.com\/produto\/fronhas-percal-200-fios\/#breadcrumb","itemListElement":[{"@type":"ListItem","position":1,"name":"In\u00edcio","item":"https:\/\/www.lecamaleon.com\/"},{"@type":"ListItem","position":2,"name":"Loja","item":"https:\/\/www.lecamaleon.com\/loja\/"},{"@type":"ListItem","position":3,"name":"Fronhas de Almofada Percal 200 fios"}]},{"@type":"WebSite","@id":"https:\/\/www.lecamaleon.com\/#website","url":"https:\/\/www.lecamaleon.com\/","name":"Lecamaleon.com","description":"Loja online de t\u00eaxtil-lar com produtos fabricados em Portugal aos melhores pre\u00e7os: edred\u00f5es, almofadas de dormir, len\u00e7\u00f3is de linho, len\u00e7\u00f3is de cetim e mais.","publisher":{"@id":"https:\/\/www.lecamaleon.com\/#organization"},"alternateName":"LeCamaleon","potentialAction":[{"@type":"SearchAction","target":{"@type":"EntryPoint","urlTemplate":"https:\/\/www.lecamaleon.com\/?s={search_term_string}"},"query-input":{"@type":"PropertyValueSpecification","valueRequired":true,"valueName":"search_term_string"}}],"inLanguage":"fr-FR"},{"@type":"Organization","@id":"https:\/\/www.lecamaleon.com\/#organization","name":"Lecamaleon.com","url":"https:\/\/www.lecamaleon.com\/","logo":{"@type":"ImageObject","inLanguage":"fr-FR","@id":"https:\/\/www.lecamaleon.com\/#\/schema\/logo\/image\/","url":"https:\/\/www.lecamaleon.com\/wp-content\/uploads\/2023\/02\/cropped-Logo-512x512-1.png","contentUrl":"https:\/\/www.lecamaleon.com\/wp-content\/uploads\/2023\/02\/cropped-Logo-512x512-1.png","width":512,"height":512,"caption":"Lecamaleon.com"},"image":{"@id":"https:\/\/www.lecamaleon.com\/#\/schema\/logo\/image\/"},"sameAs":["https:\/\/www.facebook.com\/lecamaleon","https:\/\/www.instagram.com\/le.camaleon\/","https:\/\/www.threads.net\/@le.camaleon"]}]}},"_links":{"self":[{"href":"https:\/\/www.lecamaleon.com\/fr\/wp-json\/wp\/v2\/product\/2253","targetHints":{"allow":["GET"]}}],"collection":[{"href":"https:\/\/www.lecamaleon.com\/fr\/wp-json\/wp\/v2\/product"}],"about":[{"href":"https:\/\/www.lecamaleon.com\/fr\/wp-json\/wp\/v2\/types\/product"}],"replies":[{"embeddable":true,"href":"https:\/\/www.lecamaleon.com\/fr\/wp-json\/wp\/v2\/comments?post=2253"}],"wp:featuredmedia":[{"embeddable":true,"href":"https:\/\/www.lecamaleon.com\/fr\/wp-json\/wp\/v2\/media\/3117"}],"wp:attachment":[{"href":"https:\/\/www.lecamaleon.com\/fr\/wp-json\/wp\/v2\/media?parent=2253"}],"wp:term":[{"taxonomy":"product_brand","embeddable":true,"href":"https:\/\/www.lecamaleon.com\/fr\/wp-json\/wp\/v2\/product_brand?post=2253"},{"taxonomy":"product_cat","embeddable":true,"href":"https:\/\/www.lecamaleon.com\/fr\/wp-json\/wp\/v2\/product_cat?post=2253"},{"taxonomy":"product_tag","embeddable":true,"href":"https:\/\/www.lecamaleon.com\/fr\/wp-json\/wp\/v2\/product_tag?post=2253"}],"curies":[{"name":"wp","href":"https:\/\/api.w.org\/{rel}","templated":true}]}}