{"id":2610,"date":"2024-02-20T15:28:49","date_gmt":"2024-02-20T15:28:49","guid":{"rendered":"https:\/\/www.lecamaleon.com\/?post_type=product&#038;p=2610"},"modified":"2024-11-11T08:01:52","modified_gmt":"2024-11-11T08:01:52","slug":"almofada-decorativa-tigre","status":"publish","type":"product","link":"https:\/\/www.lecamaleon.com\/fr\/produit\/almofada-decorativa-tigre\/","title":{"rendered":"Capa de Almofada Decorativa com riscas de tigre"},"content":{"rendered":"","protected":false},"excerpt":{"rendered":"<p>Capa de almofada decorativa com riscas de tigre em tons de castanho, bege, cinzento, e mostarda.<\/p>\n<p>Fabriqu\u00e9e dans un tissu de haute qualit\u00e9 et dot\u00e9e d'un motif d\u00e9coratif qui se marie facilement avec diff\u00e9rents types de d\u00e9coration. Cette housse de coussin d\u00e9corative est id\u00e9ale pour ajouter une touche de couleur \u00e0 votre lit ou \u00e0 votre salon.<\/p>\n<p>Il est dot\u00e9 d'une fermeture \u00e9clair sur le c\u00f4t\u00e9 qui permet de retirer facilement la garniture int\u00e9rieure.<\/p>\n<p><strong>Tailles disponibles: <\/strong>45 x 45; 30 x 50<\/p>\n<p>Vous ne trouvez pas la taille que vous recherchez ? Nous r\u00e9alisons \u00e9galement des mesures personnalis\u00e9es. <a href=\"https:\/\/www.lecamaleon.com\/fr\/encomendas-por-medida-ou-personalizadas\/\">Passez votre commande ici<\/a>nous vous enverrons bient\u00f4t un devis.<\/p>\n<p><strong>Composition<\/strong>: 100 % viscose<\/p>\n<p><strong>Attention au lavage<\/strong><strong>:<\/strong><\/p>\n<p>Nettoyage \u00e0 sec uniquement!<\/p>\n<ul>\n<li>Ne pas laver en machine<\/li>\n<li>Ne pas s\u00e9cher au s\u00e8che-linge<\/li>\n<li>Ne pas blanchir<\/li>\n<li>Ne pas repasser<\/li>\n<\/ul>\n<p>&nbsp;<\/p>\n<p><img decoding=\"async\" class=\"alignnone size-medium wp-image-2609\" src=\"https:\/\/www.lecamaleon.com\/wp-content\/uploads\/2024\/02\/almofadas-decorativas-art-deco-como-lavar-330x70.png\" alt=\"\" width=\"330\" height=\"70\" srcset=\"https:\/\/www.lecamaleon.com\/wp-content\/uploads\/2024\/02\/almofadas-decorativas-art-deco-como-lavar-330x70.png 330w, https:\/\/www.lecamaleon.com\/wp-content\/uploads\/2024\/02\/almofadas-decorativas-art-deco-como-lavar-18x4.png 18w, https:\/\/www.lecamaleon.com\/wp-content\/uploads\/2024\/02\/almofadas-decorativas-art-deco-como-lavar.png 655w\" sizes=\"(max-width: 330px) 100vw, 330px\" \/><\/p>","protected":false},"featured_media":2612,"comment_status":"open","ping_status":"closed","template":"","meta":{"ocean_post_layout":"","ocean_both_sidebars_style":"","ocean_both_sidebars_content_width":0,"ocean_both_sidebars_sidebars_width":0,"ocean_sidebar":"0","ocean_second_sidebar":"0","ocean_disable_margins":"enable","ocean_add_body_class":"","ocean_shortcode_before_top_bar":"","ocean_shortcode_after_top_bar":"","ocean_shortcode_before_header":"","ocean_shortcode_after_header":"","ocean_has_shortcode":"","ocean_shortcode_after_title":"","ocean_shortcode_before_footer_widgets":"","ocean_shortcode_after_footer_widgets":"","ocean_shortcode_before_footer_bottom":"","ocean_shortcode_after_footer_bottom":"","ocean_display_top_bar":"default","ocean_display_header":"default","ocean_header_style":"","ocean_center_header_left_menu":"0","ocean_custom_header_template":"0","ocean_custom_logo":0,"ocean_custom_retina_logo":0,"ocean_custom_logo_max_width":0,"ocean_custom_logo_tablet_max_width":0,"ocean_custom_logo_mobile_max_width":0,"ocean_custom_logo_max_height":0,"ocean_custom_logo_tablet_max_height":0,"ocean_custom_logo_mobile_max_height":0,"ocean_header_custom_menu":"0","ocean_menu_typo_font_family":"0","ocean_menu_typo_font_subset":"","ocean_menu_typo_font_size":0,"ocean_menu_typo_font_size_tablet":0,"ocean_menu_typo_font_size_mobile":0,"ocean_menu_typo_font_size_unit":"px","ocean_menu_typo_font_weight":"","ocean_menu_typo_font_weight_tablet":"","ocean_menu_typo_font_weight_mobile":"","ocean_menu_typo_transform":"","ocean_menu_typo_transform_tablet":"","ocean_menu_typo_transform_mobile":"","ocean_menu_typo_line_height":0,"ocean_menu_typo_line_height_tablet":0,"ocean_menu_typo_line_height_mobile":0,"ocean_menu_typo_line_height_unit":"","ocean_menu_typo_spacing":0,"ocean_menu_typo_spacing_tablet":0,"ocean_menu_typo_spacing_mobile":0,"ocean_menu_typo_spacing_unit":"","ocean_menu_link_color":"","ocean_menu_link_color_hover":"","ocean_menu_link_color_active":"","ocean_menu_link_background":"","ocean_menu_link_hover_background":"","ocean_menu_link_active_background":"","ocean_menu_social_links_bg":"","ocean_menu_social_hover_links_bg":"","ocean_menu_social_links_color":"","ocean_menu_social_hover_links_color":"","ocean_disable_title":"default","ocean_disable_heading":"default","ocean_post_title":"","ocean_post_subheading":"","ocean_post_title_style":"","ocean_post_title_background_color":"","ocean_post_title_background":0,"ocean_post_title_bg_image_position":"","ocean_post_title_bg_image_attachment":"","ocean_post_title_bg_image_repeat":"","ocean_post_title_bg_image_size":"","ocean_post_title_height":0,"ocean_post_title_bg_overlay":0.5,"ocean_post_title_bg_overlay_color":"","ocean_disable_breadcrumbs":"default","ocean_breadcrumbs_color":"","ocean_breadcrumbs_separator_color":"","ocean_breadcrumbs_links_color":"","ocean_breadcrumbs_links_hover_color":"","ocean_display_footer_widgets":"default","ocean_display_footer_bottom":"default","ocean_custom_footer_template":"0"},"product_brand":[],"product_cat":[45],"product_tag":[],"class_list":{"0":"post-2610","1":"product","2":"type-product","3":"status-publish","4":"has-post-thumbnail","6":"product_cat-almofadas-decorativas","8":"entry","9":"has-media","11":"first","12":"instock","13":"taxable","14":"shipping-taxable","15":"purchasable","16":"product-type-variable","17":"has-product-nav","18":"col","19":"span_1_of_3","20":"owp-content-center","21":"owp-thumbs-layout-horizontal","22":"owp-btn-normal","23":"owp-tabs-layout-horizontal"},"yoast_head":"<!-- This site is optimized with the Yoast SEO plugin v27.5 - https:\/\/yoast.com\/product\/yoast-seo-wordpress\/ -->\n<title>Capa de Almofada Decorativa com riscas de tigre | 45 x 45 e 30 x 50<\/title>\n<meta name=\"description\" content=\"Capa de almofada decorativa com padr\u00e3o de riscas de tigre. Tons de castanho, bege, preto, e mostarda. V\u00e1rios tamanhos dispon\u00edveis.\" \/>\n<meta name=\"robots\" content=\"index, follow, max-snippet:-1, max-image-preview:large, max-video-preview:-1\" \/>\n<link rel=\"canonical\" href=\"https:\/\/www.lecamaleon.com\/fr\/produit\/almofada-decorativa-tigre\/\" \/>\n<meta property=\"og:locale\" content=\"fr_FR\" \/>\n<meta property=\"og:type\" content=\"article\" \/>\n<meta property=\"og:title\" content=\"Capa de Almofada Decorativa com riscas de tigre | 45 x 45 e 30 x 50\" \/>\n<meta property=\"og:description\" content=\"Capa de almofada decorativa com padr\u00e3o de riscas de tigre. Tons de castanho, bege, preto, e mostarda. V\u00e1rios tamanhos dispon\u00edveis.\" \/>\n<meta property=\"og:url\" content=\"https:\/\/www.lecamaleon.com\/fr\/produit\/almofada-decorativa-tigre\/\" \/>\n<meta property=\"og:site_name\" content=\"Lecamaleon\" \/>\n<meta property=\"article:publisher\" content=\"https:\/\/www.facebook.com\/lecamaleon\" \/>\n<meta property=\"article:modified_time\" content=\"2024-11-11T08:01:52+00:00\" \/>\n<meta property=\"og:image\" content=\"https:\/\/www.lecamaleon.com\/wp-content\/uploads\/2024\/02\/almofada-decorativa-jungle-pastel-60x60-1-768x1024.png\" \/>\n\t<meta property=\"og:image:width\" content=\"768\" \/>\n\t<meta property=\"og:image:height\" content=\"1024\" \/>\n\t<meta property=\"og:image:type\" content=\"image\/png\" \/>\n<meta name=\"twitter:card\" content=\"summary_large_image\" \/>\n<meta name=\"twitter:label1\" content=\"Dur\u00e9e de lecture estim\u00e9e\" \/>\n\t<meta name=\"twitter:data1\" content=\"1 minute\" \/>\n<script type=\"application\/ld+json\" class=\"yoast-schema-graph\">{\"@context\":\"https:\\\/\\\/schema.org\",\"@graph\":[{\"@type\":\"WebPage\",\"@id\":\"https:\\\/\\\/www.lecamaleon.com\\\/produto\\\/almofada-decorativa-tigre\\\/\",\"url\":\"https:\\\/\\\/www.lecamaleon.com\\\/produto\\\/almofada-decorativa-tigre\\\/\",\"name\":\"Capa de Almofada Decorativa com riscas de tigre | 45 x 45 e 30 x 50\",\"isPartOf\":{\"@id\":\"https:\\\/\\\/www.lecamaleon.com\\\/#website\"},\"primaryImageOfPage\":{\"@id\":\"https:\\\/\\\/www.lecamaleon.com\\\/produto\\\/almofada-decorativa-tigre\\\/#primaryimage\"},\"image\":{\"@id\":\"https:\\\/\\\/www.lecamaleon.com\\\/produto\\\/almofada-decorativa-tigre\\\/#primaryimage\"},\"thumbnailUrl\":\"https:\\\/\\\/www.lecamaleon.com\\\/wp-content\\\/uploads\\\/2024\\\/02\\\/almofada-decorativa-jungle-pastel-60x60-1.png\",\"datePublished\":\"2024-02-20T15:28:49+00:00\",\"dateModified\":\"2024-11-11T08:01:52+00:00\",\"description\":\"Capa de almofada decorativa com padr\u00e3o de riscas de tigre. Tons de castanho, bege, preto, e mostarda. V\u00e1rios tamanhos dispon\u00edveis.\",\"breadcrumb\":{\"@id\":\"https:\\\/\\\/www.lecamaleon.com\\\/produto\\\/almofada-decorativa-tigre\\\/#breadcrumb\"},\"inLanguage\":\"fr-FR\",\"potentialAction\":[{\"@type\":\"ReadAction\",\"target\":[\"https:\\\/\\\/www.lecamaleon.com\\\/produto\\\/almofada-decorativa-tigre\\\/\"]}]},{\"@type\":\"ImageObject\",\"inLanguage\":\"fr-FR\",\"@id\":\"https:\\\/\\\/www.lecamaleon.com\\\/produto\\\/almofada-decorativa-tigre\\\/#primaryimage\",\"url\":\"https:\\\/\\\/www.lecamaleon.com\\\/wp-content\\\/uploads\\\/2024\\\/02\\\/almofada-decorativa-jungle-pastel-60x60-1.png\",\"contentUrl\":\"https:\\\/\\\/www.lecamaleon.com\\\/wp-content\\\/uploads\\\/2024\\\/02\\\/almofada-decorativa-jungle-pastel-60x60-1.png\",\"width\":1080,\"height\":1440,\"caption\":\"Almofada decorativa com padr\u00e3o de riscas de tigre.\"},{\"@type\":\"BreadcrumbList\",\"@id\":\"https:\\\/\\\/www.lecamaleon.com\\\/produto\\\/almofada-decorativa-tigre\\\/#breadcrumb\",\"itemListElement\":[{\"@type\":\"ListItem\",\"position\":1,\"name\":\"In\u00edcio\",\"item\":\"https:\\\/\\\/www.lecamaleon.com\\\/\"},{\"@type\":\"ListItem\",\"position\":2,\"name\":\"Loja\",\"item\":\"https:\\\/\\\/www.lecamaleon.com\\\/loja\\\/\"},{\"@type\":\"ListItem\",\"position\":3,\"name\":\"Capa de Almofada Decorativa com riscas de tigre\"}]},{\"@type\":\"WebSite\",\"@id\":\"https:\\\/\\\/www.lecamaleon.com\\\/#website\",\"url\":\"https:\\\/\\\/www.lecamaleon.com\\\/\",\"name\":\"Lecamaleon.com\",\"description\":\"Loja online de t\u00eaxtil-lar com produtos fabricados em Portugal aos melhores pre\u00e7os: edred\u00f5es, almofadas de dormir, len\u00e7\u00f3is de linho, len\u00e7\u00f3is de cetim e mais.\",\"publisher\":{\"@id\":\"https:\\\/\\\/www.lecamaleon.com\\\/#organization\"},\"alternateName\":\"LeCamaleon\",\"potentialAction\":[{\"@type\":\"SearchAction\",\"target\":{\"@type\":\"EntryPoint\",\"urlTemplate\":\"https:\\\/\\\/www.lecamaleon.com\\\/?s={search_term_string}\"},\"query-input\":{\"@type\":\"PropertyValueSpecification\",\"valueRequired\":true,\"valueName\":\"search_term_string\"}}],\"inLanguage\":\"fr-FR\"},{\"@type\":\"Organization\",\"@id\":\"https:\\\/\\\/www.lecamaleon.com\\\/#organization\",\"name\":\"Lecamaleon.com\",\"url\":\"https:\\\/\\\/www.lecamaleon.com\\\/\",\"logo\":{\"@type\":\"ImageObject\",\"inLanguage\":\"fr-FR\",\"@id\":\"https:\\\/\\\/www.lecamaleon.com\\\/#\\\/schema\\\/logo\\\/image\\\/\",\"url\":\"https:\\\/\\\/www.lecamaleon.com\\\/wp-content\\\/uploads\\\/2023\\\/02\\\/cropped-Logo-512x512-1.png\",\"contentUrl\":\"https:\\\/\\\/www.lecamaleon.com\\\/wp-content\\\/uploads\\\/2023\\\/02\\\/cropped-Logo-512x512-1.png\",\"width\":512,\"height\":512,\"caption\":\"Lecamaleon.com\"},\"image\":{\"@id\":\"https:\\\/\\\/www.lecamaleon.com\\\/#\\\/schema\\\/logo\\\/image\\\/\"},\"sameAs\":[\"https:\\\/\\\/www.facebook.com\\\/lecamaleon\",\"https:\\\/\\\/www.instagram.com\\\/le.camaleon\\\/\",\"https:\\\/\\\/www.threads.net\\\/@le.camaleon\"]}]}<\/script>\n<!-- \/ Yoast SEO plugin. -->","yoast_head_json":{"title":"Capa de Almofada Decorativa com riscas de tigre | 45 x 45 e 30 x 50","description":"Capa de almofada decorativa com padr\u00e3o de riscas de tigre. Tons de castanho, bege, preto, e mostarda. V\u00e1rios tamanhos dispon\u00edveis.","robots":{"index":"index","follow":"follow","max-snippet":"max-snippet:-1","max-image-preview":"max-image-preview:large","max-video-preview":"max-video-preview:-1"},"canonical":"https:\/\/www.lecamaleon.com\/fr\/produit\/almofada-decorativa-tigre\/","og_locale":"fr_FR","og_type":"article","og_title":"Capa de Almofada Decorativa com riscas de tigre | 45 x 45 e 30 x 50","og_description":"Capa de almofada decorativa com padr\u00e3o de riscas de tigre. Tons de castanho, bege, preto, e mostarda. V\u00e1rios tamanhos dispon\u00edveis.","og_url":"https:\/\/www.lecamaleon.com\/fr\/produit\/almofada-decorativa-tigre\/","og_site_name":"Lecamaleon","article_publisher":"https:\/\/www.facebook.com\/lecamaleon","article_modified_time":"2024-11-11T08:01:52+00:00","og_image":[{"width":768,"height":1024,"url":"https:\/\/www.lecamaleon.com\/wp-content\/uploads\/2024\/02\/almofada-decorativa-jungle-pastel-60x60-1-768x1024.png","type":"image\/png"}],"twitter_card":"summary_large_image","twitter_misc":{"Dur\u00e9e de lecture estim\u00e9e":"1 minute"},"schema":{"@context":"https:\/\/schema.org","@graph":[{"@type":"WebPage","@id":"https:\/\/www.lecamaleon.com\/produto\/almofada-decorativa-tigre\/","url":"https:\/\/www.lecamaleon.com\/produto\/almofada-decorativa-tigre\/","name":"Capa de Almofada Decorativa com riscas de tigre | 45 x 45 e 30 x 50","isPartOf":{"@id":"https:\/\/www.lecamaleon.com\/#website"},"primaryImageOfPage":{"@id":"https:\/\/www.lecamaleon.com\/produto\/almofada-decorativa-tigre\/#primaryimage"},"image":{"@id":"https:\/\/www.lecamaleon.com\/produto\/almofada-decorativa-tigre\/#primaryimage"},"thumbnailUrl":"https:\/\/www.lecamaleon.com\/wp-content\/uploads\/2024\/02\/almofada-decorativa-jungle-pastel-60x60-1.png","datePublished":"2024-02-20T15:28:49+00:00","dateModified":"2024-11-11T08:01:52+00:00","description":"Capa de almofada decorativa com padr\u00e3o de riscas de tigre. Tons de castanho, bege, preto, e mostarda. V\u00e1rios tamanhos dispon\u00edveis.","breadcrumb":{"@id":"https:\/\/www.lecamaleon.com\/produto\/almofada-decorativa-tigre\/#breadcrumb"},"inLanguage":"fr-FR","potentialAction":[{"@type":"ReadAction","target":["https:\/\/www.lecamaleon.com\/produto\/almofada-decorativa-tigre\/"]}]},{"@type":"ImageObject","inLanguage":"fr-FR","@id":"https:\/\/www.lecamaleon.com\/produto\/almofada-decorativa-tigre\/#primaryimage","url":"https:\/\/www.lecamaleon.com\/wp-content\/uploads\/2024\/02\/almofada-decorativa-jungle-pastel-60x60-1.png","contentUrl":"https:\/\/www.lecamaleon.com\/wp-content\/uploads\/2024\/02\/almofada-decorativa-jungle-pastel-60x60-1.png","width":1080,"height":1440,"caption":"Almofada decorativa com padr\u00e3o de riscas de tigre."},{"@type":"BreadcrumbList","@id":"https:\/\/www.lecamaleon.com\/produto\/almofada-decorativa-tigre\/#breadcrumb","itemListElement":[{"@type":"ListItem","position":1,"name":"In\u00edcio","item":"https:\/\/www.lecamaleon.com\/"},{"@type":"ListItem","position":2,"name":"Loja","item":"https:\/\/www.lecamaleon.com\/loja\/"},{"@type":"ListItem","position":3,"name":"Capa de Almofada Decorativa com riscas de tigre"}]},{"@type":"WebSite","@id":"https:\/\/www.lecamaleon.com\/#website","url":"https:\/\/www.lecamaleon.com\/","name":"Lecamaleon.com","description":"Loja online de t\u00eaxtil-lar com produtos fabricados em Portugal aos melhores pre\u00e7os: edred\u00f5es, almofadas de dormir, len\u00e7\u00f3is de linho, len\u00e7\u00f3is de cetim e mais.","publisher":{"@id":"https:\/\/www.lecamaleon.com\/#organization"},"alternateName":"LeCamaleon","potentialAction":[{"@type":"SearchAction","target":{"@type":"EntryPoint","urlTemplate":"https:\/\/www.lecamaleon.com\/?s={search_term_string}"},"query-input":{"@type":"PropertyValueSpecification","valueRequired":true,"valueName":"search_term_string"}}],"inLanguage":"fr-FR"},{"@type":"Organization","@id":"https:\/\/www.lecamaleon.com\/#organization","name":"Lecamaleon.com","url":"https:\/\/www.lecamaleon.com\/","logo":{"@type":"ImageObject","inLanguage":"fr-FR","@id":"https:\/\/www.lecamaleon.com\/#\/schema\/logo\/image\/","url":"https:\/\/www.lecamaleon.com\/wp-content\/uploads\/2023\/02\/cropped-Logo-512x512-1.png","contentUrl":"https:\/\/www.lecamaleon.com\/wp-content\/uploads\/2023\/02\/cropped-Logo-512x512-1.png","width":512,"height":512,"caption":"Lecamaleon.com"},"image":{"@id":"https:\/\/www.lecamaleon.com\/#\/schema\/logo\/image\/"},"sameAs":["https:\/\/www.facebook.com\/lecamaleon","https:\/\/www.instagram.com\/le.camaleon\/","https:\/\/www.threads.net\/@le.camaleon"]}]}},"_links":{"self":[{"href":"https:\/\/www.lecamaleon.com\/fr\/wp-json\/wp\/v2\/product\/2610","targetHints":{"allow":["GET"]}}],"collection":[{"href":"https:\/\/www.lecamaleon.com\/fr\/wp-json\/wp\/v2\/product"}],"about":[{"href":"https:\/\/www.lecamaleon.com\/fr\/wp-json\/wp\/v2\/types\/product"}],"replies":[{"embeddable":true,"href":"https:\/\/www.lecamaleon.com\/fr\/wp-json\/wp\/v2\/comments?post=2610"}],"wp:featuredmedia":[{"embeddable":true,"href":"https:\/\/www.lecamaleon.com\/fr\/wp-json\/wp\/v2\/media\/2612"}],"wp:attachment":[{"href":"https:\/\/www.lecamaleon.com\/fr\/wp-json\/wp\/v2\/media?parent=2610"}],"wp:term":[{"taxonomy":"product_brand","embeddable":true,"href":"https:\/\/www.lecamaleon.com\/fr\/wp-json\/wp\/v2\/product_brand?post=2610"},{"taxonomy":"product_cat","embeddable":true,"href":"https:\/\/www.lecamaleon.com\/fr\/wp-json\/wp\/v2\/product_cat?post=2610"},{"taxonomy":"product_tag","embeddable":true,"href":"https:\/\/www.lecamaleon.com\/fr\/wp-json\/wp\/v2\/product_tag?post=2610"}],"curies":[{"name":"wp","href":"https:\/\/api.w.org\/{rel}","templated":true}]}}