{"id":2744,"date":"2024-04-27T09:29:01","date_gmt":"2024-04-27T09:29:01","guid":{"rendered":"https:\/\/www.lecamaleon.com\/?post_type=product&#038;p=2744"},"modified":"2025-11-23T15:11:55","modified_gmt":"2025-11-23T15:11:55","slug":"lencol-percal","status":"publish","type":"product","link":"https:\/\/www.lecamaleon.com\/fr\/produit\/lencol-percal\/","title":{"rendered":"Drap de dessus en percale verte"},"content":{"rendered":"<h2>O que \u00e9 o Percal e qual a vantagem de comprar um len\u00e7ol de percal?<\/h2>\n<p>O percal \u00e9 um tipo de tecido que adv\u00e9m de uma t\u00e9cnica espec\u00edfica de tecelagem em que dois fios s\u00e3o cruzados. H\u00e1 v\u00e1rios tipos de Percal no mercado, mas o melhor, mais suave e natural \u00e9 aquele composto por 100% algod\u00e3o.<\/p>\n<p>O tipo de percal com que trabalhamos \u00e9 feito com fios de algod\u00e3o longos e penteados, o que garante um\u00a0 toque macio e sedoso. Tamb\u00e9m permite um circula\u00e7\u00e3o mais livre do ar, proporcionando uma sensa\u00e7\u00e3o de frescura e conforto enquanto dorme.<\/p>\n<p>Garantimos resist\u00eancia a lavagens frequentes e alta qualidade nos nossos len\u00e7\u00f3is de percal. Experimente e descubra um novo patamar de conforto e luxo na sua cama.<\/p>","protected":false},"excerpt":{"rendered":"<p>Len\u00e7ol de Cima em Percal Verde.<\/p>\n<p>Os len\u00e7\u00f3is de percal da LeCamaleon t\u00eam uma <strong>composi\u00e7\u00e3o de 100% algod\u00e3o<\/strong> e s\u00e3o fabricados com elevados padr\u00f5es de qualidade. Garantimos o seguinte:<\/p>\n<ul>\n<li><strong>Suavidade<\/strong>: o Percal \u00e9 conhecido por ter uma textura macia e suave; \u00e9 ideal para peles sens\u00edveis e maior conforto enquanto dorme;<\/li>\n<li><strong>Respirabilidade<\/strong>: o tecido em Percal \u00e9 altamente respir\u00e1vel e mant\u00e9m o corpo \u00e0 temperatura ideal para que durma melhor;<\/li>\n<li><strong>Durabilidade:\u00a0<\/strong>os len\u00e7\u00f3is de Percal da LeCamaleon s\u00e3o resistentes a rugas e desbotamentos, mesmo ap\u00f3s m\u00faltiplas lavagens<\/li>\n<li><strong>F\u00e1cil de cuidar:\u00a0<\/strong>Pode lavar os len\u00e7\u00f3is na m\u00e1quina a 30\u00ba graus e usar a m\u00e1quina de secar num programa para tecidos delicados.<\/li>\n<\/ul>\n<p>&nbsp;<\/p>\n<p><strong>Conjunto completo de percal para a sua cama:<\/strong><\/p>\n<ul>\n<li><a href=\"https:\/\/www.lecamaleon.com\/fr\/produit\/lencol-ajustavel-percal\/\">Len\u00e7ol ajust\u00e1vel em Percal verde menta<\/a><\/li>\n<li><a href=\"https:\/\/www.lecamaleon.com\/fr\/produit\/fronhas-almofada-travesseiro-percal\/\">Fronhas de almofada em Percal verde menta<\/a><\/li>\n<\/ul>\n<p>&nbsp;<\/p>\n<p>Temos medidas para <strong>camas de solteiro, casal, queen e king size<\/strong>. Escolha a sua medida em baixo; se n\u00e3o encontra o tamanho que deseja, tamb\u00e9m <a href=\"https:\/\/www.lecamaleon.com\/fr\/encomendas-por-medida-ou-personalizadas\/\">fazemos tamanhos personalizados<\/a>.<\/p>\n<p>Os produtos da LeCameleon s\u00e3o <strong>fabricados em Portugal<\/strong>, diretamente da nossa f\u00e1brica para a sua casa, e t\u00eam certifica\u00e7\u00e3o <a href=\"https:\/\/www.oeko-tex.com\/en\/our-standards\/oeko-tex-standard-100\">OEKO-TEX\u00ae STANDARD 100<\/a>.<\/p>","protected":false},"featured_media":2930,"comment_status":"open","ping_status":"closed","template":"","meta":{"ocean_post_layout":"","ocean_both_sidebars_style":"","ocean_both_sidebars_content_width":0,"ocean_both_sidebars_sidebars_width":0,"ocean_sidebar":"0","ocean_second_sidebar":"0","ocean_disable_margins":"enable","ocean_add_body_class":"","ocean_shortcode_before_top_bar":"","ocean_shortcode_after_top_bar":"","ocean_shortcode_before_header":"","ocean_shortcode_after_header":"","ocean_has_shortcode":"","ocean_shortcode_after_title":"","ocean_shortcode_before_footer_widgets":"","ocean_shortcode_after_footer_widgets":"","ocean_shortcode_before_footer_bottom":"","ocean_shortcode_after_footer_bottom":"","ocean_display_top_bar":"default","ocean_display_header":"default","ocean_header_style":"","ocean_center_header_left_menu":"0","ocean_custom_header_template":"0","ocean_custom_logo":0,"ocean_custom_retina_logo":0,"ocean_custom_logo_max_width":0,"ocean_custom_logo_tablet_max_width":0,"ocean_custom_logo_mobile_max_width":0,"ocean_custom_logo_max_height":0,"ocean_custom_logo_tablet_max_height":0,"ocean_custom_logo_mobile_max_height":0,"ocean_header_custom_menu":"0","ocean_menu_typo_font_family":"0","ocean_menu_typo_font_subset":"","ocean_menu_typo_font_size":0,"ocean_menu_typo_font_size_tablet":0,"ocean_menu_typo_font_size_mobile":0,"ocean_menu_typo_font_size_unit":"px","ocean_menu_typo_font_weight":"","ocean_menu_typo_font_weight_tablet":"","ocean_menu_typo_font_weight_mobile":"","ocean_menu_typo_transform":"","ocean_menu_typo_transform_tablet":"","ocean_menu_typo_transform_mobile":"","ocean_menu_typo_line_height":0,"ocean_menu_typo_line_height_tablet":0,"ocean_menu_typo_line_height_mobile":0,"ocean_menu_typo_line_height_unit":"","ocean_menu_typo_spacing":0,"ocean_menu_typo_spacing_tablet":0,"ocean_menu_typo_spacing_mobile":0,"ocean_menu_typo_spacing_unit":"","ocean_menu_link_color":"","ocean_menu_link_color_hover":"","ocean_menu_link_color_active":"","ocean_menu_link_background":"","ocean_menu_link_hover_background":"","ocean_menu_link_active_background":"","ocean_menu_social_links_bg":"","ocean_menu_social_hover_links_bg":"","ocean_menu_social_links_color":"","ocean_menu_social_hover_links_color":"","ocean_disable_title":"default","ocean_disable_heading":"default","ocean_post_title":"","ocean_post_subheading":"","ocean_post_title_style":"","ocean_post_title_background_color":"","ocean_post_title_background":0,"ocean_post_title_bg_image_position":"","ocean_post_title_bg_image_attachment":"","ocean_post_title_bg_image_repeat":"","ocean_post_title_bg_image_size":"","ocean_post_title_height":0,"ocean_post_title_bg_overlay":0.5,"ocean_post_title_bg_overlay_color":"","ocean_disable_breadcrumbs":"default","ocean_breadcrumbs_color":"","ocean_breadcrumbs_separator_color":"","ocean_breadcrumbs_links_color":"","ocean_breadcrumbs_links_hover_color":"","ocean_display_footer_widgets":"default","ocean_display_footer_bottom":"default","ocean_custom_footer_template":"0"},"product_brand":[],"product_cat":[76,73],"product_tag":[146,144,145,108],"class_list":{"0":"post-2744","1":"product","2":"type-product","3":"status-publish","4":"has-post-thumbnail","6":"product_cat-lencois","7":"product_cat-roupa-de-cama","8":"product_tag-lencol-de-cima","9":"product_tag-lencol-de-percal","10":"product_tag-percal","11":"product_tag-roupa-de-cama","13":"entry","14":"has-media","16":"first","17":"instock","18":"taxable","19":"shipping-taxable","20":"purchasable","21":"product-type-variable","22":"has-product-nav","23":"col","24":"span_1_of_3","25":"owp-content-center","26":"owp-thumbs-layout-horizontal","27":"owp-btn-normal","28":"owp-tabs-layout-horizontal"},"yoast_head":"<!-- This site is optimized with the Yoast SEO plugin v27.3 - https:\/\/yoast.com\/product\/yoast-seo-wordpress\/ -->\n<title>Len\u00e7ol de Cima em Percal Verde | Conforto e Suavidade | Lecamaleon<\/title>\n<meta name=\"description\" content=\"Len\u00e7ol em Percal para conforto e eleg\u00e2ncia no seu quarto. Garantimos durabilidade e suavidade m\u00e1xima. Composi\u00e7\u00e3o 100% Algod\u00e3o.\" \/>\n<meta name=\"robots\" content=\"index, follow, max-snippet:-1, max-image-preview:large, max-video-preview:-1\" \/>\n<link rel=\"canonical\" href=\"https:\/\/www.lecamaleon.com\/fr\/produit\/lencol-percal\/\" \/>\n<meta property=\"og:locale\" content=\"fr_FR\" \/>\n<meta property=\"og:type\" content=\"article\" \/>\n<meta property=\"og:title\" content=\"Len\u00e7ol de Cima em Percal Verde | Conforto e Suavidade | Lecamaleon\" \/>\n<meta property=\"og:description\" content=\"Len\u00e7ol em Percal para conforto e eleg\u00e2ncia no seu quarto. Garantimos durabilidade e suavidade m\u00e1xima. Composi\u00e7\u00e3o 100% Algod\u00e3o.\" \/>\n<meta property=\"og:url\" content=\"https:\/\/www.lecamaleon.com\/fr\/produit\/lencol-percal\/\" \/>\n<meta property=\"og:site_name\" content=\"Lecamaleon\" \/>\n<meta property=\"article:publisher\" content=\"https:\/\/www.facebook.com\/lecamaleon\" \/>\n<meta property=\"article:modified_time\" content=\"2025-11-23T15:11:55+00:00\" \/>\n<meta property=\"og:image\" content=\"https:\/\/www.lecamaleon.com\/wp-content\/uploads\/2024\/04\/lencol-percal-de-cima-6.jpg\" \/>\n\t<meta property=\"og:image:width\" content=\"1080\" \/>\n\t<meta property=\"og:image:height\" content=\"1440\" \/>\n\t<meta property=\"og:image:type\" content=\"image\/jpeg\" \/>\n<meta name=\"twitter:card\" content=\"summary_large_image\" \/>\n<meta name=\"twitter:label1\" content=\"Dur\u00e9e de lecture estim\u00e9e\" \/>\n\t<meta name=\"twitter:data1\" content=\"1 minute\" \/>\n<script type=\"application\/ld+json\" class=\"yoast-schema-graph\">{\"@context\":\"https:\\\/\\\/schema.org\",\"@graph\":[{\"@type\":\"WebPage\",\"@id\":\"https:\\\/\\\/www.lecamaleon.com\\\/produto\\\/lencol-percal\\\/\",\"url\":\"https:\\\/\\\/www.lecamaleon.com\\\/produto\\\/lencol-percal\\\/\",\"name\":\"Len\u00e7ol de Cima em Percal Verde | Conforto e Suavidade | Lecamaleon\",\"isPartOf\":{\"@id\":\"https:\\\/\\\/www.lecamaleon.com\\\/#website\"},\"primaryImageOfPage\":{\"@id\":\"https:\\\/\\\/www.lecamaleon.com\\\/produto\\\/lencol-percal\\\/#primaryimage\"},\"image\":{\"@id\":\"https:\\\/\\\/www.lecamaleon.com\\\/produto\\\/lencol-percal\\\/#primaryimage\"},\"thumbnailUrl\":\"https:\\\/\\\/www.lecamaleon.com\\\/wp-content\\\/uploads\\\/2024\\\/04\\\/lencol-percal-de-cima-6.jpg\",\"datePublished\":\"2024-04-27T09:29:01+00:00\",\"dateModified\":\"2025-11-23T15:11:55+00:00\",\"description\":\"Len\u00e7ol em Percal para conforto e eleg\u00e2ncia no seu quarto. Garantimos durabilidade e suavidade m\u00e1xima. Composi\u00e7\u00e3o 100% Algod\u00e3o.\",\"breadcrumb\":{\"@id\":\"https:\\\/\\\/www.lecamaleon.com\\\/produto\\\/lencol-percal\\\/#breadcrumb\"},\"inLanguage\":\"fr-FR\",\"potentialAction\":[{\"@type\":\"ReadAction\",\"target\":[\"https:\\\/\\\/www.lecamaleon.com\\\/produto\\\/lencol-percal\\\/\"]}]},{\"@type\":\"ImageObject\",\"inLanguage\":\"fr-FR\",\"@id\":\"https:\\\/\\\/www.lecamaleon.com\\\/produto\\\/lencol-percal\\\/#primaryimage\",\"url\":\"https:\\\/\\\/www.lecamaleon.com\\\/wp-content\\\/uploads\\\/2024\\\/04\\\/lencol-percal-de-cima-6.jpg\",\"contentUrl\":\"https:\\\/\\\/www.lecamaleon.com\\\/wp-content\\\/uploads\\\/2024\\\/04\\\/lencol-percal-de-cima-6.jpg\",\"width\":1080,\"height\":1440,\"caption\":\"Len\u00e7ol percal em verde para camas de solteiro e casal\"},{\"@type\":\"BreadcrumbList\",\"@id\":\"https:\\\/\\\/www.lecamaleon.com\\\/produto\\\/lencol-percal\\\/#breadcrumb\",\"itemListElement\":[{\"@type\":\"ListItem\",\"position\":1,\"name\":\"In\u00edcio\",\"item\":\"https:\\\/\\\/www.lecamaleon.com\\\/\"},{\"@type\":\"ListItem\",\"position\":2,\"name\":\"Loja\",\"item\":\"https:\\\/\\\/www.lecamaleon.com\\\/loja\\\/\"},{\"@type\":\"ListItem\",\"position\":3,\"name\":\"Len\u00e7ol de Cima em Percal Verde\"}]},{\"@type\":\"WebSite\",\"@id\":\"https:\\\/\\\/www.lecamaleon.com\\\/#website\",\"url\":\"https:\\\/\\\/www.lecamaleon.com\\\/\",\"name\":\"Lecamaleon.com\",\"description\":\"Loja online de t\u00eaxtil-lar com produtos fabricados em Portugal aos melhores pre\u00e7os: edred\u00f5es, almofadas de dormir, len\u00e7\u00f3is de linho, len\u00e7\u00f3is de cetim e mais.\",\"publisher\":{\"@id\":\"https:\\\/\\\/www.lecamaleon.com\\\/#organization\"},\"alternateName\":\"LeCamaleon\",\"potentialAction\":[{\"@type\":\"SearchAction\",\"target\":{\"@type\":\"EntryPoint\",\"urlTemplate\":\"https:\\\/\\\/www.lecamaleon.com\\\/?s={search_term_string}\"},\"query-input\":{\"@type\":\"PropertyValueSpecification\",\"valueRequired\":true,\"valueName\":\"search_term_string\"}}],\"inLanguage\":\"fr-FR\"},{\"@type\":\"Organization\",\"@id\":\"https:\\\/\\\/www.lecamaleon.com\\\/#organization\",\"name\":\"Lecamaleon.com\",\"url\":\"https:\\\/\\\/www.lecamaleon.com\\\/\",\"logo\":{\"@type\":\"ImageObject\",\"inLanguage\":\"fr-FR\",\"@id\":\"https:\\\/\\\/www.lecamaleon.com\\\/#\\\/schema\\\/logo\\\/image\\\/\",\"url\":\"https:\\\/\\\/www.lecamaleon.com\\\/wp-content\\\/uploads\\\/2023\\\/02\\\/cropped-Logo-512x512-1.png\",\"contentUrl\":\"https:\\\/\\\/www.lecamaleon.com\\\/wp-content\\\/uploads\\\/2023\\\/02\\\/cropped-Logo-512x512-1.png\",\"width\":512,\"height\":512,\"caption\":\"Lecamaleon.com\"},\"image\":{\"@id\":\"https:\\\/\\\/www.lecamaleon.com\\\/#\\\/schema\\\/logo\\\/image\\\/\"},\"sameAs\":[\"https:\\\/\\\/www.facebook.com\\\/lecamaleon\",\"https:\\\/\\\/www.instagram.com\\\/le.camaleon\\\/\",\"https:\\\/\\\/www.threads.net\\\/@le.camaleon\"]}]}<\/script>\n<!-- \/ Yoast SEO plugin. -->","yoast_head_json":{"title":"Len\u00e7ol de Cima em Percal Verde | Conforto e Suavidade | Lecamaleon","description":"Len\u00e7ol em Percal para conforto e eleg\u00e2ncia no seu quarto. Garantimos durabilidade e suavidade m\u00e1xima. Composi\u00e7\u00e3o 100% Algod\u00e3o.","robots":{"index":"index","follow":"follow","max-snippet":"max-snippet:-1","max-image-preview":"max-image-preview:large","max-video-preview":"max-video-preview:-1"},"canonical":"https:\/\/www.lecamaleon.com\/fr\/produit\/lencol-percal\/","og_locale":"fr_FR","og_type":"article","og_title":"Len\u00e7ol de Cima em Percal Verde | Conforto e Suavidade | Lecamaleon","og_description":"Len\u00e7ol em Percal para conforto e eleg\u00e2ncia no seu quarto. Garantimos durabilidade e suavidade m\u00e1xima. Composi\u00e7\u00e3o 100% Algod\u00e3o.","og_url":"https:\/\/www.lecamaleon.com\/fr\/produit\/lencol-percal\/","og_site_name":"Lecamaleon","article_publisher":"https:\/\/www.facebook.com\/lecamaleon","article_modified_time":"2025-11-23T15:11:55+00:00","og_image":[{"width":1080,"height":1440,"url":"https:\/\/www.lecamaleon.com\/wp-content\/uploads\/2024\/04\/lencol-percal-de-cima-6.jpg","type":"image\/jpeg"}],"twitter_card":"summary_large_image","twitter_misc":{"Dur\u00e9e de lecture estim\u00e9e":"1 minute"},"schema":{"@context":"https:\/\/schema.org","@graph":[{"@type":"WebPage","@id":"https:\/\/www.lecamaleon.com\/produto\/lencol-percal\/","url":"https:\/\/www.lecamaleon.com\/produto\/lencol-percal\/","name":"Len\u00e7ol de Cima em Percal Verde | Conforto e Suavidade | Lecamaleon","isPartOf":{"@id":"https:\/\/www.lecamaleon.com\/#website"},"primaryImageOfPage":{"@id":"https:\/\/www.lecamaleon.com\/produto\/lencol-percal\/#primaryimage"},"image":{"@id":"https:\/\/www.lecamaleon.com\/produto\/lencol-percal\/#primaryimage"},"thumbnailUrl":"https:\/\/www.lecamaleon.com\/wp-content\/uploads\/2024\/04\/lencol-percal-de-cima-6.jpg","datePublished":"2024-04-27T09:29:01+00:00","dateModified":"2025-11-23T15:11:55+00:00","description":"Len\u00e7ol em Percal para conforto e eleg\u00e2ncia no seu quarto. Garantimos durabilidade e suavidade m\u00e1xima. Composi\u00e7\u00e3o 100% Algod\u00e3o.","breadcrumb":{"@id":"https:\/\/www.lecamaleon.com\/produto\/lencol-percal\/#breadcrumb"},"inLanguage":"fr-FR","potentialAction":[{"@type":"ReadAction","target":["https:\/\/www.lecamaleon.com\/produto\/lencol-percal\/"]}]},{"@type":"ImageObject","inLanguage":"fr-FR","@id":"https:\/\/www.lecamaleon.com\/produto\/lencol-percal\/#primaryimage","url":"https:\/\/www.lecamaleon.com\/wp-content\/uploads\/2024\/04\/lencol-percal-de-cima-6.jpg","contentUrl":"https:\/\/www.lecamaleon.com\/wp-content\/uploads\/2024\/04\/lencol-percal-de-cima-6.jpg","width":1080,"height":1440,"caption":"Len\u00e7ol percal em verde para camas de solteiro e casal"},{"@type":"BreadcrumbList","@id":"https:\/\/www.lecamaleon.com\/produto\/lencol-percal\/#breadcrumb","itemListElement":[{"@type":"ListItem","position":1,"name":"In\u00edcio","item":"https:\/\/www.lecamaleon.com\/"},{"@type":"ListItem","position":2,"name":"Loja","item":"https:\/\/www.lecamaleon.com\/loja\/"},{"@type":"ListItem","position":3,"name":"Len\u00e7ol de Cima em Percal Verde"}]},{"@type":"WebSite","@id":"https:\/\/www.lecamaleon.com\/#website","url":"https:\/\/www.lecamaleon.com\/","name":"Lecamaleon.com","description":"Loja online de t\u00eaxtil-lar com produtos fabricados em Portugal aos melhores pre\u00e7os: edred\u00f5es, almofadas de dormir, len\u00e7\u00f3is de linho, len\u00e7\u00f3is de cetim e mais.","publisher":{"@id":"https:\/\/www.lecamaleon.com\/#organization"},"alternateName":"LeCamaleon","potentialAction":[{"@type":"SearchAction","target":{"@type":"EntryPoint","urlTemplate":"https:\/\/www.lecamaleon.com\/?s={search_term_string}"},"query-input":{"@type":"PropertyValueSpecification","valueRequired":true,"valueName":"search_term_string"}}],"inLanguage":"fr-FR"},{"@type":"Organization","@id":"https:\/\/www.lecamaleon.com\/#organization","name":"Lecamaleon.com","url":"https:\/\/www.lecamaleon.com\/","logo":{"@type":"ImageObject","inLanguage":"fr-FR","@id":"https:\/\/www.lecamaleon.com\/#\/schema\/logo\/image\/","url":"https:\/\/www.lecamaleon.com\/wp-content\/uploads\/2023\/02\/cropped-Logo-512x512-1.png","contentUrl":"https:\/\/www.lecamaleon.com\/wp-content\/uploads\/2023\/02\/cropped-Logo-512x512-1.png","width":512,"height":512,"caption":"Lecamaleon.com"},"image":{"@id":"https:\/\/www.lecamaleon.com\/#\/schema\/logo\/image\/"},"sameAs":["https:\/\/www.facebook.com\/lecamaleon","https:\/\/www.instagram.com\/le.camaleon\/","https:\/\/www.threads.net\/@le.camaleon"]}]}},"_links":{"self":[{"href":"https:\/\/www.lecamaleon.com\/fr\/wp-json\/wp\/v2\/product\/2744","targetHints":{"allow":["GET"]}}],"collection":[{"href":"https:\/\/www.lecamaleon.com\/fr\/wp-json\/wp\/v2\/product"}],"about":[{"href":"https:\/\/www.lecamaleon.com\/fr\/wp-json\/wp\/v2\/types\/product"}],"replies":[{"embeddable":true,"href":"https:\/\/www.lecamaleon.com\/fr\/wp-json\/wp\/v2\/comments?post=2744"}],"wp:featuredmedia":[{"embeddable":true,"href":"https:\/\/www.lecamaleon.com\/fr\/wp-json\/wp\/v2\/media\/2930"}],"wp:attachment":[{"href":"https:\/\/www.lecamaleon.com\/fr\/wp-json\/wp\/v2\/media?parent=2744"}],"wp:term":[{"taxonomy":"product_brand","embeddable":true,"href":"https:\/\/www.lecamaleon.com\/fr\/wp-json\/wp\/v2\/product_brand?post=2744"},{"taxonomy":"product_cat","embeddable":true,"href":"https:\/\/www.lecamaleon.com\/fr\/wp-json\/wp\/v2\/product_cat?post=2744"},{"taxonomy":"product_tag","embeddable":true,"href":"https:\/\/www.lecamaleon.com\/fr\/wp-json\/wp\/v2\/product_tag?post=2744"}],"curies":[{"name":"wp","href":"https:\/\/api.w.org\/{rel}","templated":true}]}}