{"id":2809,"date":"2024-05-22T11:53:13","date_gmt":"2024-05-22T11:53:13","guid":{"rendered":"https:\/\/www.lecamaleon.com\/?post_type=product&#038;p=2809"},"modified":"2026-03-12T02:21:43","modified_gmt":"2026-03-12T02:21:43","slug":"edredao","status":"publish","type":"product","link":"https:\/\/www.lecamaleon.com\/fr\/produit\/edredao\/","title":{"rendered":"Couette d'\u00e9t\u00e9"},"content":{"rendered":"<p class=\"translation-block\">La couette d'\u00e9t\u00e9 est disponible en plusieurs tailles : lit simple, lit double, lit queen size et lit king size.\nConsultez notre guide des tailles ci-dessous pour choisir la taille adapt\u00e9e \u00e0 votre lit.<\/p>\n<p>Tenez \u00e9galement compte de la hauteur de votre lit et du fait que vous pr\u00e9f\u00e9rez que la couette soit plus souple ou plus courte sur les bords.<\/p>\n<p><strong>Guide des tailles de couettes d'\u00e9t\u00e9<br \/>\n<\/strong><\/p>\n<ul>\n<li>90 x 200 lit | 150 x 220 couette<\/li>\n<li>100 x 200 lit | 160 x 220 couette<\/li>\n<li>140 x 200 lit | 220 x 220 couette<\/li>\n<li>150 x 200 lit | 220 x 220 couette<\/li>\n<li>160 x 200 lit |220 x 220 or 240 x 220 couette<\/li>\n<li>180 x 200 lit | 240 x 220 or 260 x 220 couette<\/li>\n<li>Cama de 200x 200 | Edred\u00e3o de 260 x 220 ou 280 x 220<\/li>\n<\/ul>","protected":false},"excerpt":{"rendered":"<p>La couette d'\u00e9t\u00e9 LeCamaleon est con\u00e7ue pour les saisons telles que le printemps, l'\u00e9t\u00e9 et l'automne.<br \/>\nAvec un poids de 200 GR, il est plus frais que <a href=\"https:\/\/www.lecamaleon.com\/fr\/produit\/edredao-nordico-inverno\/\">Couette d'hiver nordique<\/a>.<\/p>\n<p>C'est \u00e9galement un choix parfait pour ceux qui souhaitent une couette hypoallerg\u00e9nique et anti-acariens en raison des propri\u00e9t\u00e9s inh\u00e9rentes \u00e0 la mati\u00e8re premi\u00e8re.<\/p>\n<p>Nos couettes sont fabriqu\u00e9es en microfibre de premi\u00e8re qualit\u00e9, au toucher doux et agr\u00e9able.<\/p>\n<p><strong>Caract\u00e9ristiques :<br \/>\n<\/strong><\/p>\n<ul>\n<li>Respirant : favorise la circulation de l'air ; moins d'humidit\u00e9<\/li>\n<li data-sourcepos=\"12:1-12:36\">200 g\/m2 de fibre int\u00e9rieure hypoallerg\u00e9nique de premi\u00e8re qualit\u00e9<\/li>\n<li data-sourcepos=\"13:1-13:48\">Ext\u00e9rieur : microfibre fra\u00eeche 85 g\/m2<\/li>\n<li data-sourcepos=\"13:1-13:48\">Fabriqu\u00e9 sur une ligne de production durable<\/li>\n<li data-sourcepos=\"14:1-15:0\">Fabriqu\u00e9 au Portugal<\/li>\n<li data-sourcepos=\"14:1-15:0\"><a href=\"https:\/\/www.oeko-tex.com\/en\/our-standards\/oeko-tex-standard-100\">OEKO-TEX\u00ae STANDARD 100<\/a>.<\/li>\n<\/ul>\n<p>&nbsp;<\/p>\n<p><strong>Couleurs disponibles<\/strong><\/p>\n<ul>\n<li>Bleu<\/li>\n<li>Beige<\/li>\n<li>Gris<\/li>\n<li>Lilas<\/li>\n<li>Rose<\/li>\n<\/ul>\n<p>&nbsp;<\/p>\n<p><strong>Recommandations de lavage<\/strong><\/p>\n<p>Nous recommandons de laver nos couettes en machine, en cycle d\u00e9licat, \u00e0 une temp\u00e9rature maximale de 30\u00ba. Pour le s\u00e9chage, vous pouvez \u00e9galement utiliser le s\u00e8che-linge, mais en effectuant un cycle long \u00e0 basse temp\u00e9rature.<\/p>","protected":false},"featured_media":2811,"comment_status":"open","ping_status":"closed","template":"","meta":{"ocean_post_layout":"","ocean_both_sidebars_style":"","ocean_both_sidebars_content_width":0,"ocean_both_sidebars_sidebars_width":0,"ocean_sidebar":"0","ocean_second_sidebar":"0","ocean_disable_margins":"enable","ocean_add_body_class":"","ocean_shortcode_before_top_bar":"","ocean_shortcode_after_top_bar":"","ocean_shortcode_before_header":"","ocean_shortcode_after_header":"","ocean_has_shortcode":"","ocean_shortcode_after_title":"","ocean_shortcode_before_footer_widgets":"","ocean_shortcode_after_footer_widgets":"","ocean_shortcode_before_footer_bottom":"","ocean_shortcode_after_footer_bottom":"","ocean_display_top_bar":"default","ocean_display_header":"default","ocean_header_style":"","ocean_center_header_left_menu":"0","ocean_custom_header_template":"0","ocean_custom_logo":0,"ocean_custom_retina_logo":0,"ocean_custom_logo_max_width":0,"ocean_custom_logo_tablet_max_width":0,"ocean_custom_logo_mobile_max_width":0,"ocean_custom_logo_max_height":0,"ocean_custom_logo_tablet_max_height":0,"ocean_custom_logo_mobile_max_height":0,"ocean_header_custom_menu":"0","ocean_menu_typo_font_family":"0","ocean_menu_typo_font_subset":"","ocean_menu_typo_font_size":0,"ocean_menu_typo_font_size_tablet":0,"ocean_menu_typo_font_size_mobile":0,"ocean_menu_typo_font_size_unit":"px","ocean_menu_typo_font_weight":"","ocean_menu_typo_font_weight_tablet":"","ocean_menu_typo_font_weight_mobile":"","ocean_menu_typo_transform":"","ocean_menu_typo_transform_tablet":"","ocean_menu_typo_transform_mobile":"","ocean_menu_typo_line_height":0,"ocean_menu_typo_line_height_tablet":0,"ocean_menu_typo_line_height_mobile":0,"ocean_menu_typo_line_height_unit":"","ocean_menu_typo_spacing":0,"ocean_menu_typo_spacing_tablet":0,"ocean_menu_typo_spacing_mobile":0,"ocean_menu_typo_spacing_unit":"","ocean_menu_link_color":"","ocean_menu_link_color_hover":"","ocean_menu_link_color_active":"","ocean_menu_link_background":"","ocean_menu_link_hover_background":"","ocean_menu_link_active_background":"","ocean_menu_social_links_bg":"","ocean_menu_social_hover_links_bg":"","ocean_menu_social_links_color":"","ocean_menu_social_hover_links_color":"","ocean_disable_title":"default","ocean_disable_heading":"default","ocean_post_title":"","ocean_post_subheading":"","ocean_post_title_style":"","ocean_post_title_background_color":"","ocean_post_title_background":0,"ocean_post_title_bg_image_position":"","ocean_post_title_bg_image_attachment":"","ocean_post_title_bg_image_repeat":"","ocean_post_title_bg_image_size":"","ocean_post_title_height":0,"ocean_post_title_bg_overlay":0.5,"ocean_post_title_bg_overlay_color":"","ocean_disable_breadcrumbs":"default","ocean_breadcrumbs_color":"","ocean_breadcrumbs_separator_color":"","ocean_breadcrumbs_links_color":"","ocean_breadcrumbs_links_hover_color":"","ocean_display_footer_widgets":"default","ocean_display_footer_bottom":"default","ocean_custom_footer_template":"0"},"product_brand":[],"product_cat":[75,73],"product_tag":[94,108],"class_list":{"0":"post-2809","1":"product","2":"type-product","3":"status-publish","4":"has-post-thumbnail","6":"product_cat-edredoes","7":"product_cat-roupa-de-cama","8":"product_tag-edredao","9":"product_tag-roupa-de-cama","11":"entry","12":"has-media","14":"first","15":"instock","16":"taxable","17":"shipping-taxable","18":"purchasable","19":"product-type-variable","20":"has-product-nav","21":"col","22":"span_1_of_3","23":"owp-content-center","24":"owp-thumbs-layout-horizontal","25":"owp-btn-normal","26":"owp-tabs-layout-horizontal"},"yoast_head":"<!-- This site is optimized with the Yoast SEO plugin v27.3 - https:\/\/yoast.com\/product\/yoast-seo-wordpress\/ -->\n<title>Edred\u00e3o de Ver\u00e3o Hipoalerg\u00e9nico &amp; Anti-\u00c1caros | V\u00e1rias cores<\/title>\n<meta name=\"description\" content=\"Edred\u00e3o de Ver\u00e3o (200 GR) para camas de solteiro e casal. Microfibra premium anti-alerg\u00e9nica no interior e exterior. Toque macio e fresco.\" \/>\n<meta name=\"robots\" content=\"index, follow, max-snippet:-1, max-image-preview:large, max-video-preview:-1\" \/>\n<link rel=\"canonical\" href=\"https:\/\/www.lecamaleon.com\/fr\/produit\/edredao\/\" \/>\n<meta property=\"og:locale\" content=\"fr_FR\" \/>\n<meta property=\"og:type\" content=\"article\" \/>\n<meta property=\"og:title\" content=\"Edred\u00e3o de Ver\u00e3o Hipoalerg\u00e9nico &amp; Anti-\u00c1caros | V\u00e1rias cores\" \/>\n<meta property=\"og:description\" content=\"Edred\u00e3o de Ver\u00e3o (200 GR) para camas de solteiro e casal. Microfibra premium anti-alerg\u00e9nica no interior e exterior. Toque macio e fresco.\" \/>\n<meta property=\"og:url\" content=\"https:\/\/www.lecamaleon.com\/fr\/produit\/edredao\/\" \/>\n<meta property=\"og:site_name\" content=\"Lecamaleon\" \/>\n<meta property=\"article:publisher\" content=\"https:\/\/www.facebook.com\/lecamaleon\" \/>\n<meta property=\"article:modified_time\" content=\"2026-03-12T02:21:43+00:00\" \/>\n<meta property=\"og:image\" content=\"https:\/\/www.lecamaleon.com\/wp-content\/uploads\/2024\/05\/edredao-bege-azul.jpg\" \/>\n\t<meta property=\"og:image:width\" content=\"1080\" \/>\n\t<meta property=\"og:image:height\" content=\"1440\" \/>\n\t<meta property=\"og:image:type\" content=\"image\/jpeg\" \/>\n<meta name=\"twitter:card\" content=\"summary_large_image\" \/>\n<meta name=\"twitter:label1\" content=\"Dur\u00e9e de lecture estim\u00e9e\" \/>\n\t<meta name=\"twitter:data1\" content=\"2 minutes\" \/>\n<script type=\"application\/ld+json\" class=\"yoast-schema-graph\">{\"@context\":\"https:\\\/\\\/schema.org\",\"@graph\":[{\"@type\":\"WebPage\",\"@id\":\"https:\\\/\\\/www.lecamaleon.com\\\/produto\\\/edredao\\\/\",\"url\":\"https:\\\/\\\/www.lecamaleon.com\\\/produto\\\/edredao\\\/\",\"name\":\"Edred\u00e3o de Ver\u00e3o Hipoalerg\u00e9nico & Anti-\u00c1caros | V\u00e1rias cores\",\"isPartOf\":{\"@id\":\"https:\\\/\\\/www.lecamaleon.com\\\/#website\"},\"primaryImageOfPage\":{\"@id\":\"https:\\\/\\\/www.lecamaleon.com\\\/produto\\\/edredao\\\/#primaryimage\"},\"image\":{\"@id\":\"https:\\\/\\\/www.lecamaleon.com\\\/produto\\\/edredao\\\/#primaryimage\"},\"thumbnailUrl\":\"https:\\\/\\\/www.lecamaleon.com\\\/wp-content\\\/uploads\\\/2024\\\/05\\\/edredao-bege-azul.jpg\",\"datePublished\":\"2024-05-22T11:53:13+00:00\",\"dateModified\":\"2026-03-12T02:21:43+00:00\",\"description\":\"Edred\u00e3o de Ver\u00e3o (200 GR) para camas de solteiro e casal. Microfibra premium anti-alerg\u00e9nica no interior e exterior. Toque macio e fresco.\",\"breadcrumb\":{\"@id\":\"https:\\\/\\\/www.lecamaleon.com\\\/produto\\\/edredao\\\/#breadcrumb\"},\"inLanguage\":\"fr-FR\",\"potentialAction\":[{\"@type\":\"ReadAction\",\"target\":[\"https:\\\/\\\/www.lecamaleon.com\\\/produto\\\/edredao\\\/\"]}]},{\"@type\":\"ImageObject\",\"inLanguage\":\"fr-FR\",\"@id\":\"https:\\\/\\\/www.lecamaleon.com\\\/produto\\\/edredao\\\/#primaryimage\",\"url\":\"https:\\\/\\\/www.lecamaleon.com\\\/wp-content\\\/uploads\\\/2024\\\/05\\\/edredao-bege-azul.jpg\",\"contentUrl\":\"https:\\\/\\\/www.lecamaleon.com\\\/wp-content\\\/uploads\\\/2024\\\/05\\\/edredao-bege-azul.jpg\",\"width\":1080,\"height\":1440,\"caption\":\"Edred\u00e3o de Ver\u00e3o para cama de solteiro e casal.\"},{\"@type\":\"BreadcrumbList\",\"@id\":\"https:\\\/\\\/www.lecamaleon.com\\\/produto\\\/edredao\\\/#breadcrumb\",\"itemListElement\":[{\"@type\":\"ListItem\",\"position\":1,\"name\":\"In\u00edcio\",\"item\":\"https:\\\/\\\/www.lecamaleon.com\\\/\"},{\"@type\":\"ListItem\",\"position\":2,\"name\":\"Loja\",\"item\":\"https:\\\/\\\/www.lecamaleon.com\\\/loja\\\/\"},{\"@type\":\"ListItem\",\"position\":3,\"name\":\"Edred\u00e3o de Ver\u00e3o\"}]},{\"@type\":\"WebSite\",\"@id\":\"https:\\\/\\\/www.lecamaleon.com\\\/#website\",\"url\":\"https:\\\/\\\/www.lecamaleon.com\\\/\",\"name\":\"Lecamaleon.com\",\"description\":\"Loja online de t\u00eaxtil-lar com produtos fabricados em Portugal aos melhores pre\u00e7os: edred\u00f5es, almofadas de dormir, len\u00e7\u00f3is de linho, len\u00e7\u00f3is de cetim e mais.\",\"publisher\":{\"@id\":\"https:\\\/\\\/www.lecamaleon.com\\\/#organization\"},\"alternateName\":\"LeCamaleon\",\"potentialAction\":[{\"@type\":\"SearchAction\",\"target\":{\"@type\":\"EntryPoint\",\"urlTemplate\":\"https:\\\/\\\/www.lecamaleon.com\\\/?s={search_term_string}\"},\"query-input\":{\"@type\":\"PropertyValueSpecification\",\"valueRequired\":true,\"valueName\":\"search_term_string\"}}],\"inLanguage\":\"fr-FR\"},{\"@type\":\"Organization\",\"@id\":\"https:\\\/\\\/www.lecamaleon.com\\\/#organization\",\"name\":\"Lecamaleon.com\",\"url\":\"https:\\\/\\\/www.lecamaleon.com\\\/\",\"logo\":{\"@type\":\"ImageObject\",\"inLanguage\":\"fr-FR\",\"@id\":\"https:\\\/\\\/www.lecamaleon.com\\\/#\\\/schema\\\/logo\\\/image\\\/\",\"url\":\"https:\\\/\\\/www.lecamaleon.com\\\/wp-content\\\/uploads\\\/2023\\\/02\\\/cropped-Logo-512x512-1.png\",\"contentUrl\":\"https:\\\/\\\/www.lecamaleon.com\\\/wp-content\\\/uploads\\\/2023\\\/02\\\/cropped-Logo-512x512-1.png\",\"width\":512,\"height\":512,\"caption\":\"Lecamaleon.com\"},\"image\":{\"@id\":\"https:\\\/\\\/www.lecamaleon.com\\\/#\\\/schema\\\/logo\\\/image\\\/\"},\"sameAs\":[\"https:\\\/\\\/www.facebook.com\\\/lecamaleon\",\"https:\\\/\\\/www.instagram.com\\\/le.camaleon\\\/\",\"https:\\\/\\\/www.threads.net\\\/@le.camaleon\"]}]}<\/script>\n<!-- \/ Yoast SEO plugin. -->","yoast_head_json":{"title":"Edred\u00e3o de Ver\u00e3o Hipoalerg\u00e9nico & Anti-\u00c1caros | V\u00e1rias cores","description":"Edred\u00e3o de Ver\u00e3o (200 GR) para camas de solteiro e casal. Microfibra premium anti-alerg\u00e9nica no interior e exterior. Toque macio e fresco.","robots":{"index":"index","follow":"follow","max-snippet":"max-snippet:-1","max-image-preview":"max-image-preview:large","max-video-preview":"max-video-preview:-1"},"canonical":"https:\/\/www.lecamaleon.com\/fr\/produit\/edredao\/","og_locale":"fr_FR","og_type":"article","og_title":"Edred\u00e3o de Ver\u00e3o Hipoalerg\u00e9nico & Anti-\u00c1caros | V\u00e1rias cores","og_description":"Edred\u00e3o de Ver\u00e3o (200 GR) para camas de solteiro e casal. Microfibra premium anti-alerg\u00e9nica no interior e exterior. Toque macio e fresco.","og_url":"https:\/\/www.lecamaleon.com\/fr\/produit\/edredao\/","og_site_name":"Lecamaleon","article_publisher":"https:\/\/www.facebook.com\/lecamaleon","article_modified_time":"2026-03-12T02:21:43+00:00","og_image":[{"width":1080,"height":1440,"url":"https:\/\/www.lecamaleon.com\/wp-content\/uploads\/2024\/05\/edredao-bege-azul.jpg","type":"image\/jpeg"}],"twitter_card":"summary_large_image","twitter_misc":{"Dur\u00e9e de lecture estim\u00e9e":"2 minutes"},"schema":{"@context":"https:\/\/schema.org","@graph":[{"@type":"WebPage","@id":"https:\/\/www.lecamaleon.com\/produto\/edredao\/","url":"https:\/\/www.lecamaleon.com\/produto\/edredao\/","name":"Edred\u00e3o de Ver\u00e3o Hipoalerg\u00e9nico & Anti-\u00c1caros | V\u00e1rias cores","isPartOf":{"@id":"https:\/\/www.lecamaleon.com\/#website"},"primaryImageOfPage":{"@id":"https:\/\/www.lecamaleon.com\/produto\/edredao\/#primaryimage"},"image":{"@id":"https:\/\/www.lecamaleon.com\/produto\/edredao\/#primaryimage"},"thumbnailUrl":"https:\/\/www.lecamaleon.com\/wp-content\/uploads\/2024\/05\/edredao-bege-azul.jpg","datePublished":"2024-05-22T11:53:13+00:00","dateModified":"2026-03-12T02:21:43+00:00","description":"Edred\u00e3o de Ver\u00e3o (200 GR) para camas de solteiro e casal. Microfibra premium anti-alerg\u00e9nica no interior e exterior. Toque macio e fresco.","breadcrumb":{"@id":"https:\/\/www.lecamaleon.com\/produto\/edredao\/#breadcrumb"},"inLanguage":"fr-FR","potentialAction":[{"@type":"ReadAction","target":["https:\/\/www.lecamaleon.com\/produto\/edredao\/"]}]},{"@type":"ImageObject","inLanguage":"fr-FR","@id":"https:\/\/www.lecamaleon.com\/produto\/edredao\/#primaryimage","url":"https:\/\/www.lecamaleon.com\/wp-content\/uploads\/2024\/05\/edredao-bege-azul.jpg","contentUrl":"https:\/\/www.lecamaleon.com\/wp-content\/uploads\/2024\/05\/edredao-bege-azul.jpg","width":1080,"height":1440,"caption":"Edred\u00e3o de Ver\u00e3o para cama de solteiro e casal."},{"@type":"BreadcrumbList","@id":"https:\/\/www.lecamaleon.com\/produto\/edredao\/#breadcrumb","itemListElement":[{"@type":"ListItem","position":1,"name":"In\u00edcio","item":"https:\/\/www.lecamaleon.com\/"},{"@type":"ListItem","position":2,"name":"Loja","item":"https:\/\/www.lecamaleon.com\/loja\/"},{"@type":"ListItem","position":3,"name":"Edred\u00e3o de Ver\u00e3o"}]},{"@type":"WebSite","@id":"https:\/\/www.lecamaleon.com\/#website","url":"https:\/\/www.lecamaleon.com\/","name":"Lecamaleon.com","description":"Loja online de t\u00eaxtil-lar com produtos fabricados em Portugal aos melhores pre\u00e7os: edred\u00f5es, almofadas de dormir, len\u00e7\u00f3is de linho, len\u00e7\u00f3is de cetim e mais.","publisher":{"@id":"https:\/\/www.lecamaleon.com\/#organization"},"alternateName":"LeCamaleon","potentialAction":[{"@type":"SearchAction","target":{"@type":"EntryPoint","urlTemplate":"https:\/\/www.lecamaleon.com\/?s={search_term_string}"},"query-input":{"@type":"PropertyValueSpecification","valueRequired":true,"valueName":"search_term_string"}}],"inLanguage":"fr-FR"},{"@type":"Organization","@id":"https:\/\/www.lecamaleon.com\/#organization","name":"Lecamaleon.com","url":"https:\/\/www.lecamaleon.com\/","logo":{"@type":"ImageObject","inLanguage":"fr-FR","@id":"https:\/\/www.lecamaleon.com\/#\/schema\/logo\/image\/","url":"https:\/\/www.lecamaleon.com\/wp-content\/uploads\/2023\/02\/cropped-Logo-512x512-1.png","contentUrl":"https:\/\/www.lecamaleon.com\/wp-content\/uploads\/2023\/02\/cropped-Logo-512x512-1.png","width":512,"height":512,"caption":"Lecamaleon.com"},"image":{"@id":"https:\/\/www.lecamaleon.com\/#\/schema\/logo\/image\/"},"sameAs":["https:\/\/www.facebook.com\/lecamaleon","https:\/\/www.instagram.com\/le.camaleon\/","https:\/\/www.threads.net\/@le.camaleon"]}]}},"_links":{"self":[{"href":"https:\/\/www.lecamaleon.com\/fr\/wp-json\/wp\/v2\/product\/2809","targetHints":{"allow":["GET"]}}],"collection":[{"href":"https:\/\/www.lecamaleon.com\/fr\/wp-json\/wp\/v2\/product"}],"about":[{"href":"https:\/\/www.lecamaleon.com\/fr\/wp-json\/wp\/v2\/types\/product"}],"replies":[{"embeddable":true,"href":"https:\/\/www.lecamaleon.com\/fr\/wp-json\/wp\/v2\/comments?post=2809"}],"wp:featuredmedia":[{"embeddable":true,"href":"https:\/\/www.lecamaleon.com\/fr\/wp-json\/wp\/v2\/media\/2811"}],"wp:attachment":[{"href":"https:\/\/www.lecamaleon.com\/fr\/wp-json\/wp\/v2\/media?parent=2809"}],"wp:term":[{"taxonomy":"product_brand","embeddable":true,"href":"https:\/\/www.lecamaleon.com\/fr\/wp-json\/wp\/v2\/product_brand?post=2809"},{"taxonomy":"product_cat","embeddable":true,"href":"https:\/\/www.lecamaleon.com\/fr\/wp-json\/wp\/v2\/product_cat?post=2809"},{"taxonomy":"product_tag","embeddable":true,"href":"https:\/\/www.lecamaleon.com\/fr\/wp-json\/wp\/v2\/product_tag?post=2809"}],"curies":[{"name":"wp","href":"https:\/\/api.w.org\/{rel}","templated":true}]}}