{"id":3373,"date":"2024-10-21T15:59:29","date_gmt":"2024-10-21T15:59:29","guid":{"rendered":"https:\/\/www.lecamaleon.com\/?post_type=product&#038;p=3373"},"modified":"2026-02-14T23:56:05","modified_gmt":"2026-02-14T23:56:05","slug":"capa-de-edredao-em-percal-bege","status":"publish","type":"product","link":"https:\/\/www.lecamaleon.com\/fr\/produit\/capa-de-edredao-em-percal-bege\/","title":{"rendered":"Capa de Edred\u00e3o em Percal Bege"},"content":{"rendered":"<h2>O que \u00e9 o Percal e qual a vantagem de comprar uma capa de percal?<\/h2>\n<p>O percal \u00e9 um tipo de tecido que adv\u00e9m de uma t\u00e9cnica espec\u00edfica de tecelagem em que dois fios s\u00e3o cruzados. H\u00e1 v\u00e1rios tipos de Percal no mercado, mas o melhor, mais suave e natural \u00e9 aquele composto por 100% algod\u00e3o.<\/p>\n<p>O tipo de percal com que trabalhamos \u00e9 feito com fios de algod\u00e3o longos e penteados, o que garante um\u00a0 toque macio e sedoso. Tamb\u00e9m permite um circula\u00e7\u00e3o mais livre do ar, proporcionando uma sensa\u00e7\u00e3o de frescura e conforto enquanto dorme.<\/p>\n<p>Garantimos resist\u00eancia a lavagens frequentes e alta qualidade nas nossas capas de percal. Experimente e descubra um novo patamar de conforto na sua cama.<\/p>","protected":false},"excerpt":{"rendered":"<p>Capa de Edred\u00e3o fabricada em Percal Bege<\/p>\n<p>As capas de edred\u00e3o em percal da LeCamaleon t\u00eam uma <strong>composi\u00e7\u00e3o de 100% algod\u00e3o<\/strong> e s\u00e3o fabricadas com elevados padr\u00f5es de qualidade. Garantimos o seguinte:<\/p>\n<ul>\n<li><strong>Suavidade<\/strong>: o Percal \u00e9 conhecido por ter uma textura macia e suave; \u00e9 ideal para peles sens\u00edveis e maior conforto enquanto dorme;<\/li>\n<li><strong>Respirabilidade<\/strong>: o tecido em Percal \u00e9 altamente respir\u00e1vel e mant\u00e9m o corpo \u00e0 temperatura ideal para que durma melhor;<\/li>\n<li><strong>Durabilidade:\u00a0<\/strong>os len\u00e7\u00f3is de Percal da LeCamaleon s\u00e3o resistentes a rugas e desbotamentos, mesmo ap\u00f3s m\u00faltiplas lavagens<\/li>\n<li><strong>F\u00e1cil de cuidar:\u00a0<\/strong>Pode lavar os len\u00e7\u00f3is na m\u00e1quina a 30\u00ba graus e usar a m\u00e1quina de secar num programa para tecidos delicados.<\/li>\n<\/ul>\n<p>&nbsp;<\/p>\n<p><strong>Conjunto completo de percal para a sua cama:<\/strong><\/p>\n<ul>\n<li><a href=\"https:\/\/www.lecamaleon.com\/fr\/produit\/lencol-percal-bege\/\">Drap de dessus en percale beige<\/a><\/li>\n<li><a href=\"https:\/\/www.lecamaleon.com\/fr\/produit\/lencol-ajustavel-percal-bege\/\">Len\u00e7ol ajust\u00e1vel em Percal Bege<\/a><\/li>\n<li><a href=\"https:\/\/www.lecamaleon.com\/fr\/produit\/capa-de-edredao-em-percal-bege\/\">Capa de Edred\u00e3o em Percal Bege<\/a><\/li>\n<\/ul>\n<p>&nbsp;<\/p>\n<p>Temos medidas para\u00a0<strong>camas de solteiro, casal, queen e king size<\/strong>. Escolha a sua medida em baixo; se n\u00e3o encontra o tamanho que deseja, tamb\u00e9m\u00a0<a href=\"https:\/\/www.lecamaleon.com\/fr\/encomendas-por-medida-ou-personalizadas\/\">fazemos tamanhos personalizados<\/a>.<\/p>\n<p>Os produtos da LeCameleon s\u00e3o\u00a0<strong>fabricados em Portugal<\/strong>, diretamente da nossa f\u00e1brica para a sua casa, e t\u00eam certifica\u00e7\u00e3o\u00a0<a href=\"https:\/\/www.oeko-tex.com\/en\/our-standards\/oeko-tex-standard-100\">OEKO-TEX\u00ae STANDARD 100<\/a>.<\/p>","protected":false},"featured_media":3382,"comment_status":"open","ping_status":"closed","template":"","meta":{"ocean_post_layout":"","ocean_both_sidebars_style":"","ocean_both_sidebars_content_width":0,"ocean_both_sidebars_sidebars_width":0,"ocean_sidebar":"0","ocean_second_sidebar":"0","ocean_disable_margins":"enable","ocean_add_body_class":"","ocean_shortcode_before_top_bar":"","ocean_shortcode_after_top_bar":"","ocean_shortcode_before_header":"","ocean_shortcode_after_header":"","ocean_has_shortcode":"","ocean_shortcode_after_title":"","ocean_shortcode_before_footer_widgets":"","ocean_shortcode_after_footer_widgets":"","ocean_shortcode_before_footer_bottom":"","ocean_shortcode_after_footer_bottom":"","ocean_display_top_bar":"default","ocean_display_header":"default","ocean_header_style":"","ocean_center_header_left_menu":"0","ocean_custom_header_template":"0","ocean_custom_logo":0,"ocean_custom_retina_logo":0,"ocean_custom_logo_max_width":0,"ocean_custom_logo_tablet_max_width":0,"ocean_custom_logo_mobile_max_width":0,"ocean_custom_logo_max_height":0,"ocean_custom_logo_tablet_max_height":0,"ocean_custom_logo_mobile_max_height":0,"ocean_header_custom_menu":"0","ocean_menu_typo_font_family":"0","ocean_menu_typo_font_subset":"","ocean_menu_typo_font_size":0,"ocean_menu_typo_font_size_tablet":0,"ocean_menu_typo_font_size_mobile":0,"ocean_menu_typo_font_size_unit":"px","ocean_menu_typo_font_weight":"","ocean_menu_typo_font_weight_tablet":"","ocean_menu_typo_font_weight_mobile":"","ocean_menu_typo_transform":"","ocean_menu_typo_transform_tablet":"","ocean_menu_typo_transform_mobile":"","ocean_menu_typo_line_height":0,"ocean_menu_typo_line_height_tablet":0,"ocean_menu_typo_line_height_mobile":0,"ocean_menu_typo_line_height_unit":"","ocean_menu_typo_spacing":0,"ocean_menu_typo_spacing_tablet":0,"ocean_menu_typo_spacing_mobile":0,"ocean_menu_typo_spacing_unit":"","ocean_menu_link_color":"","ocean_menu_link_color_hover":"","ocean_menu_link_color_active":"","ocean_menu_link_background":"","ocean_menu_link_hover_background":"","ocean_menu_link_active_background":"","ocean_menu_social_links_bg":"","ocean_menu_social_hover_links_bg":"","ocean_menu_social_links_color":"","ocean_menu_social_hover_links_color":"","ocean_disable_title":"default","ocean_disable_heading":"default","ocean_post_title":"","ocean_post_subheading":"","ocean_post_title_style":"","ocean_post_title_background_color":"","ocean_post_title_background":0,"ocean_post_title_bg_image_position":"","ocean_post_title_bg_image_attachment":"","ocean_post_title_bg_image_repeat":"","ocean_post_title_bg_image_size":"","ocean_post_title_height":0,"ocean_post_title_bg_overlay":0.5,"ocean_post_title_bg_overlay_color":"","ocean_disable_breadcrumbs":"default","ocean_breadcrumbs_color":"","ocean_breadcrumbs_separator_color":"","ocean_breadcrumbs_links_color":"","ocean_breadcrumbs_links_hover_color":"","ocean_display_footer_widgets":"default","ocean_display_footer_bottom":"default","ocean_custom_footer_template":"0"},"product_brand":[],"product_cat":[149,73],"product_tag":[150,145,108],"class_list":{"0":"post-3373","1":"product","2":"type-product","3":"status-publish","4":"has-post-thumbnail","6":"product_cat-capas-de-edredao","7":"product_cat-roupa-de-cama","8":"product_tag-capa-de-edredao","9":"product_tag-percal","10":"product_tag-roupa-de-cama","12":"entry","13":"has-media","15":"first","16":"instock","17":"taxable","18":"shipping-taxable","19":"purchasable","20":"product-type-variable","21":"has-product-nav","22":"col","23":"span_1_of_3","24":"owp-content-center","25":"owp-thumbs-layout-horizontal","26":"owp-btn-normal","27":"owp-tabs-layout-horizontal"},"yoast_head":"<!-- This site is optimized with the Yoast SEO plugin v27.4 - https:\/\/yoast.com\/product\/yoast-seo-wordpress\/ -->\n<title>Capa de Edred\u00e3o em Percal Bege | Conforto e durabilidade<\/title>\n<meta name=\"description\" content=\"Capa de Edred\u00e3o fabricada em Percal Bege. Garantimos durabilidade e suavidade m\u00e1xima. Composi\u00e7\u00e3o 100% Algod\u00e3o. Para cama de solteiro e casal.\" \/>\n<meta name=\"robots\" content=\"index, follow, max-snippet:-1, max-image-preview:large, max-video-preview:-1\" \/>\n<link rel=\"canonical\" href=\"https:\/\/www.lecamaleon.com\/fr\/produit\/capa-de-edredao-em-percal-bege\/\" \/>\n<meta property=\"og:locale\" content=\"fr_FR\" \/>\n<meta property=\"og:type\" content=\"article\" \/>\n<meta property=\"og:title\" content=\"Capa de Edred\u00e3o em Percal Bege | Conforto e durabilidade\" \/>\n<meta property=\"og:description\" content=\"Capa de Edred\u00e3o fabricada em Percal Bege. Garantimos durabilidade e suavidade m\u00e1xima. Composi\u00e7\u00e3o 100% Algod\u00e3o. Para cama de solteiro e casal.\" \/>\n<meta property=\"og:url\" content=\"https:\/\/www.lecamaleon.com\/fr\/produit\/capa-de-edredao-em-percal-bege\/\" \/>\n<meta property=\"og:site_name\" content=\"Lecamaleon\" \/>\n<meta property=\"article:publisher\" content=\"https:\/\/www.facebook.com\/lecamaleon\" \/>\n<meta property=\"article:modified_time\" content=\"2026-02-14T23:56:05+00:00\" \/>\n<meta property=\"og:image\" content=\"https:\/\/www.lecamaleon.com\/wp-content\/uploads\/2024\/10\/capa-percal-bege.jpg\" \/>\n\t<meta property=\"og:image:width\" content=\"1080\" \/>\n\t<meta property=\"og:image:height\" content=\"1440\" \/>\n\t<meta property=\"og:image:type\" content=\"image\/jpeg\" \/>\n<meta name=\"twitter:card\" content=\"summary_large_image\" \/>\n<meta name=\"twitter:label1\" content=\"Dur\u00e9e de lecture estim\u00e9e\" \/>\n\t<meta name=\"twitter:data1\" content=\"1 minute\" \/>\n<script type=\"application\/ld+json\" class=\"yoast-schema-graph\">{\"@context\":\"https:\\\/\\\/schema.org\",\"@graph\":[{\"@type\":\"WebPage\",\"@id\":\"https:\\\/\\\/www.lecamaleon.com\\\/produto\\\/capa-de-edredao-em-percal-bege\\\/\",\"url\":\"https:\\\/\\\/www.lecamaleon.com\\\/produto\\\/capa-de-edredao-em-percal-bege\\\/\",\"name\":\"Capa de Edred\u00e3o em Percal Bege | Conforto e durabilidade\",\"isPartOf\":{\"@id\":\"https:\\\/\\\/www.lecamaleon.com\\\/#website\"},\"primaryImageOfPage\":{\"@id\":\"https:\\\/\\\/www.lecamaleon.com\\\/produto\\\/capa-de-edredao-em-percal-bege\\\/#primaryimage\"},\"image\":{\"@id\":\"https:\\\/\\\/www.lecamaleon.com\\\/produto\\\/capa-de-edredao-em-percal-bege\\\/#primaryimage\"},\"thumbnailUrl\":\"https:\\\/\\\/www.lecamaleon.com\\\/wp-content\\\/uploads\\\/2024\\\/10\\\/capa-percal-bege.jpg\",\"datePublished\":\"2024-10-21T15:59:29+00:00\",\"dateModified\":\"2026-02-14T23:56:05+00:00\",\"description\":\"Capa de Edred\u00e3o fabricada em Percal Bege. Garantimos durabilidade e suavidade m\u00e1xima. Composi\u00e7\u00e3o 100% Algod\u00e3o. Para cama de solteiro e casal.\",\"breadcrumb\":{\"@id\":\"https:\\\/\\\/www.lecamaleon.com\\\/produto\\\/capa-de-edredao-em-percal-bege\\\/#breadcrumb\"},\"inLanguage\":\"fr-FR\",\"potentialAction\":[{\"@type\":\"ReadAction\",\"target\":[\"https:\\\/\\\/www.lecamaleon.com\\\/produto\\\/capa-de-edredao-em-percal-bege\\\/\"]}]},{\"@type\":\"ImageObject\",\"inLanguage\":\"fr-FR\",\"@id\":\"https:\\\/\\\/www.lecamaleon.com\\\/produto\\\/capa-de-edredao-em-percal-bege\\\/#primaryimage\",\"url\":\"https:\\\/\\\/www.lecamaleon.com\\\/wp-content\\\/uploads\\\/2024\\\/10\\\/capa-percal-bege.jpg\",\"contentUrl\":\"https:\\\/\\\/www.lecamaleon.com\\\/wp-content\\\/uploads\\\/2024\\\/10\\\/capa-percal-bege.jpg\",\"width\":1080,\"height\":1440,\"caption\":\"Capa de Edred\u00e3o em percal bege para camas de solteiro e casal da marca LeCamaleon.\"},{\"@type\":\"BreadcrumbList\",\"@id\":\"https:\\\/\\\/www.lecamaleon.com\\\/produto\\\/capa-de-edredao-em-percal-bege\\\/#breadcrumb\",\"itemListElement\":[{\"@type\":\"ListItem\",\"position\":1,\"name\":\"In\u00edcio\",\"item\":\"https:\\\/\\\/www.lecamaleon.com\\\/\"},{\"@type\":\"ListItem\",\"position\":2,\"name\":\"Loja\",\"item\":\"https:\\\/\\\/www.lecamaleon.com\\\/loja\\\/\"},{\"@type\":\"ListItem\",\"position\":3,\"name\":\"Capa de Edred\u00e3o em Percal Bege\"}]},{\"@type\":\"WebSite\",\"@id\":\"https:\\\/\\\/www.lecamaleon.com\\\/#website\",\"url\":\"https:\\\/\\\/www.lecamaleon.com\\\/\",\"name\":\"Lecamaleon.com\",\"description\":\"Loja online de t\u00eaxtil-lar com produtos fabricados em Portugal aos melhores pre\u00e7os: edred\u00f5es, almofadas de dormir, len\u00e7\u00f3is de linho, len\u00e7\u00f3is de cetim e mais.\",\"publisher\":{\"@id\":\"https:\\\/\\\/www.lecamaleon.com\\\/#organization\"},\"alternateName\":\"LeCamaleon\",\"potentialAction\":[{\"@type\":\"SearchAction\",\"target\":{\"@type\":\"EntryPoint\",\"urlTemplate\":\"https:\\\/\\\/www.lecamaleon.com\\\/?s={search_term_string}\"},\"query-input\":{\"@type\":\"PropertyValueSpecification\",\"valueRequired\":true,\"valueName\":\"search_term_string\"}}],\"inLanguage\":\"fr-FR\"},{\"@type\":\"Organization\",\"@id\":\"https:\\\/\\\/www.lecamaleon.com\\\/#organization\",\"name\":\"Lecamaleon.com\",\"url\":\"https:\\\/\\\/www.lecamaleon.com\\\/\",\"logo\":{\"@type\":\"ImageObject\",\"inLanguage\":\"fr-FR\",\"@id\":\"https:\\\/\\\/www.lecamaleon.com\\\/#\\\/schema\\\/logo\\\/image\\\/\",\"url\":\"https:\\\/\\\/www.lecamaleon.com\\\/wp-content\\\/uploads\\\/2023\\\/02\\\/cropped-Logo-512x512-1.png\",\"contentUrl\":\"https:\\\/\\\/www.lecamaleon.com\\\/wp-content\\\/uploads\\\/2023\\\/02\\\/cropped-Logo-512x512-1.png\",\"width\":512,\"height\":512,\"caption\":\"Lecamaleon.com\"},\"image\":{\"@id\":\"https:\\\/\\\/www.lecamaleon.com\\\/#\\\/schema\\\/logo\\\/image\\\/\"},\"sameAs\":[\"https:\\\/\\\/www.facebook.com\\\/lecamaleon\",\"https:\\\/\\\/www.instagram.com\\\/le.camaleon\\\/\",\"https:\\\/\\\/www.threads.net\\\/@le.camaleon\"]}]}<\/script>\n<!-- \/ Yoast SEO plugin. -->","yoast_head_json":{"title":"Capa de Edred\u00e3o em Percal Bege | Conforto e durabilidade","description":"Capa de Edred\u00e3o fabricada em Percal Bege. Garantimos durabilidade e suavidade m\u00e1xima. Composi\u00e7\u00e3o 100% Algod\u00e3o. Para cama de solteiro e casal.","robots":{"index":"index","follow":"follow","max-snippet":"max-snippet:-1","max-image-preview":"max-image-preview:large","max-video-preview":"max-video-preview:-1"},"canonical":"https:\/\/www.lecamaleon.com\/fr\/produit\/capa-de-edredao-em-percal-bege\/","og_locale":"fr_FR","og_type":"article","og_title":"Capa de Edred\u00e3o em Percal Bege | Conforto e durabilidade","og_description":"Capa de Edred\u00e3o fabricada em Percal Bege. Garantimos durabilidade e suavidade m\u00e1xima. Composi\u00e7\u00e3o 100% Algod\u00e3o. Para cama de solteiro e casal.","og_url":"https:\/\/www.lecamaleon.com\/fr\/produit\/capa-de-edredao-em-percal-bege\/","og_site_name":"Lecamaleon","article_publisher":"https:\/\/www.facebook.com\/lecamaleon","article_modified_time":"2026-02-14T23:56:05+00:00","og_image":[{"width":1080,"height":1440,"url":"https:\/\/www.lecamaleon.com\/wp-content\/uploads\/2024\/10\/capa-percal-bege.jpg","type":"image\/jpeg"}],"twitter_card":"summary_large_image","twitter_misc":{"Dur\u00e9e de lecture estim\u00e9e":"1 minute"},"schema":{"@context":"https:\/\/schema.org","@graph":[{"@type":"WebPage","@id":"https:\/\/www.lecamaleon.com\/produto\/capa-de-edredao-em-percal-bege\/","url":"https:\/\/www.lecamaleon.com\/produto\/capa-de-edredao-em-percal-bege\/","name":"Capa de Edred\u00e3o em Percal Bege | Conforto e durabilidade","isPartOf":{"@id":"https:\/\/www.lecamaleon.com\/#website"},"primaryImageOfPage":{"@id":"https:\/\/www.lecamaleon.com\/produto\/capa-de-edredao-em-percal-bege\/#primaryimage"},"image":{"@id":"https:\/\/www.lecamaleon.com\/produto\/capa-de-edredao-em-percal-bege\/#primaryimage"},"thumbnailUrl":"https:\/\/www.lecamaleon.com\/wp-content\/uploads\/2024\/10\/capa-percal-bege.jpg","datePublished":"2024-10-21T15:59:29+00:00","dateModified":"2026-02-14T23:56:05+00:00","description":"Capa de Edred\u00e3o fabricada em Percal Bege. Garantimos durabilidade e suavidade m\u00e1xima. Composi\u00e7\u00e3o 100% Algod\u00e3o. Para cama de solteiro e casal.","breadcrumb":{"@id":"https:\/\/www.lecamaleon.com\/produto\/capa-de-edredao-em-percal-bege\/#breadcrumb"},"inLanguage":"fr-FR","potentialAction":[{"@type":"ReadAction","target":["https:\/\/www.lecamaleon.com\/produto\/capa-de-edredao-em-percal-bege\/"]}]},{"@type":"ImageObject","inLanguage":"fr-FR","@id":"https:\/\/www.lecamaleon.com\/produto\/capa-de-edredao-em-percal-bege\/#primaryimage","url":"https:\/\/www.lecamaleon.com\/wp-content\/uploads\/2024\/10\/capa-percal-bege.jpg","contentUrl":"https:\/\/www.lecamaleon.com\/wp-content\/uploads\/2024\/10\/capa-percal-bege.jpg","width":1080,"height":1440,"caption":"Capa de Edred\u00e3o em percal bege para camas de solteiro e casal da marca LeCamaleon."},{"@type":"BreadcrumbList","@id":"https:\/\/www.lecamaleon.com\/produto\/capa-de-edredao-em-percal-bege\/#breadcrumb","itemListElement":[{"@type":"ListItem","position":1,"name":"In\u00edcio","item":"https:\/\/www.lecamaleon.com\/"},{"@type":"ListItem","position":2,"name":"Loja","item":"https:\/\/www.lecamaleon.com\/loja\/"},{"@type":"ListItem","position":3,"name":"Capa de Edred\u00e3o em Percal Bege"}]},{"@type":"WebSite","@id":"https:\/\/www.lecamaleon.com\/#website","url":"https:\/\/www.lecamaleon.com\/","name":"Lecamaleon.com","description":"Loja online de t\u00eaxtil-lar com produtos fabricados em Portugal aos melhores pre\u00e7os: edred\u00f5es, almofadas de dormir, len\u00e7\u00f3is de linho, len\u00e7\u00f3is de cetim e mais.","publisher":{"@id":"https:\/\/www.lecamaleon.com\/#organization"},"alternateName":"LeCamaleon","potentialAction":[{"@type":"SearchAction","target":{"@type":"EntryPoint","urlTemplate":"https:\/\/www.lecamaleon.com\/?s={search_term_string}"},"query-input":{"@type":"PropertyValueSpecification","valueRequired":true,"valueName":"search_term_string"}}],"inLanguage":"fr-FR"},{"@type":"Organization","@id":"https:\/\/www.lecamaleon.com\/#organization","name":"Lecamaleon.com","url":"https:\/\/www.lecamaleon.com\/","logo":{"@type":"ImageObject","inLanguage":"fr-FR","@id":"https:\/\/www.lecamaleon.com\/#\/schema\/logo\/image\/","url":"https:\/\/www.lecamaleon.com\/wp-content\/uploads\/2023\/02\/cropped-Logo-512x512-1.png","contentUrl":"https:\/\/www.lecamaleon.com\/wp-content\/uploads\/2023\/02\/cropped-Logo-512x512-1.png","width":512,"height":512,"caption":"Lecamaleon.com"},"image":{"@id":"https:\/\/www.lecamaleon.com\/#\/schema\/logo\/image\/"},"sameAs":["https:\/\/www.facebook.com\/lecamaleon","https:\/\/www.instagram.com\/le.camaleon\/","https:\/\/www.threads.net\/@le.camaleon"]}]}},"_links":{"self":[{"href":"https:\/\/www.lecamaleon.com\/fr\/wp-json\/wp\/v2\/product\/3373","targetHints":{"allow":["GET"]}}],"collection":[{"href":"https:\/\/www.lecamaleon.com\/fr\/wp-json\/wp\/v2\/product"}],"about":[{"href":"https:\/\/www.lecamaleon.com\/fr\/wp-json\/wp\/v2\/types\/product"}],"replies":[{"embeddable":true,"href":"https:\/\/www.lecamaleon.com\/fr\/wp-json\/wp\/v2\/comments?post=3373"}],"wp:featuredmedia":[{"embeddable":true,"href":"https:\/\/www.lecamaleon.com\/fr\/wp-json\/wp\/v2\/media\/3382"}],"wp:attachment":[{"href":"https:\/\/www.lecamaleon.com\/fr\/wp-json\/wp\/v2\/media?parent=3373"}],"wp:term":[{"taxonomy":"product_brand","embeddable":true,"href":"https:\/\/www.lecamaleon.com\/fr\/wp-json\/wp\/v2\/product_brand?post=3373"},{"taxonomy":"product_cat","embeddable":true,"href":"https:\/\/www.lecamaleon.com\/fr\/wp-json\/wp\/v2\/product_cat?post=3373"},{"taxonomy":"product_tag","embeddable":true,"href":"https:\/\/www.lecamaleon.com\/fr\/wp-json\/wp\/v2\/product_tag?post=3373"}],"curies":[{"name":"wp","href":"https:\/\/api.w.org\/{rel}","templated":true}]}}